{"id":14656,"date":"2017-05-11T10:58:54","date_gmt":"2017-05-11T10:58:54","guid":{"rendered":"https:\/\/renaix.com\/ueber-uns\/"},"modified":"2021-03-11T21:37:30","modified_gmt":"2021-03-11T21:37:30","slug":"ueber-uns","status":"publish","type":"page","link":"https:\/\/renaix.com\/de\/ueber-uns\/","title":{"rendered":"\u00dcber Uns"},"content":{"rendered":"<p><span style=\"font-weight: 400;\">Renaix ist eine internationale Personalberatung, die sich auf die Vermittlung von F\u00fchrungskr\u00e4ften, Finanz- und Wirtschaftspr\u00fcfern spezialisiert hat. <\/span>Wir verf\u00fcgen \u00fcber 20 Jahre Erfahrung und einen beneidenswerten Ruf auf diesem Gebiet und eine Kundenliste, die von us-amerikanischen und europ\u00e4ischen multinationalen Unternehmen dominiert wird und f\u00fcr Rollen in Europa, Nord- und S\u00fcdamerika, Asien und MEA rekrutiert.<\/p>\n<h3><strong>Unser globales Netzwerk <\/strong><\/h3>\n<p>Unsere Erfahrung bedeutet, dass wir \u00fcber ein umfassendes Netzwerk in der globalen Finanz- und Buchhaltungsbranche und ein tiefes Verst\u00e4ndnis der regulatorischen und kulturellen Anforderungen einzelner Territorien auf der ganzen Welt verf\u00fcgen.<\/p>\n<h3><strong>Unser ma\u00dfgeschneiderter Ansatz <\/strong><\/h3>\n<p>Im Gegensatz zu vielen Personalvermittlungsfirmen konzentrieren wir uns auf langfristige Beziehungen und gehen bei jedem Einsatz pers\u00f6nlich und professionell vor. Wir verbringen Zeit damit, die Bed\u00fcrfnisse von Kunden und Kandidaten zu verstehen, um den effizientesten und effektivsten Rekrutierungsprozess zu gew\u00e4hrleisten und die Erfolgsaussichten zu maximieren.<\/p>\n<h3><strong>Kontaktieren Sie uns <\/strong><\/h3>\n<p>Um sich mit Ihren Anforderungen in Verbindung zu setzen oder mit einem bestimmten Teammitglied zu sprechen, senden Sie uns bitte eine E-Mail an info@renaix.com oder rufen Sie uns an unter +44 (0)20 7553 6320.<\/p>\n","protected":false},"excerpt":{"rendered":"<p>Renaix ist eine internationale Personalberatung, die sich auf die Vermittlung von F\u00fchrungskr\u00e4ften, Finanz- und Wirtschaftspr\u00fcfern spezialisiert hat. Wir verf\u00fcgen \u00fcber 20 Jahre Erfahrung und einen beneidenswerten Ruf auf diesem Gebiet und eine Kundenliste, die von us-amerikanischen und europ\u00e4ischen multinationalen Unternehmen dominiert wird und f\u00fcr Rollen in Europa, Nord- und S\u00fcdamerika, Asien und MEA rekrutiert. Unser [&hellip;]<\/p>\n","protected":false},"author":4,"featured_media":0,"parent":0,"menu_order":0,"comment_status":"closed","ping_status":"closed","template":"","meta":{"_acf_changed":false,"footnotes":""},"class_list":["post-14656","page","type-page","status-publish","hentry"],"acf":[],"yoast_head":"<!-- This site is optimized with the Yoast SEO Premium plugin v27.6 (Yoast SEO v27.6) - https:\/\/yoast.com\/product\/yoast-seo-premium-wordpress\/ -->\n<title>Rekrutierung - F\u00fchrungskr\u00e4ften - Finanz - Wirtschaftspr\u00fcfern | Renaix<\/title>\n<meta name=\"description\" content=\"Renaix ist eine Personalberatung, die sich auf die Vermittlung von F\u00fchrungskr\u00e4ften, Finanz- und Wirtschaftspr\u00fcfern spezialisiert hat.\" \/>\n<meta name=\"robots\" content=\"index, follow, max-snippet:-1, max-image-preview:large, max-video-preview:-1\" \/>\n<link rel=\"canonical\" href=\"https:\/\/renaix.com\/de\/ueber-uns\/\" \/>\n<meta property=\"og:locale\" content=\"de_DE\" \/>\n<meta property=\"og:type\" content=\"article\" \/>\n<meta property=\"og:title\" content=\"\u00dcber Uns\" \/>\n<meta property=\"og:description\" content=\"Renaix ist eine Personalberatung, die sich auf die Vermittlung von F\u00fchrungskr\u00e4ften, Finanz- und Wirtschaftspr\u00fcfern spezialisiert hat.\" \/>\n<meta property=\"og:url\" content=\"https:\/\/renaix.com\/de\/ueber-uns\/\" \/>\n<meta property=\"og:site_name\" content=\"Renaix - Recruiting For The Future Of Global Business\" \/>\n<meta property=\"article:publisher\" content=\"https:\/\/www.facebook.com\/Renaix\" \/>\n<meta property=\"article:modified_time\" content=\"2021-03-11T21:37:30+00:00\" \/>\n<meta name=\"twitter:card\" content=\"summary_large_image\" \/>\n<meta name=\"twitter:site\" content=\"@renaixRec\" \/>\n<meta name=\"twitter:label1\" content=\"Gesch\u00e4tzte Lesezeit\" \/>\n\t<meta name=\"twitter:data1\" content=\"1\u00a0Minute\" \/>\n<script type=\"application\/ld+json\" class=\"yoast-schema-graph\">{\"@context\":\"https:\\\/\\\/schema.org\",\"@graph\":[{\"@type\":\"WebPage\",\"@id\":\"https:\\\/\\\/renaix.com\\\/de\\\/ueber-uns\\\/\",\"url\":\"https:\\\/\\\/renaix.com\\\/de\\\/ueber-uns\\\/\",\"name\":\"Rekrutierung - F\u00fchrungskr\u00e4ften - Finanz - Wirtschaftspr\u00fcfern | Renaix\",\"isPartOf\":{\"@id\":\"https:\\\/\\\/www.renaix.com\\\/de\\\/#website\"},\"datePublished\":\"2017-05-11T10:58:54+00:00\",\"dateModified\":\"2021-03-11T21:37:30+00:00\",\"description\":\"Renaix ist eine Personalberatung, die sich auf die Vermittlung von F\u00fchrungskr\u00e4ften, Finanz- und Wirtschaftspr\u00fcfern spezialisiert hat.\",\"breadcrumb\":{\"@id\":\"https:\\\/\\\/renaix.com\\\/de\\\/ueber-uns\\\/#breadcrumb\"},\"inLanguage\":\"de\",\"potentialAction\":[{\"@type\":\"ReadAction\",\"target\":[\"https:\\\/\\\/renaix.com\\\/de\\\/ueber-uns\\\/\"]}]},{\"@type\":\"BreadcrumbList\",\"@id\":\"https:\\\/\\\/renaix.com\\\/de\\\/ueber-uns\\\/#breadcrumb\",\"itemListElement\":[{\"@type\":\"ListItem\",\"position\":1,\"name\":\"Home\",\"item\":\"https:\\\/\\\/www.renaix.com\\\/de\\\/\"},{\"@type\":\"ListItem\",\"position\":2,\"name\":\"\u00dcber Uns\"}]},{\"@type\":\"WebSite\",\"@id\":\"https:\\\/\\\/www.renaix.com\\\/de\\\/#website\",\"url\":\"https:\\\/\\\/www.renaix.com\\\/de\\\/\",\"name\":\"Renaix - Recruiting For The Future Of Global Business\",\"description\":\"Renaix is an international recruitment and executive search consultancy, specialising in placing senior management, finance and audit professionals\",\"publisher\":{\"@id\":\"https:\\\/\\\/www.renaix.com\\\/de\\\/#organization\"},\"potentialAction\":[{\"@type\":\"SearchAction\",\"target\":{\"@type\":\"EntryPoint\",\"urlTemplate\":\"https:\\\/\\\/www.renaix.com\\\/de\\\/?s={search_term_string}\"},\"query-input\":{\"@type\":\"PropertyValueSpecification\",\"valueRequired\":true,\"valueName\":\"search_term_string\"}}],\"inLanguage\":\"de\"},{\"@type\":\"Organization\",\"@id\":\"https:\\\/\\\/www.renaix.com\\\/de\\\/#organization\",\"name\":\"Renaix Recruitment\",\"url\":\"https:\\\/\\\/www.renaix.com\\\/de\\\/\",\"logo\":{\"@type\":\"ImageObject\",\"inLanguage\":\"de\",\"@id\":\"https:\\\/\\\/www.renaix.com\\\/de\\\/#\\\/schema\\\/logo\\\/image\\\/\",\"url\":\"https:\\\/\\\/renaix.com\\\/wp-content\\\/uploads\\\/2017\\\/06\\\/renaix-logo-2.png\",\"contentUrl\":\"https:\\\/\\\/renaix.com\\\/wp-content\\\/uploads\\\/2017\\\/06\\\/renaix-logo-2.png\",\"width\":200,\"height\":32,\"caption\":\"Renaix Recruitment\"},\"image\":{\"@id\":\"https:\\\/\\\/www.renaix.com\\\/de\\\/#\\\/schema\\\/logo\\\/image\\\/\"},\"sameAs\":[\"https:\\\/\\\/www.facebook.com\\\/Renaix\",\"https:\\\/\\\/x.com\\\/renaixRec\",\"https:\\\/\\\/www.linkedin.com\\\/company\\\/renaix\\\/\"]}]}<\/script>\n<!-- \/ Yoast SEO Premium plugin. -->","yoast_head_json":{"title":"Rekrutierung - F\u00fchrungskr\u00e4ften - Finanz - Wirtschaftspr\u00fcfern | Renaix","description":"Renaix ist eine Personalberatung, die sich auf die Vermittlung von F\u00fchrungskr\u00e4ften, Finanz- und Wirtschaftspr\u00fcfern spezialisiert hat.","robots":{"index":"index","follow":"follow","max-snippet":"max-snippet:-1","max-image-preview":"max-image-preview:large","max-video-preview":"max-video-preview:-1"},"canonical":"https:\/\/renaix.com\/de\/ueber-uns\/","og_locale":"de_DE","og_type":"article","og_title":"\u00dcber Uns","og_description":"Renaix ist eine Personalberatung, die sich auf die Vermittlung von F\u00fchrungskr\u00e4ften, Finanz- und Wirtschaftspr\u00fcfern spezialisiert hat.","og_url":"https:\/\/renaix.com\/de\/ueber-uns\/","og_site_name":"Renaix - Recruiting For The Future Of Global Business","article_publisher":"https:\/\/www.facebook.com\/Renaix","article_modified_time":"2021-03-11T21:37:30+00:00","twitter_card":"summary_large_image","twitter_site":"@renaixRec","twitter_misc":{"Gesch\u00e4tzte Lesezeit":"1\u00a0Minute"},"schema":{"@context":"https:\/\/schema.org","@graph":[{"@type":"WebPage","@id":"https:\/\/renaix.com\/de\/ueber-uns\/","url":"https:\/\/renaix.com\/de\/ueber-uns\/","name":"Rekrutierung - F\u00fchrungskr\u00e4ften - Finanz - Wirtschaftspr\u00fcfern | Renaix","isPartOf":{"@id":"https:\/\/www.renaix.com\/de\/#website"},"datePublished":"2017-05-11T10:58:54+00:00","dateModified":"2021-03-11T21:37:30+00:00","description":"Renaix ist eine Personalberatung, die sich auf die Vermittlung von F\u00fchrungskr\u00e4ften, Finanz- und Wirtschaftspr\u00fcfern spezialisiert hat.","breadcrumb":{"@id":"https:\/\/renaix.com\/de\/ueber-uns\/#breadcrumb"},"inLanguage":"de","potentialAction":[{"@type":"ReadAction","target":["https:\/\/renaix.com\/de\/ueber-uns\/"]}]},{"@type":"BreadcrumbList","@id":"https:\/\/renaix.com\/de\/ueber-uns\/#breadcrumb","itemListElement":[{"@type":"ListItem","position":1,"name":"Home","item":"https:\/\/www.renaix.com\/de\/"},{"@type":"ListItem","position":2,"name":"\u00dcber Uns"}]},{"@type":"WebSite","@id":"https:\/\/www.renaix.com\/de\/#website","url":"https:\/\/www.renaix.com\/de\/","name":"Renaix - Recruiting For The Future Of Global Business","description":"Renaix is an international recruitment and executive search consultancy, specialising in placing senior management, finance and audit professionals","publisher":{"@id":"https:\/\/www.renaix.com\/de\/#organization"},"potentialAction":[{"@type":"SearchAction","target":{"@type":"EntryPoint","urlTemplate":"https:\/\/www.renaix.com\/de\/?s={search_term_string}"},"query-input":{"@type":"PropertyValueSpecification","valueRequired":true,"valueName":"search_term_string"}}],"inLanguage":"de"},{"@type":"Organization","@id":"https:\/\/www.renaix.com\/de\/#organization","name":"Renaix Recruitment","url":"https:\/\/www.renaix.com\/de\/","logo":{"@type":"ImageObject","inLanguage":"de","@id":"https:\/\/www.renaix.com\/de\/#\/schema\/logo\/image\/","url":"https:\/\/renaix.com\/wp-content\/uploads\/2017\/06\/renaix-logo-2.png","contentUrl":"https:\/\/renaix.com\/wp-content\/uploads\/2017\/06\/renaix-logo-2.png","width":200,"height":32,"caption":"Renaix Recruitment"},"image":{"@id":"https:\/\/www.renaix.com\/de\/#\/schema\/logo\/image\/"},"sameAs":["https:\/\/www.facebook.com\/Renaix","https:\/\/x.com\/renaixRec","https:\/\/www.linkedin.com\/company\/renaix\/"]}]}},"_links":{"self":[{"href":"https:\/\/renaix.com\/de\/wp-json\/wp\/v2\/pages\/14656","targetHints":{"allow":["GET"]}}],"collection":[{"href":"https:\/\/renaix.com\/de\/wp-json\/wp\/v2\/pages"}],"about":[{"href":"https:\/\/renaix.com\/de\/wp-json\/wp\/v2\/types\/page"}],"author":[{"embeddable":true,"href":"https:\/\/renaix.com\/de\/wp-json\/wp\/v2\/users\/4"}],"replies":[{"embeddable":true,"href":"https:\/\/renaix.com\/de\/wp-json\/wp\/v2\/comments?post=14656"}],"version-history":[{"count":5,"href":"https:\/\/renaix.com\/de\/wp-json\/wp\/v2\/pages\/14656\/revisions"}],"predecessor-version":[{"id":18269,"href":"https:\/\/renaix.com\/de\/wp-json\/wp\/v2\/pages\/14656\/revisions\/18269"}],"wp:attachment":[{"href":"https:\/\/renaix.com\/de\/wp-json\/wp\/v2\/media?parent=14656"}],"curies":[{"name":"wp","href":"https:\/\/api.w.org\/{rel}","templated":true}]}}