{"id":14809,"date":"2017-05-11T11:06:47","date_gmt":"2017-05-11T11:06:47","guid":{"rendered":"https:\/\/renaix.com\/unser-globales-netzwerk\/"},"modified":"2024-02-28T18:13:46","modified_gmt":"2024-02-28T18:13:46","slug":"unser-globales-netzwerk","status":"publish","type":"page","link":"https:\/\/renaix.com\/de\/unser-globales-netzwerk\/","title":{"rendered":"Unser globales Netzwerk"},"content":{"rendered":"<p>Mit 20 Jahren Erfahrung in der globalen Finanz- und Buchhaltungsbranche verf\u00fcgt Renaix \u00fcber ein umfangreiches Netzwerk von Kontakten in den Finanzkreisen in Europa, Amerika, Asien und MEA.<\/p>\n<p>Das bedeutet, dass wir im Namen unserer Kunden arbeiten und Kandidaten in bestimmten L\u00e4ndern ins Visier nehmen, sowie bestimmte Sprachen oder Kenntnis lokaler Vorschriften voraussetzen k\u00f6nnen, die m\u00f6glicherweise erforderlich sind. Wir sind au\u00dferdem sehr erfahren in der Durchf\u00fchrung von Suchanfragen auf globaler Ebene.<\/p>\n<p><span style=\"font-weight: 400;\">Unsere Berater verf\u00fcgen \u00fcber umfassende Kenntnisse der lokalen Finanzgesetze, -vorschriften und -trends und verstehen,<\/span><span style=\"font-weight: 400;\">wie sich Unternehmenskulturen von Markt zu Markt unterscheiden, was<\/span> die Stellenanforderungen und die Kandidatenpassform beeinflusst.<\/p>\n<p>&nbsp;<\/p>\n<p><strong>Unsere aktuellsten Auftr\u00e4ge nach Standort:<\/strong><\/p>\n<p>&nbsp;<\/p>\n<table border=\"0\" width=\"356\" cellspacing=\"0\" cellpadding=\"0\">\n<colgroup>\n<col width=\"83\" \/>\n<col width=\"88\" \/>\n<col width=\"87\" \/>\n<col width=\"98\" \/><\/colgroup>\n<tbody>\n<tr>\n<td width=\"83\" height=\"20\">\u00d6sterreich<\/td>\n<td width=\"88\">Balkanstaaten<\/td>\n<td width=\"87\">Belgien<\/td>\n<td width=\"98\">Brasilien<\/td>\n<\/tr>\n<tr>\n<td height=\"20\">Bulgarien<\/td>\n<td>Kanada<\/td>\n<td>China<\/td>\n<td>Tschechische Republik<\/td>\n<\/tr>\n<tr>\n<td height=\"20\">Demokratische Republik Kongo<\/td>\n<td>D\u00e4nemark<\/td>\n<td>Finnland<\/td>\n<td>Frankreich<\/td>\n<\/tr>\n<tr>\n<td height=\"20\">Deutschland<\/td>\n<td>Griechenland<\/td>\n<td>Ungarn<\/td>\n<td>Irland<\/td>\n<\/tr>\n<tr>\n<td height=\"20\">Italien<\/td>\n<td>Kasachstan<\/td>\n<td>Luxemburg<\/td>\n<td>Marokko<\/td>\n<\/tr>\n<tr>\n<td height=\"20\">Nigeria<\/td>\n<td>Norwegen<\/td>\n<td>Polen<\/td>\n<td>Portugal<\/td>\n<\/tr>\n<tr>\n<td height=\"20\">Rum\u00e4nien<\/td>\n<td>Russland<\/td>\n<td>Singapur<\/td>\n<td>Schweden<\/td>\n<\/tr>\n<tr>\n<td height=\"20\">Spanien<\/td>\n<td>Schweiz<\/td>\n<td>Thailand<\/td>\n<td>Niederlande<\/td>\n<\/tr>\n<tr>\n<td height=\"20\">Tunesien<\/td>\n<td>Vereinigte Arabische Emirate<\/td>\n<td>Gro\u00dfbritannien<\/td>\n<td>USA<\/td>\n<\/tr>\n<\/tbody>\n<\/table>\n<p>&nbsp;<\/p>\n","protected":false},"excerpt":{"rendered":"<p>Mit 20 Jahren Erfahrung in der globalen Finanz- und Buchhaltungsbranche verf\u00fcgt Renaix \u00fcber ein umfangreiches Netzwerk von Kontakten in den Finanzkreisen in Europa, Amerika, Asien und MEA. Das bedeutet, dass wir im Namen unserer Kunden arbeiten und Kandidaten in bestimmten L\u00e4ndern ins Visier nehmen, sowie bestimmte Sprachen oder Kenntnis lokaler Vorschriften voraussetzen k\u00f6nnen, die m\u00f6glicherweise [&hellip;]<\/p>\n","protected":false},"author":4,"featured_media":0,"parent":0,"menu_order":0,"comment_status":"closed","ping_status":"closed","template":"","meta":{"_acf_changed":false,"footnotes":""},"class_list":["post-14809","page","type-page","status-publish","hentry"],"acf":[],"yoast_head":"<!-- This site is optimized with the Yoast SEO Premium plugin v27.6 (Yoast SEO v27.6) - https:\/\/yoast.com\/product\/yoast-seo-premium-wordpress\/ -->\n<title>Unser globales Netzwerk<\/title>\n<meta name=\"description\" content=\"Unser globales Netzwerk Mit 20 Jahren Erfahrung in der globalen Finanz- und Buchhaltungsbranche verf\u00fcgt Renaix \u00fcber ein umfangreiches Netzwerk.\" \/>\n<meta name=\"robots\" content=\"index, follow, max-snippet:-1, max-image-preview:large, max-video-preview:-1\" \/>\n<link rel=\"canonical\" href=\"https:\/\/renaix.com\/de\/unser-globales-netzwerk\/\" \/>\n<meta property=\"og:locale\" content=\"de_DE\" \/>\n<meta property=\"og:type\" content=\"article\" \/>\n<meta property=\"og:title\" content=\"Unser globales Netzwerk\" \/>\n<meta property=\"og:description\" content=\"Unser globales Netzwerk Mit 20 Jahren Erfahrung in der globalen Finanz- und Buchhaltungsbranche verf\u00fcgt Renaix \u00fcber ein umfangreiches Netzwerk.\" \/>\n<meta property=\"og:url\" content=\"https:\/\/renaix.com\/de\/unser-globales-netzwerk\/\" \/>\n<meta property=\"og:site_name\" content=\"Renaix - Recruiting For The Future Of Global Business\" \/>\n<meta property=\"article:publisher\" content=\"https:\/\/www.facebook.com\/Renaix\" \/>\n<meta property=\"article:modified_time\" content=\"2024-02-28T18:13:46+00:00\" \/>\n<meta name=\"twitter:card\" content=\"summary_large_image\" \/>\n<meta name=\"twitter:site\" content=\"@renaixRec\" \/>\n<meta name=\"twitter:label1\" content=\"Gesch\u00e4tzte Lesezeit\" \/>\n\t<meta name=\"twitter:data1\" content=\"1\u00a0Minute\" \/>\n<script type=\"application\/ld+json\" class=\"yoast-schema-graph\">{\"@context\":\"https:\\\/\\\/schema.org\",\"@graph\":[{\"@type\":\"WebPage\",\"@id\":\"https:\\\/\\\/renaix.com\\\/de\\\/unser-globales-netzwerk\\\/\",\"url\":\"https:\\\/\\\/renaix.com\\\/de\\\/unser-globales-netzwerk\\\/\",\"name\":\"Unser globales Netzwerk\",\"isPartOf\":{\"@id\":\"https:\\\/\\\/www.renaix.com\\\/de\\\/#website\"},\"datePublished\":\"2017-05-11T11:06:47+00:00\",\"dateModified\":\"2024-02-28T18:13:46+00:00\",\"description\":\"Unser globales Netzwerk Mit 20 Jahren Erfahrung in der globalen Finanz- und Buchhaltungsbranche verf\u00fcgt Renaix \u00fcber ein umfangreiches Netzwerk.\",\"breadcrumb\":{\"@id\":\"https:\\\/\\\/renaix.com\\\/de\\\/unser-globales-netzwerk\\\/#breadcrumb\"},\"inLanguage\":\"de\",\"potentialAction\":[{\"@type\":\"ReadAction\",\"target\":[\"https:\\\/\\\/renaix.com\\\/de\\\/unser-globales-netzwerk\\\/\"]}]},{\"@type\":\"BreadcrumbList\",\"@id\":\"https:\\\/\\\/renaix.com\\\/de\\\/unser-globales-netzwerk\\\/#breadcrumb\",\"itemListElement\":[{\"@type\":\"ListItem\",\"position\":1,\"name\":\"Home\",\"item\":\"https:\\\/\\\/www.renaix.com\\\/de\\\/\"},{\"@type\":\"ListItem\",\"position\":2,\"name\":\"Unser globales Netzwerk\"}]},{\"@type\":\"WebSite\",\"@id\":\"https:\\\/\\\/www.renaix.com\\\/de\\\/#website\",\"url\":\"https:\\\/\\\/www.renaix.com\\\/de\\\/\",\"name\":\"Renaix - Recruiting For The Future Of Global Business\",\"description\":\"Renaix is an international recruitment and executive search consultancy, specialising in placing senior management, finance and audit professionals\",\"publisher\":{\"@id\":\"https:\\\/\\\/www.renaix.com\\\/de\\\/#organization\"},\"potentialAction\":[{\"@type\":\"SearchAction\",\"target\":{\"@type\":\"EntryPoint\",\"urlTemplate\":\"https:\\\/\\\/www.renaix.com\\\/de\\\/?s={search_term_string}\"},\"query-input\":{\"@type\":\"PropertyValueSpecification\",\"valueRequired\":true,\"valueName\":\"search_term_string\"}}],\"inLanguage\":\"de\"},{\"@type\":\"Organization\",\"@id\":\"https:\\\/\\\/www.renaix.com\\\/de\\\/#organization\",\"name\":\"Renaix Recruitment\",\"url\":\"https:\\\/\\\/www.renaix.com\\\/de\\\/\",\"logo\":{\"@type\":\"ImageObject\",\"inLanguage\":\"de\",\"@id\":\"https:\\\/\\\/www.renaix.com\\\/de\\\/#\\\/schema\\\/logo\\\/image\\\/\",\"url\":\"https:\\\/\\\/renaix.com\\\/wp-content\\\/uploads\\\/2017\\\/06\\\/renaix-logo-2.png\",\"contentUrl\":\"https:\\\/\\\/renaix.com\\\/wp-content\\\/uploads\\\/2017\\\/06\\\/renaix-logo-2.png\",\"width\":200,\"height\":32,\"caption\":\"Renaix Recruitment\"},\"image\":{\"@id\":\"https:\\\/\\\/www.renaix.com\\\/de\\\/#\\\/schema\\\/logo\\\/image\\\/\"},\"sameAs\":[\"https:\\\/\\\/www.facebook.com\\\/Renaix\",\"https:\\\/\\\/x.com\\\/renaixRec\",\"https:\\\/\\\/www.linkedin.com\\\/company\\\/renaix\\\/\"]}]}<\/script>\n<!-- \/ Yoast SEO Premium plugin. -->","yoast_head_json":{"title":"Unser globales Netzwerk","description":"Unser globales Netzwerk Mit 20 Jahren Erfahrung in der globalen Finanz- und Buchhaltungsbranche verf\u00fcgt Renaix \u00fcber ein umfangreiches Netzwerk.","robots":{"index":"index","follow":"follow","max-snippet":"max-snippet:-1","max-image-preview":"max-image-preview:large","max-video-preview":"max-video-preview:-1"},"canonical":"https:\/\/renaix.com\/de\/unser-globales-netzwerk\/","og_locale":"de_DE","og_type":"article","og_title":"Unser globales Netzwerk","og_description":"Unser globales Netzwerk Mit 20 Jahren Erfahrung in der globalen Finanz- und Buchhaltungsbranche verf\u00fcgt Renaix \u00fcber ein umfangreiches Netzwerk.","og_url":"https:\/\/renaix.com\/de\/unser-globales-netzwerk\/","og_site_name":"Renaix - Recruiting For The Future Of Global Business","article_publisher":"https:\/\/www.facebook.com\/Renaix","article_modified_time":"2024-02-28T18:13:46+00:00","twitter_card":"summary_large_image","twitter_site":"@renaixRec","twitter_misc":{"Gesch\u00e4tzte Lesezeit":"1\u00a0Minute"},"schema":{"@context":"https:\/\/schema.org","@graph":[{"@type":"WebPage","@id":"https:\/\/renaix.com\/de\/unser-globales-netzwerk\/","url":"https:\/\/renaix.com\/de\/unser-globales-netzwerk\/","name":"Unser globales Netzwerk","isPartOf":{"@id":"https:\/\/www.renaix.com\/de\/#website"},"datePublished":"2017-05-11T11:06:47+00:00","dateModified":"2024-02-28T18:13:46+00:00","description":"Unser globales Netzwerk Mit 20 Jahren Erfahrung in der globalen Finanz- und Buchhaltungsbranche verf\u00fcgt Renaix \u00fcber ein umfangreiches Netzwerk.","breadcrumb":{"@id":"https:\/\/renaix.com\/de\/unser-globales-netzwerk\/#breadcrumb"},"inLanguage":"de","potentialAction":[{"@type":"ReadAction","target":["https:\/\/renaix.com\/de\/unser-globales-netzwerk\/"]}]},{"@type":"BreadcrumbList","@id":"https:\/\/renaix.com\/de\/unser-globales-netzwerk\/#breadcrumb","itemListElement":[{"@type":"ListItem","position":1,"name":"Home","item":"https:\/\/www.renaix.com\/de\/"},{"@type":"ListItem","position":2,"name":"Unser globales Netzwerk"}]},{"@type":"WebSite","@id":"https:\/\/www.renaix.com\/de\/#website","url":"https:\/\/www.renaix.com\/de\/","name":"Renaix - Recruiting For The Future Of Global Business","description":"Renaix is an international recruitment and executive search consultancy, specialising in placing senior management, finance and audit professionals","publisher":{"@id":"https:\/\/www.renaix.com\/de\/#organization"},"potentialAction":[{"@type":"SearchAction","target":{"@type":"EntryPoint","urlTemplate":"https:\/\/www.renaix.com\/de\/?s={search_term_string}"},"query-input":{"@type":"PropertyValueSpecification","valueRequired":true,"valueName":"search_term_string"}}],"inLanguage":"de"},{"@type":"Organization","@id":"https:\/\/www.renaix.com\/de\/#organization","name":"Renaix Recruitment","url":"https:\/\/www.renaix.com\/de\/","logo":{"@type":"ImageObject","inLanguage":"de","@id":"https:\/\/www.renaix.com\/de\/#\/schema\/logo\/image\/","url":"https:\/\/renaix.com\/wp-content\/uploads\/2017\/06\/renaix-logo-2.png","contentUrl":"https:\/\/renaix.com\/wp-content\/uploads\/2017\/06\/renaix-logo-2.png","width":200,"height":32,"caption":"Renaix Recruitment"},"image":{"@id":"https:\/\/www.renaix.com\/de\/#\/schema\/logo\/image\/"},"sameAs":["https:\/\/www.facebook.com\/Renaix","https:\/\/x.com\/renaixRec","https:\/\/www.linkedin.com\/company\/renaix\/"]}]}},"_links":{"self":[{"href":"https:\/\/renaix.com\/de\/wp-json\/wp\/v2\/pages\/14809","targetHints":{"allow":["GET"]}}],"collection":[{"href":"https:\/\/renaix.com\/de\/wp-json\/wp\/v2\/pages"}],"about":[{"href":"https:\/\/renaix.com\/de\/wp-json\/wp\/v2\/types\/page"}],"author":[{"embeddable":true,"href":"https:\/\/renaix.com\/de\/wp-json\/wp\/v2\/users\/4"}],"replies":[{"embeddable":true,"href":"https:\/\/renaix.com\/de\/wp-json\/wp\/v2\/comments?post=14809"}],"version-history":[{"count":5,"href":"https:\/\/renaix.com\/de\/wp-json\/wp\/v2\/pages\/14809\/revisions"}],"predecessor-version":[{"id":26925,"href":"https:\/\/renaix.com\/de\/wp-json\/wp\/v2\/pages\/14809\/revisions\/26925"}],"wp:attachment":[{"href":"https:\/\/renaix.com\/de\/wp-json\/wp\/v2\/media?parent=14809"}],"curies":[{"name":"wp","href":"https:\/\/api.w.org\/{rel}","templated":true}]}}