{"id":14813,"date":"2017-05-11T11:10:25","date_gmt":"2017-05-11T11:10:25","guid":{"rendered":"https:\/\/renaix.com\/arbeitsuchende\/komponieren-eines-gut-geschriebenen-lebenslaufs\/"},"modified":"2024-02-28T11:59:59","modified_gmt":"2024-02-28T11:59:59","slug":"komponieren-eines-gut-geschriebenen-lebenslaufs","status":"publish","type":"page","link":"https:\/\/renaix.com\/de\/arbeitsuchende\/komponieren-eines-gut-geschriebenen-lebenslaufs\/","title":{"rendered":"Erstellen eines gut geschriebenen Lebenslaufs"},"content":{"rendered":"<p>Ein Lebenslauf ist im Grunde der erste Eindruck. Arbeitgeber k\u00f6nnen unm\u00f6glich jeden Kandidaten pers\u00f6nlich kennenlernen, demnach ist Ihr Lebenslauf sozusagen das erste Interview. Es ist egal wie kenntnisreich oder charmant Sie im wirklichen Leben sind, wenn Sie dies nicht auch auf Papier zum Ausdruck bringen k\u00f6nnen. Ein gut geschriebener Lebenslauf sollte daher potenziellen Arbeitgebern Ihre Schl\u00fcsselkompetenzen, St\u00e4rken und erbrachte Leistungen klar und pr\u00e4gnant pr\u00e4sentieren.<\/p>\n<p>Es gibt drei Stiloptionen beim Schreiben eines Lebenslaufs: chronologisch, funktional oder eine Mischung aus beidem. Der chronologische Stil ist der am weitesten verbreitete und sollte eine zunehmende Arbeitsverantwortung und konsequente Fortschritte im bisherigen Verlauf Ihrer Karriere zeigen. Wenn Sie jedoch von einem T\u00e4tigkeitsfeld in ein anderes wechseln, k\u00f6nnte ein funktioneller Lebenslauf eine bessere Alternative sein, da er den Fokus von fr\u00fcheren Stellen und Besch\u00e4ftigungszeitr\u00e4umen auf \u00fcbertragbare F\u00e4higkeiten verlagert. Aber seien Sie sich bewusst, dass potenzielle Arbeitgeber bei funktionalen Lebensl\u00e4ufen eher skeptisch sein k\u00f6nnen, da es schwierig ist, dem beruflichen Werdegang zeitlich zu folgen.<\/p>\n<p><strong>Die F\u00fcnf-Sekunden-Regel<\/strong><\/p>\n<p>Wenn Sie sich nicht um eine sehr hohe Position bewerben, besteht die Chance, dass Ihr Lebenslauf nur einer von Hunderten ist, die das Unternehmen erhalten hat. In einer solchen Situation ist es wahrscheinlich, dass die Person, die die Lebensl\u00e4ufe sichtet, nach einigen wichtigen Kriterien und Schl\u00fcsselw\u00f6rtern sucht, anstatt das gesamte Dokument zu lesen. Sie m\u00fcssen daher sicherstellen, dass sie die relevantesten Informationen im Fokus stehen haben und nichts Unn\u00f6tiges enth\u00e4lt, das den Leser ablenken k\u00f6nnte.<\/p>\n<p>Ihre aktuellste Berufserfahrung sollte in der Regel an der Spitze stehen. Z\u00f6gern Sie nicht, bestimmte Dinge hervorzuheben, die Sie <strong>fett<\/strong>hervorstechen lassen m\u00f6chten. Versuchen Sie beim Formatieren Ihres Lebenslaufs sicherzustellen, dass er bei der Beurteilung f\u00fcr f\u00fcnf Sekunden sowie f\u00fcr f\u00fcnf Minuten gleicherma\u00dfen wirksam ist.<\/p>\n<p><strong>Die richtige L\u00e4nge<\/strong><\/p>\n<p>Die beste L\u00e4nge f\u00fcr einen Lebenslauf sind zwei Seiten im A4-Format, die alle vorherigen Positionen und Verantwortlichkeiten hervorheben sollten. Wenn Sie gerade erste fertig mit dem Studium sind, kann eine einzelne Seite ausreichen, aber versuchen Sie, leeren Platz am unteren Rand zu vermeiden. Wenn Sie z.B. Informationen im Wert von 1,5 Seiten haben, bearbeiten Sie sie so, dass diese auf eine Seite komprimiert werden oder zwei ganze Seiten ausf\u00fcllen.<\/p>\n<p>L\u00e4ngere Lebensl\u00e4ufe k\u00f6nnen ebenfalls akzeptiert werden und sind manchmal notwendig, aber mehr als drei Seiten werden in der Regel nicht empfohlen. Die L\u00e4nge wird manchmal durch die Art und Weise beeinflusst, wie der Inhalt des Lebenslaufs organisiert ist. Aufz\u00e4hlungszeichen und Nummerierungen werden im Gegensatz zur Verwendung ganzer Textbl\u00f6cke empfohlen, um das Lesen zu erleichtern. Es wird auch empfohlen, dass Lebensl\u00e4ufe in der Form der &#8222;dritten Person&#8220; geschrieben werden, da es formeller und professioneller ist.<\/p>\n<p><strong>Inhalt des Lebenslaufs<\/strong><\/p>\n<ul>\n<li>Vollst\u00e4ndiger Name<\/li>\n<li>Adresse und Kontaktdaten<\/li>\n<li>Beruflicher Werdegang mit Firmennamen, Berufsbezeichnung, Besch\u00e4ftigungszeiten, Hauptaufgaben und -verantwortlichkeiten und bemerkenswerten Leistungen (nur f\u00fcr die aktuellsten Positionen)<\/li>\n<li>Berufliche Qualifikationen (auch solche, die aktuell fortlaufend sind aber in absehbarer Zeit fertiggestellt werden)<\/li>\n<li>Bildung (neue Absolventen sollten wichtige akademische Leistungen auflisten)<\/li>\n<li>Kurzes pers\u00f6nliches Profil<\/li>\n<li>Weitere relevante Informationen, z.B. Sprachkenntnisse, IT-Kenntnisse<\/li>\n<\/ul>\n<p>Einige Menschen f\u00fcgen auch ihr Alter oder Geburtsdatum ein, dies ist jedoch sehr kulturspezifisch. F\u00fcr internationale Stellen kann auch Ihre Nationalit\u00e4t und Ihr Aufenthaltsstatus relevant sein.<\/p>\n<p><strong>Zustellung<\/strong><br \/>\nWenn Sie den Lebenslauf per E-Mail versenden, stellen Sie sicher, dass die angeh\u00e4ngte Datei Ihren vollst\u00e4ndigen Namen (und nicht nur &#8222;Lebenslauf&#8220;) enth\u00e4lt, um beim potenziellen Arbeitgeber nicht verloren zu gehen. Der Lebenslauf sollte in Schwarz auf Wei\u00df gedruckt werden und in einer professionell aussehenden Schriftart wie Arial oder Times New Roman (Schriftgr\u00f6\u00dfe 11 oder 12) erstellt werden. Formatierungen wie Fett- oder Kursivschrift sollten f\u00fcr Haupt\u00fcberschriften verwendet werden.<\/p>\n<p><strong>Anpassen des Lebenslaufs<\/strong><br \/>\nLebensl\u00e4ufe sollten auf jede Bewerbung zugeschnitten sein und dem Profil der Stellenbeschreibung entsprechen. Einige Personen besitzen zwei oder drei verschiedene Versionen ihres Lebenslaufs, wobei jede unterschiedliche F\u00e4higkeiten oder Projekte f\u00fcr verschiedene Arten von Stellen hervorhebt.<\/p>\n<p><strong>\u00dcberpr\u00fcfung des Lebenslaufs<\/strong><br \/>\nSie sollten Korrektur lesen und den Lebenslauf auf grammatikalische, typografische oder Rechtschreibfehler \u00fcberpr\u00fcfen. Es ist in der Regel eine gute Idee, Ihren Lebenslauf an einige Kollegen oder Freunde zu geben, die Fehler m\u00f6glicherweise leichter erkennen k\u00f6nnen.<\/p>\n<p>F\u00fcr weitere Tipps, schauen Sie sich <a href=\"https:\/\/renaix.com\/audit-finance-recruitment-matters7-tips-for-composing-a-well-written-cv\/\">7 Tipps zum Verfassen eines gut geschriebenen Lebenslaufs<\/a> an.<\/p>\n<p><a href=\"https:\/\/renaix.com\/submit-cv\">Lebenslauf Beurteilung<\/a><\/p>\n","protected":false},"excerpt":{"rendered":"<p>Ein Lebenslauf ist im Grunde der erste Eindruck. Arbeitgeber k\u00f6nnen unm\u00f6glich jeden Kandidaten pers\u00f6nlich kennenlernen, demnach ist Ihr Lebenslauf sozusagen das erste Interview. Es ist egal wie kenntnisreich oder charmant Sie im wirklichen Leben sind, wenn Sie dies nicht auch auf Papier zum Ausdruck bringen k\u00f6nnen. Ein gut geschriebener Lebenslauf sollte daher potenziellen Arbeitgebern Ihre [&hellip;]<\/p>\n","protected":false},"author":4,"featured_media":0,"parent":14720,"menu_order":0,"comment_status":"closed","ping_status":"closed","template":"","meta":{"_acf_changed":false,"footnotes":""},"class_list":["post-14813","page","type-page","status-publish","hentry"],"acf":[],"yoast_head":"<!-- This site is optimized with the Yoast SEO Premium plugin v27.6 (Yoast SEO v27.6) - https:\/\/yoast.com\/product\/yoast-seo-premium-wordpress\/ -->\n<title>Erstellen eines gut geschriebenen Lebenslaufs<\/title>\n<meta name=\"description\" content=\"Ein Lebenslauf ist im Grunde der erste Eindruck. Arbeitgeber k\u00f6nnen unm\u00f6glich jeden Kandidaten treffen, daher ist Ihr Lebenslauf effektiv die erste Runde.\" \/>\n<meta name=\"robots\" content=\"index, follow, max-snippet:-1, max-image-preview:large, max-video-preview:-1\" \/>\n<link rel=\"canonical\" href=\"https:\/\/renaix.com\/de\/arbeitsuchende\/komponieren-eines-gut-geschriebenen-lebenslaufs\/\" \/>\n<meta property=\"og:locale\" content=\"de_DE\" \/>\n<meta property=\"og:type\" content=\"article\" \/>\n<meta property=\"og:title\" content=\"Erstellen eines gut geschriebenen Lebenslaufs\" \/>\n<meta property=\"og:description\" content=\"Ein Lebenslauf ist im Grunde der erste Eindruck. Arbeitgeber k\u00f6nnen unm\u00f6glich jeden Kandidaten treffen, daher ist Ihr Lebenslauf effektiv die erste Runde.\" \/>\n<meta property=\"og:url\" content=\"https:\/\/renaix.com\/de\/arbeitsuchende\/komponieren-eines-gut-geschriebenen-lebenslaufs\/\" \/>\n<meta property=\"og:site_name\" content=\"Renaix - Recruiting For The Future Of Global Business\" \/>\n<meta property=\"article:publisher\" content=\"https:\/\/www.facebook.com\/Renaix\" \/>\n<meta property=\"article:modified_time\" content=\"2024-02-28T11:59:59+00:00\" \/>\n<meta name=\"twitter:card\" content=\"summary_large_image\" \/>\n<meta name=\"twitter:site\" content=\"@renaixRec\" \/>\n<meta name=\"twitter:label1\" content=\"Gesch\u00e4tzte Lesezeit\" \/>\n\t<meta name=\"twitter:data1\" content=\"3\u00a0Minuten\" \/>\n<script type=\"application\/ld+json\" class=\"yoast-schema-graph\">{\"@context\":\"https:\\\/\\\/schema.org\",\"@graph\":[{\"@type\":\"WebPage\",\"@id\":\"https:\\\/\\\/renaix.com\\\/de\\\/arbeitsuchende\\\/komponieren-eines-gut-geschriebenen-lebenslaufs\\\/\",\"url\":\"https:\\\/\\\/renaix.com\\\/de\\\/arbeitsuchende\\\/komponieren-eines-gut-geschriebenen-lebenslaufs\\\/\",\"name\":\"Erstellen eines gut geschriebenen Lebenslaufs\",\"isPartOf\":{\"@id\":\"https:\\\/\\\/www.renaix.com\\\/de\\\/#website\"},\"datePublished\":\"2017-05-11T11:10:25+00:00\",\"dateModified\":\"2024-02-28T11:59:59+00:00\",\"description\":\"Ein Lebenslauf ist im Grunde der erste Eindruck. Arbeitgeber k\u00f6nnen unm\u00f6glich jeden Kandidaten treffen, daher ist Ihr Lebenslauf effektiv die erste Runde.\",\"breadcrumb\":{\"@id\":\"https:\\\/\\\/renaix.com\\\/de\\\/arbeitsuchende\\\/komponieren-eines-gut-geschriebenen-lebenslaufs\\\/#breadcrumb\"},\"inLanguage\":\"de\",\"potentialAction\":[{\"@type\":\"ReadAction\",\"target\":[\"https:\\\/\\\/renaix.com\\\/de\\\/arbeitsuchende\\\/komponieren-eines-gut-geschriebenen-lebenslaufs\\\/\"]}]},{\"@type\":\"BreadcrumbList\",\"@id\":\"https:\\\/\\\/renaix.com\\\/de\\\/arbeitsuchende\\\/komponieren-eines-gut-geschriebenen-lebenslaufs\\\/#breadcrumb\",\"itemListElement\":[{\"@type\":\"ListItem\",\"position\":1,\"name\":\"Home\",\"item\":\"https:\\\/\\\/www.renaix.com\\\/de\\\/\"},{\"@type\":\"ListItem\",\"position\":2,\"name\":\"Arbeitsuchende\",\"item\":\"https:\\\/\\\/www.renaix.com\\\/de\\\/arbeitsuchende\\\/\"},{\"@type\":\"ListItem\",\"position\":3,\"name\":\"Erstellen eines gut geschriebenen Lebenslaufs\"}]},{\"@type\":\"WebSite\",\"@id\":\"https:\\\/\\\/www.renaix.com\\\/de\\\/#website\",\"url\":\"https:\\\/\\\/www.renaix.com\\\/de\\\/\",\"name\":\"Renaix - Recruiting For The Future Of Global Business\",\"description\":\"Renaix is an international recruitment and executive search consultancy, specialising in placing senior management, finance and audit professionals\",\"publisher\":{\"@id\":\"https:\\\/\\\/www.renaix.com\\\/de\\\/#organization\"},\"potentialAction\":[{\"@type\":\"SearchAction\",\"target\":{\"@type\":\"EntryPoint\",\"urlTemplate\":\"https:\\\/\\\/www.renaix.com\\\/de\\\/?s={search_term_string}\"},\"query-input\":{\"@type\":\"PropertyValueSpecification\",\"valueRequired\":true,\"valueName\":\"search_term_string\"}}],\"inLanguage\":\"de\"},{\"@type\":\"Organization\",\"@id\":\"https:\\\/\\\/www.renaix.com\\\/de\\\/#organization\",\"name\":\"Renaix Recruitment\",\"url\":\"https:\\\/\\\/www.renaix.com\\\/de\\\/\",\"logo\":{\"@type\":\"ImageObject\",\"inLanguage\":\"de\",\"@id\":\"https:\\\/\\\/www.renaix.com\\\/de\\\/#\\\/schema\\\/logo\\\/image\\\/\",\"url\":\"https:\\\/\\\/renaix.com\\\/wp-content\\\/uploads\\\/2017\\\/06\\\/renaix-logo-2.png\",\"contentUrl\":\"https:\\\/\\\/renaix.com\\\/wp-content\\\/uploads\\\/2017\\\/06\\\/renaix-logo-2.png\",\"width\":200,\"height\":32,\"caption\":\"Renaix Recruitment\"},\"image\":{\"@id\":\"https:\\\/\\\/www.renaix.com\\\/de\\\/#\\\/schema\\\/logo\\\/image\\\/\"},\"sameAs\":[\"https:\\\/\\\/www.facebook.com\\\/Renaix\",\"https:\\\/\\\/x.com\\\/renaixRec\",\"https:\\\/\\\/www.linkedin.com\\\/company\\\/renaix\\\/\"]}]}<\/script>\n<!-- \/ Yoast SEO Premium plugin. -->","yoast_head_json":{"title":"Erstellen eines gut geschriebenen Lebenslaufs","description":"Ein Lebenslauf ist im Grunde der erste Eindruck. Arbeitgeber k\u00f6nnen unm\u00f6glich jeden Kandidaten treffen, daher ist Ihr Lebenslauf effektiv die erste Runde.","robots":{"index":"index","follow":"follow","max-snippet":"max-snippet:-1","max-image-preview":"max-image-preview:large","max-video-preview":"max-video-preview:-1"},"canonical":"https:\/\/renaix.com\/de\/arbeitsuchende\/komponieren-eines-gut-geschriebenen-lebenslaufs\/","og_locale":"de_DE","og_type":"article","og_title":"Erstellen eines gut geschriebenen Lebenslaufs","og_description":"Ein Lebenslauf ist im Grunde der erste Eindruck. Arbeitgeber k\u00f6nnen unm\u00f6glich jeden Kandidaten treffen, daher ist Ihr Lebenslauf effektiv die erste Runde.","og_url":"https:\/\/renaix.com\/de\/arbeitsuchende\/komponieren-eines-gut-geschriebenen-lebenslaufs\/","og_site_name":"Renaix - Recruiting For The Future Of Global Business","article_publisher":"https:\/\/www.facebook.com\/Renaix","article_modified_time":"2024-02-28T11:59:59+00:00","twitter_card":"summary_large_image","twitter_site":"@renaixRec","twitter_misc":{"Gesch\u00e4tzte Lesezeit":"3\u00a0Minuten"},"schema":{"@context":"https:\/\/schema.org","@graph":[{"@type":"WebPage","@id":"https:\/\/renaix.com\/de\/arbeitsuchende\/komponieren-eines-gut-geschriebenen-lebenslaufs\/","url":"https:\/\/renaix.com\/de\/arbeitsuchende\/komponieren-eines-gut-geschriebenen-lebenslaufs\/","name":"Erstellen eines gut geschriebenen Lebenslaufs","isPartOf":{"@id":"https:\/\/www.renaix.com\/de\/#website"},"datePublished":"2017-05-11T11:10:25+00:00","dateModified":"2024-02-28T11:59:59+00:00","description":"Ein Lebenslauf ist im Grunde der erste Eindruck. Arbeitgeber k\u00f6nnen unm\u00f6glich jeden Kandidaten treffen, daher ist Ihr Lebenslauf effektiv die erste Runde.","breadcrumb":{"@id":"https:\/\/renaix.com\/de\/arbeitsuchende\/komponieren-eines-gut-geschriebenen-lebenslaufs\/#breadcrumb"},"inLanguage":"de","potentialAction":[{"@type":"ReadAction","target":["https:\/\/renaix.com\/de\/arbeitsuchende\/komponieren-eines-gut-geschriebenen-lebenslaufs\/"]}]},{"@type":"BreadcrumbList","@id":"https:\/\/renaix.com\/de\/arbeitsuchende\/komponieren-eines-gut-geschriebenen-lebenslaufs\/#breadcrumb","itemListElement":[{"@type":"ListItem","position":1,"name":"Home","item":"https:\/\/www.renaix.com\/de\/"},{"@type":"ListItem","position":2,"name":"Arbeitsuchende","item":"https:\/\/www.renaix.com\/de\/arbeitsuchende\/"},{"@type":"ListItem","position":3,"name":"Erstellen eines gut geschriebenen Lebenslaufs"}]},{"@type":"WebSite","@id":"https:\/\/www.renaix.com\/de\/#website","url":"https:\/\/www.renaix.com\/de\/","name":"Renaix - Recruiting For The Future Of Global Business","description":"Renaix is an international recruitment and executive search consultancy, specialising in placing senior management, finance and audit professionals","publisher":{"@id":"https:\/\/www.renaix.com\/de\/#organization"},"potentialAction":[{"@type":"SearchAction","target":{"@type":"EntryPoint","urlTemplate":"https:\/\/www.renaix.com\/de\/?s={search_term_string}"},"query-input":{"@type":"PropertyValueSpecification","valueRequired":true,"valueName":"search_term_string"}}],"inLanguage":"de"},{"@type":"Organization","@id":"https:\/\/www.renaix.com\/de\/#organization","name":"Renaix Recruitment","url":"https:\/\/www.renaix.com\/de\/","logo":{"@type":"ImageObject","inLanguage":"de","@id":"https:\/\/www.renaix.com\/de\/#\/schema\/logo\/image\/","url":"https:\/\/renaix.com\/wp-content\/uploads\/2017\/06\/renaix-logo-2.png","contentUrl":"https:\/\/renaix.com\/wp-content\/uploads\/2017\/06\/renaix-logo-2.png","width":200,"height":32,"caption":"Renaix Recruitment"},"image":{"@id":"https:\/\/www.renaix.com\/de\/#\/schema\/logo\/image\/"},"sameAs":["https:\/\/www.facebook.com\/Renaix","https:\/\/x.com\/renaixRec","https:\/\/www.linkedin.com\/company\/renaix\/"]}]}},"_links":{"self":[{"href":"https:\/\/renaix.com\/de\/wp-json\/wp\/v2\/pages\/14813","targetHints":{"allow":["GET"]}}],"collection":[{"href":"https:\/\/renaix.com\/de\/wp-json\/wp\/v2\/pages"}],"about":[{"href":"https:\/\/renaix.com\/de\/wp-json\/wp\/v2\/types\/page"}],"author":[{"embeddable":true,"href":"https:\/\/renaix.com\/de\/wp-json\/wp\/v2\/users\/4"}],"replies":[{"embeddable":true,"href":"https:\/\/renaix.com\/de\/wp-json\/wp\/v2\/comments?post=14813"}],"version-history":[{"count":5,"href":"https:\/\/renaix.com\/de\/wp-json\/wp\/v2\/pages\/14813\/revisions"}],"predecessor-version":[{"id":26865,"href":"https:\/\/renaix.com\/de\/wp-json\/wp\/v2\/pages\/14813\/revisions\/26865"}],"up":[{"embeddable":true,"href":"https:\/\/renaix.com\/de\/wp-json\/wp\/v2\/pages\/14720"}],"wp:attachment":[{"href":"https:\/\/renaix.com\/de\/wp-json\/wp\/v2\/media?parent=14813"}],"curies":[{"name":"wp","href":"https:\/\/api.w.org\/{rel}","templated":true}]}}