{"id":14823,"date":"2017-06-06T12:52:44","date_gmt":"2017-06-06T12:52:44","guid":{"rendered":"https:\/\/renaix.com\/arbeitsuchende\/kompetenzbasierte-interviews-auswahltests\/"},"modified":"2024-02-28T12:20:08","modified_gmt":"2024-02-28T12:20:08","slug":"kompetenzbasierte-interviews-auswahltests","status":"publish","type":"page","link":"https:\/\/renaix.com\/de\/arbeitsuchende\/kompetenzbasierte-interviews-auswahltests\/","title":{"rendered":"Kompetenzbasierte Interviews &amp; Auswahltests"},"content":{"rendered":"<p>Im Rekrutierungsprozess sto\u00dfen Sie h\u00e4ufig auf kompetenzbasierte Auswahlmethoden. Diese gehen davon aus, dass vergangenes Verhalten eine gute Grundlage f\u00fcr die Vorhersage zuk\u00fcnftigen Verhaltens ist, und nehmen die Form von kompetenzbasierten Fragen an, die w\u00e4hrend des Interviews verbal oder w\u00e4hrend eines schriftlichen kompetenzbasierten Auswahltests gestellt werden.<\/p>\n<p>Beide Methoden haben ein einziges Ziel: den Nachweis der erforderlichen F\u00e4higkeiten zu finden, basierend auf Ihrer Leistung in fr\u00fcheren Jobs. Die meisten Fragen w\u00fcrden normalerweise mit der Aufforderung beginnen, eine Situation zu beschreiben, in der Sie eine bestimmte Fertigkeit verwenden mussten.In der Regel beginnen diese mit &#8222;Geben Sie mir ein Beispiel f\u00fcr&#8220;, &#8222;Beschreiben Sie eine Situation&#8220; oder &#8222;Erz\u00e4hlen Sie mir von einer Situation als&#8230;&#8220;<\/p>\n<p>Kompetenzbasierte Interviews werden im Vereinigten K\u00f6nigreich und in ganz Europa immer h\u00e4ufiger verwendet, insbesondere von gr\u00f6\u00dferen Organisationen und Wirtschaftspr\u00fcfungsgesellschaften. Obwohl sie nicht so weit verbreitet sind wie in den Vereinigten Staaten.<\/p>\n<p><strong>Ziele kompetenzbasierter Interviews<\/strong><\/p>\n<p>Einer der Hauptgr\u00fcnde, warum Arbeitgeber kompetenzbasierte Interviews nutzen, ist, dass sie sich auf die tats\u00e4chliche Leistung konzentrieren wollen. Der Interviewer m\u00f6chte anhand Ihrer bisherigen Erfahrungen ableiten, wie Sie auf bestimmte Situationen reagieren, die in Ihrem Job auftreten k\u00f6nnen.<\/p>\n<p>Wenn Sie w\u00e4hrend eines Interviews mit einer kompetenzbasierten Frage konfrontiert sind, ist es wichtig, dass Sie allgemeine Aussagen vermeiden. Solche Fragen dienen dazu, tats\u00e4chliche Beweise f\u00fcr eine bestimmte Eigenschaft oder Leistung zu erfragen, und wenn der Arbeitgeber diese nicht ermitteln kann, wird mit weiteren Fragen fortgefahren. Sie sollten auch theoretische Antworten vermeiden; Kompetenzbasierte Interviews konzentrieren sich auf tats\u00e4chliche Erfahrungen, in denen Sie eine gew\u00fcnschte Eigenschaft aufgef\u00fchrt oder gezeigt haben.<\/p>\n<p><strong>Verschiedene Arten von Kompetenzen<\/strong><\/p>\n<p>Zu den von Arbeitgebern angestrebte Kompetenzen geh\u00f6ren:<\/p>\n<p><strong><em>Kommunikationsf\u00e4higkeiten<\/em><\/strong><\/p>\n<p>Die meisten Manager verbringen mehr als 75 Prozent ihrer Zeit mit Kommunikation, insbesondere wenn der Arbeitsplatz globaler wird und Teams auf der ganzen Welt verteilt sind. Um einen positiven Eindruck zu erwecken, versuchen Sie, w\u00e4hrend des Interviews so klar und pr\u00e4gnant wie m\u00f6glich zu sein und halten Sie immer den richtigen Ton und Tempo ein, um die Kommunikation zu verbessern.<\/p>\n<p><em>Klarheit der Denk- und Entscheidungskompetenzen<\/em><\/p>\n<p>Bei einer Interviewfrage, die sich mit Entscheidungskompetenzen befasst, m\u00fcssen Sie beschreiben, wie Sie zu einer Entscheidung gekommen sind. Die schlie\u00dft bestimmte Schritte wie das Identifizieren des Grundproblems, das Sammeln und Zusammenfassen von Daten, die Generierung m\u00f6glicher Optionen und die endg\u00fcltige Entscheidung ein.<\/p>\n<p>Der Interviewer wird wahrscheinlich mehr daran interessiert sein, wie Sie Entscheidungen treffen, als an dem Endergebnis. Die Art und Weise, wie Sie den Prozess angehen, ist ein guter Indikator daf\u00fcr ob Sie die F\u00e4higkeiten besitzen, um ihn erfolgreich zu l\u00f6sen.<\/p>\n<p><em>Probleml\u00f6sungskompetenzen<\/em><\/p>\n<p>Viele kompetenzbasierte Interviews und Auswahltests konzentrieren sich auf die Probleml\u00f6sungs-, Analyse- und kritischen Denkf\u00e4higkeiten der Bewerber. Auch hier will der Interviewer nicht unbedingt das Ergebnis erfragen, sondern den richtigen Ansatz.<\/p>\n<p><em>Planung und Organisation<\/em><\/p>\n<p>Als Antwort auf Fragen zu Ihrer Projektmanagement-Erfahrung k\u00f6nnen Sie Beispiele daf\u00fcr geben, wie Sie ein Projekt in Ihrer vorherigen Rolle geplant haben. Es ist wichtig, Details sowohl zu den Planungs- und Ausf\u00fchrungselementen als auch zum Gesamterfolg des Projekts anzugeben.<\/p>\n<p><em>Teamarbeit<\/em><\/p>\n<p>Diejenigen, die sich um teambasierte Positionen bewerben, werden wahrscheinlich nach ihren Teamf\u00e4higkeiten und wie gut sie mit anderen zusammenarbeiten gefragt Das Vorzeigen von Teamarbeitserfahrungen wird dazu beitragen, dass Ihr Interviewer mehr Vertrauen in Ihre F\u00e4higkeit zur Zusammenarbeit mit anderen haben wird.<\/p>\n<p><em>F\u00fchrungsqualit\u00e4ten<\/em><\/p>\n<p>Wenn Sie gefragt werden, wie Sie eine Situation beschreiben, in der Sie Ihre F\u00fchrungsqualit\u00e4ten gezeigt haben, geben Sie Beispiele an, in denen Sie Teammitglieder \u00fcberzeugen und motivieren konnten oder die in der Lage waren, Probleme zu kl\u00e4ren und die richtigen Entscheidungen zu treffen. Es ist auch wichtig, Ihre F\u00e4higkeit oder Erfahrung bei der Delegierung von Aufgaben zu betonen.<\/p>\n<p><em>Verhandlungs- und \u00dcberzeugungsf\u00e4higkeiten<\/em><\/p>\n<p>\u00dcberzeugungskraft bezieht sich auf die F\u00e4higkeit, andere Menschen dazu zu bringen, ein gew\u00fcnschtes Verhalten an den Tag zu legen. Verhandlungsgeschick hingegen, ist die F\u00e4higkeit, mit anderen Menschen zu diskutieren, bis eine f\u00fcr beide Seiten vorteilhafte Einigung erzielt wird.<\/p>\n<p><strong>Vorbereitung auf kompetenzbasierte Interviews<\/strong><\/p>\n<p>Kompetenzbasierte Interviews und Auswahltests werden auch als kompetenzbasierte Rekrutierung oder verhaltensorientiertes Vorstellungsgespr\u00e4ch bezeichnet. Bestimmen Sie vor dem Vorstellungsverfahren, welche Art von Auswahlprozess Ihr zuk\u00fcnftiger Arbeitgeber nutzt, damit Sie sich entsprechend vorbereiten k\u00f6nnen.<\/p>\n<p>Die Vorbereitung auf ein kompetenzbasiertes Interview k\u00f6nnte Folgendes umfassen:<\/p>\n<ul>\n<li>Informieren Sie sich \u00fcber das Unternehmen und die spezifische Rolle, um die F\u00e4higkeiten und Kompetenzen zu identifizieren, die sie am ehesten ben\u00f6tigen.<\/li>\n<li>Bereiten Sie Beispiele daf\u00fcr vor, wann Sie diese Kompetenzen erfolgreich einsetzen konnten. Ihre Beispiele sollten so aktuell wie m\u00f6glich sein.<\/li>\n<li>Erstellen Sie vor dem Interview eine Liste aller Ihrer Attribute und wenden Sie diese auf reale Situationen an, in denen Sie diese nutzen konnten.<\/li>\n<\/ul>\n<p><strong>Vorbereitung auf Auswahltests<\/strong><\/p>\n<p>Auswahltests beziehen sich auf die Einstellungsmethode, bei der Bewerber gebeten werden, Pers\u00f6nlichkeits- oder Eignungstests durchzuf\u00fchren.<\/p>\n<p><em>Pers\u00f6nlichkeitstests<\/em><\/p>\n<p>Pers\u00f6nlichkeitstests erfragen Ihre Gedanken, Gef\u00fchle und Verhalten. Sie sind Teil der Auswahltests, weil Ihre Pers\u00f6nlichkeit eine gro\u00dfe Rolle bei der Entscheidung spielen wird, ob Sie zur Stelle, zum Team und zur Unternehmenskultur passen. Sie helfen au\u00dferdem dabei, Hinweise auf die allgemeine Einstellung und den Arbeitsstil einer Person zu geben.<\/p>\n<p>Bei Pers\u00f6nlichkeitstests gibt es kein Richtig oder Falsch, da jeder Mensch anders ist. Sie sollten daher die Fragen nat\u00fcrlich und ehrlich beantworten, ohne dar\u00fcber nachzudenken, welche Antwort das Unternehmen h\u00f6ren m\u00f6chte. Wenn Sie versuchen dieses System mit einem Trick zu \u00fcberlisten, wird dies wahrscheinlich nicht sehr \u00fcberzeugend sein. Es ist demnach definitiv besser einfach ehrlich zu bleiben.<\/p>\n<p><em>F\u00e4higkeits- und Eignungstests<\/em><\/p>\n<p>Diese wurden entwickelt, um bestimmte Aspekte Ihres Intellekts zu bewerten, z. B. die F\u00e4higkeit der Argumentation (verbal, numerisch, r\u00e4umlich, mechanisch und abstrakt), Daten\u00fcberpr\u00fcfung und Probearbeit. Viele Beispieltests sind online verf\u00fcgbar und es wird empfohlen, dass Sie \u00dcbungstests durchf\u00fchren, wenn Sie wissen oder erwarten, dass diese Teil Ihres Interviews werden. Der beste Weg, sich auf diese vorzubereiten, ist das praktische \u00dcben.<\/p>\n","protected":false},"excerpt":{"rendered":"<p>Im Rekrutierungsprozess sto\u00dfen Sie h\u00e4ufig auf kompetenzbasierte Auswahlmethoden. Diese gehen davon aus, dass vergangenes Verhalten eine gute Grundlage f\u00fcr die Vorhersage zuk\u00fcnftigen Verhaltens ist, und nehmen die Form von kompetenzbasierten Fragen an, die w\u00e4hrend des Interviews verbal oder w\u00e4hrend eines schriftlichen kompetenzbasierten Auswahltests gestellt werden. Beide Methoden haben ein einziges Ziel: den Nachweis der erforderlichen [&hellip;]<\/p>\n","protected":false},"author":4,"featured_media":0,"parent":14720,"menu_order":0,"comment_status":"closed","ping_status":"closed","template":"","meta":{"_acf_changed":false,"footnotes":""},"class_list":["post-14823","page","type-page","status-publish","hentry"],"acf":[],"yoast_head":"<!-- This site is optimized with the Yoast SEO Premium plugin v27.6 (Yoast SEO v27.6) - https:\/\/yoast.com\/product\/yoast-seo-premium-wordpress\/ -->\n<title>Kompetenzbasierte Interviews<\/title>\n<meta name=\"description\" content=\"In der Personalbeschaffung st\u00f6\u00dft man h\u00e4ufig auf kompetenzbasierte Auswahlmethoden. Das Verhalten in der Vergangenheit ist eine gute Grundlage f\u00fcr die Vorhersage des zuk\u00fcnftigen Verhaltens.\" \/>\n<meta name=\"robots\" content=\"index, follow, max-snippet:-1, max-image-preview:large, max-video-preview:-1\" \/>\n<link rel=\"canonical\" href=\"https:\/\/renaix.com\/de\/arbeitsuchende\/kompetenzbasierte-interviews-auswahltests\/\" \/>\n<meta property=\"og:locale\" content=\"de_DE\" \/>\n<meta property=\"og:type\" content=\"article\" \/>\n<meta property=\"og:title\" content=\"Kompetenzbasierte Interviews &amp; Auswahltests\" \/>\n<meta property=\"og:description\" content=\"In der Personalbeschaffung st\u00f6\u00dft man h\u00e4ufig auf kompetenzbasierte Auswahlmethoden. Das Verhalten in der Vergangenheit ist eine gute Grundlage f\u00fcr die Vorhersage des zuk\u00fcnftigen Verhaltens.\" \/>\n<meta property=\"og:url\" content=\"https:\/\/renaix.com\/de\/arbeitsuchende\/kompetenzbasierte-interviews-auswahltests\/\" \/>\n<meta property=\"og:site_name\" content=\"Renaix - Recruiting For The Future Of Global Business\" \/>\n<meta property=\"article:publisher\" content=\"https:\/\/www.facebook.com\/Renaix\" \/>\n<meta property=\"article:modified_time\" content=\"2024-02-28T12:20:08+00:00\" \/>\n<meta name=\"twitter:card\" content=\"summary_large_image\" \/>\n<meta name=\"twitter:site\" content=\"@renaixRec\" \/>\n<meta name=\"twitter:label1\" content=\"Gesch\u00e4tzte Lesezeit\" \/>\n\t<meta name=\"twitter:data1\" content=\"5\u00a0Minuten\" \/>\n<script type=\"application\/ld+json\" class=\"yoast-schema-graph\">{\"@context\":\"https:\\\/\\\/schema.org\",\"@graph\":[{\"@type\":\"WebPage\",\"@id\":\"https:\\\/\\\/renaix.com\\\/de\\\/arbeitsuchende\\\/kompetenzbasierte-interviews-auswahltests\\\/\",\"url\":\"https:\\\/\\\/renaix.com\\\/de\\\/arbeitsuchende\\\/kompetenzbasierte-interviews-auswahltests\\\/\",\"name\":\"Kompetenzbasierte Interviews\",\"isPartOf\":{\"@id\":\"https:\\\/\\\/www.renaix.com\\\/de\\\/#website\"},\"datePublished\":\"2017-06-06T12:52:44+00:00\",\"dateModified\":\"2024-02-28T12:20:08+00:00\",\"description\":\"In der Personalbeschaffung st\u00f6\u00dft man h\u00e4ufig auf kompetenzbasierte Auswahlmethoden. Das Verhalten in der Vergangenheit ist eine gute Grundlage f\u00fcr die Vorhersage des zuk\u00fcnftigen Verhaltens.\",\"breadcrumb\":{\"@id\":\"https:\\\/\\\/renaix.com\\\/de\\\/arbeitsuchende\\\/kompetenzbasierte-interviews-auswahltests\\\/#breadcrumb\"},\"inLanguage\":\"de\",\"potentialAction\":[{\"@type\":\"ReadAction\",\"target\":[\"https:\\\/\\\/renaix.com\\\/de\\\/arbeitsuchende\\\/kompetenzbasierte-interviews-auswahltests\\\/\"]}]},{\"@type\":\"BreadcrumbList\",\"@id\":\"https:\\\/\\\/renaix.com\\\/de\\\/arbeitsuchende\\\/kompetenzbasierte-interviews-auswahltests\\\/#breadcrumb\",\"itemListElement\":[{\"@type\":\"ListItem\",\"position\":1,\"name\":\"Home\",\"item\":\"https:\\\/\\\/www.renaix.com\\\/de\\\/\"},{\"@type\":\"ListItem\",\"position\":2,\"name\":\"Arbeitsuchende\",\"item\":\"https:\\\/\\\/www.renaix.com\\\/de\\\/arbeitsuchende\\\/\"},{\"@type\":\"ListItem\",\"position\":3,\"name\":\"Kompetenzbasierte Interviews &amp; Auswahltests\"}]},{\"@type\":\"WebSite\",\"@id\":\"https:\\\/\\\/www.renaix.com\\\/de\\\/#website\",\"url\":\"https:\\\/\\\/www.renaix.com\\\/de\\\/\",\"name\":\"Renaix - Recruiting For The Future Of Global Business\",\"description\":\"Renaix is an international recruitment and executive search consultancy, specialising in placing senior management, finance and audit professionals\",\"publisher\":{\"@id\":\"https:\\\/\\\/www.renaix.com\\\/de\\\/#organization\"},\"potentialAction\":[{\"@type\":\"SearchAction\",\"target\":{\"@type\":\"EntryPoint\",\"urlTemplate\":\"https:\\\/\\\/www.renaix.com\\\/de\\\/?s={search_term_string}\"},\"query-input\":{\"@type\":\"PropertyValueSpecification\",\"valueRequired\":true,\"valueName\":\"search_term_string\"}}],\"inLanguage\":\"de\"},{\"@type\":\"Organization\",\"@id\":\"https:\\\/\\\/www.renaix.com\\\/de\\\/#organization\",\"name\":\"Renaix Recruitment\",\"url\":\"https:\\\/\\\/www.renaix.com\\\/de\\\/\",\"logo\":{\"@type\":\"ImageObject\",\"inLanguage\":\"de\",\"@id\":\"https:\\\/\\\/www.renaix.com\\\/de\\\/#\\\/schema\\\/logo\\\/image\\\/\",\"url\":\"https:\\\/\\\/renaix.com\\\/wp-content\\\/uploads\\\/2017\\\/06\\\/renaix-logo-2.png\",\"contentUrl\":\"https:\\\/\\\/renaix.com\\\/wp-content\\\/uploads\\\/2017\\\/06\\\/renaix-logo-2.png\",\"width\":200,\"height\":32,\"caption\":\"Renaix Recruitment\"},\"image\":{\"@id\":\"https:\\\/\\\/www.renaix.com\\\/de\\\/#\\\/schema\\\/logo\\\/image\\\/\"},\"sameAs\":[\"https:\\\/\\\/www.facebook.com\\\/Renaix\",\"https:\\\/\\\/x.com\\\/renaixRec\",\"https:\\\/\\\/www.linkedin.com\\\/company\\\/renaix\\\/\"]}]}<\/script>\n<!-- \/ Yoast SEO Premium plugin. -->","yoast_head_json":{"title":"Kompetenzbasierte Interviews","description":"In der Personalbeschaffung st\u00f6\u00dft man h\u00e4ufig auf kompetenzbasierte Auswahlmethoden. Das Verhalten in der Vergangenheit ist eine gute Grundlage f\u00fcr die Vorhersage des zuk\u00fcnftigen Verhaltens.","robots":{"index":"index","follow":"follow","max-snippet":"max-snippet:-1","max-image-preview":"max-image-preview:large","max-video-preview":"max-video-preview:-1"},"canonical":"https:\/\/renaix.com\/de\/arbeitsuchende\/kompetenzbasierte-interviews-auswahltests\/","og_locale":"de_DE","og_type":"article","og_title":"Kompetenzbasierte Interviews &amp; Auswahltests","og_description":"In der Personalbeschaffung st\u00f6\u00dft man h\u00e4ufig auf kompetenzbasierte Auswahlmethoden. Das Verhalten in der Vergangenheit ist eine gute Grundlage f\u00fcr die Vorhersage des zuk\u00fcnftigen Verhaltens.","og_url":"https:\/\/renaix.com\/de\/arbeitsuchende\/kompetenzbasierte-interviews-auswahltests\/","og_site_name":"Renaix - Recruiting For The Future Of Global Business","article_publisher":"https:\/\/www.facebook.com\/Renaix","article_modified_time":"2024-02-28T12:20:08+00:00","twitter_card":"summary_large_image","twitter_site":"@renaixRec","twitter_misc":{"Gesch\u00e4tzte Lesezeit":"5\u00a0Minuten"},"schema":{"@context":"https:\/\/schema.org","@graph":[{"@type":"WebPage","@id":"https:\/\/renaix.com\/de\/arbeitsuchende\/kompetenzbasierte-interviews-auswahltests\/","url":"https:\/\/renaix.com\/de\/arbeitsuchende\/kompetenzbasierte-interviews-auswahltests\/","name":"Kompetenzbasierte Interviews","isPartOf":{"@id":"https:\/\/www.renaix.com\/de\/#website"},"datePublished":"2017-06-06T12:52:44+00:00","dateModified":"2024-02-28T12:20:08+00:00","description":"In der Personalbeschaffung st\u00f6\u00dft man h\u00e4ufig auf kompetenzbasierte Auswahlmethoden. Das Verhalten in der Vergangenheit ist eine gute Grundlage f\u00fcr die Vorhersage des zuk\u00fcnftigen Verhaltens.","breadcrumb":{"@id":"https:\/\/renaix.com\/de\/arbeitsuchende\/kompetenzbasierte-interviews-auswahltests\/#breadcrumb"},"inLanguage":"de","potentialAction":[{"@type":"ReadAction","target":["https:\/\/renaix.com\/de\/arbeitsuchende\/kompetenzbasierte-interviews-auswahltests\/"]}]},{"@type":"BreadcrumbList","@id":"https:\/\/renaix.com\/de\/arbeitsuchende\/kompetenzbasierte-interviews-auswahltests\/#breadcrumb","itemListElement":[{"@type":"ListItem","position":1,"name":"Home","item":"https:\/\/www.renaix.com\/de\/"},{"@type":"ListItem","position":2,"name":"Arbeitsuchende","item":"https:\/\/www.renaix.com\/de\/arbeitsuchende\/"},{"@type":"ListItem","position":3,"name":"Kompetenzbasierte Interviews &amp; Auswahltests"}]},{"@type":"WebSite","@id":"https:\/\/www.renaix.com\/de\/#website","url":"https:\/\/www.renaix.com\/de\/","name":"Renaix - Recruiting For The Future Of Global Business","description":"Renaix is an international recruitment and executive search consultancy, specialising in placing senior management, finance and audit professionals","publisher":{"@id":"https:\/\/www.renaix.com\/de\/#organization"},"potentialAction":[{"@type":"SearchAction","target":{"@type":"EntryPoint","urlTemplate":"https:\/\/www.renaix.com\/de\/?s={search_term_string}"},"query-input":{"@type":"PropertyValueSpecification","valueRequired":true,"valueName":"search_term_string"}}],"inLanguage":"de"},{"@type":"Organization","@id":"https:\/\/www.renaix.com\/de\/#organization","name":"Renaix Recruitment","url":"https:\/\/www.renaix.com\/de\/","logo":{"@type":"ImageObject","inLanguage":"de","@id":"https:\/\/www.renaix.com\/de\/#\/schema\/logo\/image\/","url":"https:\/\/renaix.com\/wp-content\/uploads\/2017\/06\/renaix-logo-2.png","contentUrl":"https:\/\/renaix.com\/wp-content\/uploads\/2017\/06\/renaix-logo-2.png","width":200,"height":32,"caption":"Renaix Recruitment"},"image":{"@id":"https:\/\/www.renaix.com\/de\/#\/schema\/logo\/image\/"},"sameAs":["https:\/\/www.facebook.com\/Renaix","https:\/\/x.com\/renaixRec","https:\/\/www.linkedin.com\/company\/renaix\/"]}]}},"_links":{"self":[{"href":"https:\/\/renaix.com\/de\/wp-json\/wp\/v2\/pages\/14823","targetHints":{"allow":["GET"]}}],"collection":[{"href":"https:\/\/renaix.com\/de\/wp-json\/wp\/v2\/pages"}],"about":[{"href":"https:\/\/renaix.com\/de\/wp-json\/wp\/v2\/types\/page"}],"author":[{"embeddable":true,"href":"https:\/\/renaix.com\/de\/wp-json\/wp\/v2\/users\/4"}],"replies":[{"embeddable":true,"href":"https:\/\/renaix.com\/de\/wp-json\/wp\/v2\/comments?post=14823"}],"version-history":[{"count":5,"href":"https:\/\/renaix.com\/de\/wp-json\/wp\/v2\/pages\/14823\/revisions"}],"predecessor-version":[{"id":26875,"href":"https:\/\/renaix.com\/de\/wp-json\/wp\/v2\/pages\/14823\/revisions\/26875"}],"up":[{"embeddable":true,"href":"https:\/\/renaix.com\/de\/wp-json\/wp\/v2\/pages\/14720"}],"wp:attachment":[{"href":"https:\/\/renaix.com\/de\/wp-json\/wp\/v2\/media?parent=14823"}],"curies":[{"name":"wp","href":"https:\/\/api.w.org\/{rel}","templated":true}]}}