{"id":14828,"date":"2017-05-11T11:27:25","date_gmt":"2017-05-11T11:27:25","guid":{"rendered":"https:\/\/renaix.com\/einstellungs-und-managementberatung\/"},"modified":"2024-02-28T17:47:34","modified_gmt":"2024-02-28T17:47:34","slug":"einstellungs-und-managementberatung","status":"publish","type":"page","link":"https:\/\/renaix.com\/de\/arbeitgeber\/einstellungs-und-managementberatung\/","title":{"rendered":"Einstellungs- und Managementberatung"},"content":{"rendered":"<p><strong>Wie Sie hochqualifizierte Mitarbeiter f\u00fcr Ihr Unternehmen akquirieren <\/strong><\/p>\n<p>Egal, ob Sie ein kleines oder gro\u00dfes Unternehmen sind, die Suche nach den besten Talenten kann eine Herausforderung sein. Tausende von anderen Unternehmen auf der ganzen Welt sind entschlossen, die gleichen hochqualifizierten Kandidaten mit passenden Erfahrungen und F\u00e4higkeiten zu finden und f\u00fcr sich zu gewinnen. Wenn es so viel Wettbewerb gibt, ist es wichtig sich als Unternehmen abzuheben und zu etablieren was Ihre Organisation potentiellen Bewerbern bieten kann. Hier sind einige Tipps daf\u00fcr, wie Sie Ihre Chancen erh\u00f6hen k\u00f6nnen, die n\u00f6tigen Mitarbeiter f\u00fcr sich zu gewinnen, sowie langfristig an das Unternehmen zu binden.<\/p>\n<p><strong>Kreative Vorteile<\/strong><\/p>\n<p>Bei der Akquirierung qualifizierter Mitarbeiter sind die zus\u00e4tzlichen Vorteile und Verg\u00fcnstigungen, die Ihr Unternehmen bieten kann, ein wichtiger Faktor. Geld ist nicht alles und demnach k\u00f6nnen andere Vorteile dabei helfen aufzuzeigen, auf welchen anderen Wegen Sie Ihre Mitarbeiter entlohnen und unterst\u00fctzen. Dies ist h\u00e4ufig ein wichtiger entscheidender Faktor f\u00fcr talentierte Kandidaten. Flexible Arbeitgeberzusatzleistungen sind beispielsweise ein Muss, da dies den Mitarbeitern erm\u00f6glicht, die Vorteile an ihre individuellen Bed\u00fcrfnisse und W\u00fcnsche anzupassen (z.B. h\u00f6here Rente, Kinderbetreuungsgutscheine, mehr Urlaub usw.) und leichter ein Gleichgewicht zwischen Beruf und Privatleben zu schaffen. Wenn Sie Kandidaten und Mitarbeiter wirklich begeistern wollen, sollten Sie etwas noch Einzigartigeres anbieten. Dies k\u00f6nnte beispielsweise eine j\u00e4hrliche gemeinsame Firmenreise sein oder eine kostenlose oder subventionierte Mitgliedschaft in einem Fitnessstudio oder Spa. Wenn Sie Unterhaltungsprogramm oder Gesundheitsanreize anbieten, kann das die Moral und die Beziehungen zwischen den Teammitgliedern st\u00e4rken.<\/p>\n<p><strong>Arbeitsplatzgestaltung und Lifestyle<\/strong><\/p>\n<p>Die Atmosph\u00e4re und Kultur, die Sie in Ihrem Unternehmen pflegen, kann ein gro\u00dfes Verkaufsargument f\u00fcr potentielle Mitarbeiter sein. Dazu geh\u00f6ren die Work-Life-Balance, die Sie aktiv zu f\u00f6rdern versuchen, und wie Sie MitarbeiterInnen helfen, motiviert, engagiert und produktiv im B\u00fcro zu bleiben. Unternehmen wie Apple und Google haben diese Kultur etabliert und perfektioniert, indem sie ihre Arbeitsumgebung inspirierend und energetisierend gestaltet haben. Und obwohl Sie vielleicht nicht \u00fcber die gleiche Art von Budget verf\u00fcgen, sollten Sie einige der gleichen Prinzipien implementieren, wie z.B. kreative Besprechungs- und R\u00fcckzugsr\u00e4ume, in denen Mitarbeiter Kontakte kn\u00fcpfen k\u00f6nnen.<\/p>\n<p><strong>Aufstiegsm\u00f6glichkeiten<\/strong><\/p>\n<p>Wenn Sie besonders gute und karrierefokussierte Kandidaten einstellen m\u00f6chten, sollte es Sie nicht \u00fcberraschen, dass diese sich daf\u00fcr interessieren werden, wie schnell Sie in Ihrem Unternehmen aufsteigen und sich weiterentwickeln k\u00f6nnen. Mitarbeiter m\u00f6chten gerne wissen, dass es M\u00f6glichkeiten gibt in Ihrem Unternehmen aufzusteigen und mehr Verantwortung zu \u00fcbernehmen. Daher ist es wichtig, diese M\u00f6glichkeiten den potenziellen Mitarbeitern zu kommunizieren. Dazu geh\u00f6ren beispielsweise Fortbildungen, die ihnen zur Verf\u00fcgung stehen, um bei der Weiterentwicklung ihrer F\u00e4higkeiten aktiv zu helfen.<\/p>\n<p><strong>Flexibilit\u00e4t<\/strong><\/p>\n<p>Flexibilit\u00e4t wird f\u00fcr die Mitarbeiter immer wichtiger, da sie bestrebt sind, ihre Arbeit und ihr Privatleben besser miteinander zu vereinbaren. Die M\u00f6glichkeit, sich die Arbeitszeit frei einzuteilen oder aus dem Home-Office zu arbeiten, kann daher ein wichtiger Motivator f\u00fcr talentierte Kandidaten sein, insbesondere f\u00fcr diejenigen mit Familie. Eine ges\u00fcndere Work-Life-Balance bedeutet gl\u00fccklicheres und ges\u00fcnderes Personal. Und gl\u00fccklicheres Personal bedeutet wiederum bessere und produktivere Arbeit.<\/p>\n<p><strong>Vergr\u00f6\u00dfern Sie Ihr Netz<\/strong><\/p>\n<p>Wenn Sie auf der Suche nach au\u00dfergew\u00f6hnlichen Kandidaten sind, dann lohnt es sich, \u00fcber das \u00dcbliche bei Ihrer Suche hinauszublicken. Das bedeutet, sich nicht nur auf die \u00fcblichen Jobb\u00f6rsen und Websites zu verlassen, sondern eine spezialisierte Personalberatung einzustellen, um Ihnen zu helfen. So k\u00f6nnen Sie ihr spezialisiertes Netzwerk nutzen und Personen finden, auf die Sie normalerweise keinen Zugriff h\u00e4tten Es wird Ihnen au\u00dferdem bei der Verwaltung des Rekrutierungsprozesses und bei der Vereinbarung von Gespr\u00e4chen geholfen.<\/p>\n<p>F\u00fcr weitere Unterst\u00fctzung und Beratung bei der Rekrutierung der besten Kandidaten, rufen Sie einen unserer Berater an unter der +44 (0)20 7553 6320 oder senden Sie uns eine E-Mail an <a href=\"mailto:info@renaix.com\">info@renaix.com<\/a><\/p>\n<p>&nbsp;<\/p>\n","protected":false},"excerpt":{"rendered":"<p>Wie Sie hochqualifizierte Mitarbeiter f\u00fcr Ihr Unternehmen akquirieren Egal, ob Sie ein kleines oder gro\u00dfes Unternehmen sind, die Suche nach den besten Talenten kann eine Herausforderung sein. Tausende von anderen Unternehmen auf der ganzen Welt sind entschlossen, die gleichen hochqualifizierten Kandidaten mit passenden Erfahrungen und F\u00e4higkeiten zu finden und f\u00fcr sich zu gewinnen. Wenn es [&hellip;]<\/p>\n","protected":false},"author":4,"featured_media":0,"parent":15326,"menu_order":0,"comment_status":"closed","ping_status":"closed","template":"","meta":{"_acf_changed":false,"footnotes":""},"class_list":["post-14828","page","type-page","status-publish","hentry"],"acf":[],"yoast_head":"<!-- This site is optimized with the Yoast SEO Premium plugin v27.6 (Yoast SEO v27.6) - https:\/\/yoast.com\/product\/yoast-seo-premium-wordpress\/ -->\n<title>Einstellung und Verwaltung<\/title>\n<meta name=\"description\" content=\"Einstellungsmanagement. Hier sind einige Hinweise, wie Sie Ihre Chancen erh\u00f6hen k\u00f6nnen, die Leute zu gewinnen (und zu halten), die Sie in Ihrem Team brauchen.\" \/>\n<meta name=\"robots\" content=\"index, follow, max-snippet:-1, max-image-preview:large, max-video-preview:-1\" \/>\n<link rel=\"canonical\" href=\"https:\/\/renaix.com\/de\/arbeitgeber\/einstellungs-und-managementberatung\/\" \/>\n<meta property=\"og:locale\" content=\"de_DE\" \/>\n<meta property=\"og:type\" content=\"article\" \/>\n<meta property=\"og:title\" content=\"Einstellungs- und Managementberatung\" \/>\n<meta property=\"og:description\" content=\"Einstellungsmanagement. Hier sind einige Hinweise, wie Sie Ihre Chancen erh\u00f6hen k\u00f6nnen, die Leute zu gewinnen (und zu halten), die Sie in Ihrem Team brauchen.\" \/>\n<meta property=\"og:url\" content=\"https:\/\/renaix.com\/de\/arbeitgeber\/einstellungs-und-managementberatung\/\" \/>\n<meta property=\"og:site_name\" content=\"Renaix - Recruiting For The Future Of Global Business\" \/>\n<meta property=\"article:publisher\" content=\"https:\/\/www.facebook.com\/Renaix\" \/>\n<meta property=\"article:modified_time\" content=\"2024-02-28T17:47:34+00:00\" \/>\n<meta name=\"twitter:card\" content=\"summary_large_image\" \/>\n<meta name=\"twitter:site\" content=\"@renaixRec\" \/>\n<meta name=\"twitter:label1\" content=\"Gesch\u00e4tzte Lesezeit\" \/>\n\t<meta name=\"twitter:data1\" content=\"3\u00a0Minuten\" \/>\n<script type=\"application\/ld+json\" class=\"yoast-schema-graph\">{\"@context\":\"https:\\\/\\\/schema.org\",\"@graph\":[{\"@type\":\"WebPage\",\"@id\":\"https:\\\/\\\/renaix.com\\\/de\\\/arbeitgeber\\\/einstellungs-und-managementberatung\\\/\",\"url\":\"https:\\\/\\\/renaix.com\\\/de\\\/arbeitgeber\\\/einstellungs-und-managementberatung\\\/\",\"name\":\"Einstellung und Verwaltung\",\"isPartOf\":{\"@id\":\"https:\\\/\\\/www.renaix.com\\\/de\\\/#website\"},\"datePublished\":\"2017-05-11T11:27:25+00:00\",\"dateModified\":\"2024-02-28T17:47:34+00:00\",\"description\":\"Einstellungsmanagement. Hier sind einige Hinweise, wie Sie Ihre Chancen erh\u00f6hen k\u00f6nnen, die Leute zu gewinnen (und zu halten), die Sie in Ihrem Team brauchen.\",\"breadcrumb\":{\"@id\":\"https:\\\/\\\/renaix.com\\\/de\\\/arbeitgeber\\\/einstellungs-und-managementberatung\\\/#breadcrumb\"},\"inLanguage\":\"de\",\"potentialAction\":[{\"@type\":\"ReadAction\",\"target\":[\"https:\\\/\\\/renaix.com\\\/de\\\/arbeitgeber\\\/einstellungs-und-managementberatung\\\/\"]}]},{\"@type\":\"BreadcrumbList\",\"@id\":\"https:\\\/\\\/renaix.com\\\/de\\\/arbeitgeber\\\/einstellungs-und-managementberatung\\\/#breadcrumb\",\"itemListElement\":[{\"@type\":\"ListItem\",\"position\":1,\"name\":\"Home\",\"item\":\"https:\\\/\\\/www.renaix.com\\\/de\\\/\"},{\"@type\":\"ListItem\",\"position\":2,\"name\":\"Arbeitgeber\",\"item\":\"https:\\\/\\\/www.renaix.com\\\/de\\\/arbeitgeber\\\/\"},{\"@type\":\"ListItem\",\"position\":3,\"name\":\"Einstellungs- und Managementberatung\"}]},{\"@type\":\"WebSite\",\"@id\":\"https:\\\/\\\/www.renaix.com\\\/de\\\/#website\",\"url\":\"https:\\\/\\\/www.renaix.com\\\/de\\\/\",\"name\":\"Renaix - Recruiting For The Future Of Global Business\",\"description\":\"Renaix is an international recruitment and executive search consultancy, specialising in placing senior management, finance and audit professionals\",\"publisher\":{\"@id\":\"https:\\\/\\\/www.renaix.com\\\/de\\\/#organization\"},\"potentialAction\":[{\"@type\":\"SearchAction\",\"target\":{\"@type\":\"EntryPoint\",\"urlTemplate\":\"https:\\\/\\\/www.renaix.com\\\/de\\\/?s={search_term_string}\"},\"query-input\":{\"@type\":\"PropertyValueSpecification\",\"valueRequired\":true,\"valueName\":\"search_term_string\"}}],\"inLanguage\":\"de\"},{\"@type\":\"Organization\",\"@id\":\"https:\\\/\\\/www.renaix.com\\\/de\\\/#organization\",\"name\":\"Renaix Recruitment\",\"url\":\"https:\\\/\\\/www.renaix.com\\\/de\\\/\",\"logo\":{\"@type\":\"ImageObject\",\"inLanguage\":\"de\",\"@id\":\"https:\\\/\\\/www.renaix.com\\\/de\\\/#\\\/schema\\\/logo\\\/image\\\/\",\"url\":\"https:\\\/\\\/renaix.com\\\/wp-content\\\/uploads\\\/2017\\\/06\\\/renaix-logo-2.png\",\"contentUrl\":\"https:\\\/\\\/renaix.com\\\/wp-content\\\/uploads\\\/2017\\\/06\\\/renaix-logo-2.png\",\"width\":200,\"height\":32,\"caption\":\"Renaix Recruitment\"},\"image\":{\"@id\":\"https:\\\/\\\/www.renaix.com\\\/de\\\/#\\\/schema\\\/logo\\\/image\\\/\"},\"sameAs\":[\"https:\\\/\\\/www.facebook.com\\\/Renaix\",\"https:\\\/\\\/x.com\\\/renaixRec\",\"https:\\\/\\\/www.linkedin.com\\\/company\\\/renaix\\\/\"]}]}<\/script>\n<!-- \/ Yoast SEO Premium plugin. -->","yoast_head_json":{"title":"Einstellung und Verwaltung","description":"Einstellungsmanagement. Hier sind einige Hinweise, wie Sie Ihre Chancen erh\u00f6hen k\u00f6nnen, die Leute zu gewinnen (und zu halten), die Sie in Ihrem Team brauchen.","robots":{"index":"index","follow":"follow","max-snippet":"max-snippet:-1","max-image-preview":"max-image-preview:large","max-video-preview":"max-video-preview:-1"},"canonical":"https:\/\/renaix.com\/de\/arbeitgeber\/einstellungs-und-managementberatung\/","og_locale":"de_DE","og_type":"article","og_title":"Einstellungs- und Managementberatung","og_description":"Einstellungsmanagement. Hier sind einige Hinweise, wie Sie Ihre Chancen erh\u00f6hen k\u00f6nnen, die Leute zu gewinnen (und zu halten), die Sie in Ihrem Team brauchen.","og_url":"https:\/\/renaix.com\/de\/arbeitgeber\/einstellungs-und-managementberatung\/","og_site_name":"Renaix - Recruiting For The Future Of Global Business","article_publisher":"https:\/\/www.facebook.com\/Renaix","article_modified_time":"2024-02-28T17:47:34+00:00","twitter_card":"summary_large_image","twitter_site":"@renaixRec","twitter_misc":{"Gesch\u00e4tzte Lesezeit":"3\u00a0Minuten"},"schema":{"@context":"https:\/\/schema.org","@graph":[{"@type":"WebPage","@id":"https:\/\/renaix.com\/de\/arbeitgeber\/einstellungs-und-managementberatung\/","url":"https:\/\/renaix.com\/de\/arbeitgeber\/einstellungs-und-managementberatung\/","name":"Einstellung und Verwaltung","isPartOf":{"@id":"https:\/\/www.renaix.com\/de\/#website"},"datePublished":"2017-05-11T11:27:25+00:00","dateModified":"2024-02-28T17:47:34+00:00","description":"Einstellungsmanagement. Hier sind einige Hinweise, wie Sie Ihre Chancen erh\u00f6hen k\u00f6nnen, die Leute zu gewinnen (und zu halten), die Sie in Ihrem Team brauchen.","breadcrumb":{"@id":"https:\/\/renaix.com\/de\/arbeitgeber\/einstellungs-und-managementberatung\/#breadcrumb"},"inLanguage":"de","potentialAction":[{"@type":"ReadAction","target":["https:\/\/renaix.com\/de\/arbeitgeber\/einstellungs-und-managementberatung\/"]}]},{"@type":"BreadcrumbList","@id":"https:\/\/renaix.com\/de\/arbeitgeber\/einstellungs-und-managementberatung\/#breadcrumb","itemListElement":[{"@type":"ListItem","position":1,"name":"Home","item":"https:\/\/www.renaix.com\/de\/"},{"@type":"ListItem","position":2,"name":"Arbeitgeber","item":"https:\/\/www.renaix.com\/de\/arbeitgeber\/"},{"@type":"ListItem","position":3,"name":"Einstellungs- und Managementberatung"}]},{"@type":"WebSite","@id":"https:\/\/www.renaix.com\/de\/#website","url":"https:\/\/www.renaix.com\/de\/","name":"Renaix - Recruiting For The Future Of Global Business","description":"Renaix is an international recruitment and executive search consultancy, specialising in placing senior management, finance and audit professionals","publisher":{"@id":"https:\/\/www.renaix.com\/de\/#organization"},"potentialAction":[{"@type":"SearchAction","target":{"@type":"EntryPoint","urlTemplate":"https:\/\/www.renaix.com\/de\/?s={search_term_string}"},"query-input":{"@type":"PropertyValueSpecification","valueRequired":true,"valueName":"search_term_string"}}],"inLanguage":"de"},{"@type":"Organization","@id":"https:\/\/www.renaix.com\/de\/#organization","name":"Renaix Recruitment","url":"https:\/\/www.renaix.com\/de\/","logo":{"@type":"ImageObject","inLanguage":"de","@id":"https:\/\/www.renaix.com\/de\/#\/schema\/logo\/image\/","url":"https:\/\/renaix.com\/wp-content\/uploads\/2017\/06\/renaix-logo-2.png","contentUrl":"https:\/\/renaix.com\/wp-content\/uploads\/2017\/06\/renaix-logo-2.png","width":200,"height":32,"caption":"Renaix Recruitment"},"image":{"@id":"https:\/\/www.renaix.com\/de\/#\/schema\/logo\/image\/"},"sameAs":["https:\/\/www.facebook.com\/Renaix","https:\/\/x.com\/renaixRec","https:\/\/www.linkedin.com\/company\/renaix\/"]}]}},"_links":{"self":[{"href":"https:\/\/renaix.com\/de\/wp-json\/wp\/v2\/pages\/14828","targetHints":{"allow":["GET"]}}],"collection":[{"href":"https:\/\/renaix.com\/de\/wp-json\/wp\/v2\/pages"}],"about":[{"href":"https:\/\/renaix.com\/de\/wp-json\/wp\/v2\/types\/page"}],"author":[{"embeddable":true,"href":"https:\/\/renaix.com\/de\/wp-json\/wp\/v2\/users\/4"}],"replies":[{"embeddable":true,"href":"https:\/\/renaix.com\/de\/wp-json\/wp\/v2\/comments?post=14828"}],"version-history":[{"count":5,"href":"https:\/\/renaix.com\/de\/wp-json\/wp\/v2\/pages\/14828\/revisions"}],"predecessor-version":[{"id":26910,"href":"https:\/\/renaix.com\/de\/wp-json\/wp\/v2\/pages\/14828\/revisions\/26910"}],"up":[{"embeddable":true,"href":"https:\/\/renaix.com\/de\/wp-json\/wp\/v2\/pages\/15326"}],"wp:attachment":[{"href":"https:\/\/renaix.com\/de\/wp-json\/wp\/v2\/media?parent=14828"}],"curies":[{"name":"wp","href":"https:\/\/api.w.org\/{rel}","templated":true}]}}