{"id":14835,"date":"2017-09-01T20:43:43","date_gmt":"2017-09-01T20:43:43","guid":{"rendered":"https:\/\/renaix.com\/executive-search\/"},"modified":"2024-02-28T17:46:07","modified_gmt":"2024-02-28T17:46:07","slug":"executive-search","status":"publish","type":"page","link":"https:\/\/renaix.com\/de\/arbeitgeber\/executive-search\/","title":{"rendered":"Executive Search"},"content":{"rendered":"<p>Renaix Executive Search \u00fcbernimmt Auftr\u00e4ge, die besondere Aufmerksamkeit erfordern, sei es aufgrund des Dienstalters der Rolle, des Standorts oder der Notwendigkeit der Vertraulichkeit. In diesen F\u00e4llen gew\u00e4hrleistet Renaix Executive Search h\u00f6chste Professionalit\u00e4t und Sensibilit\u00e4t.<\/p>\n<p>Im Rahmen unseres Service erhalten Sie die pers\u00f6nliche Betreuung eines Managers, der sich viel Zeit nehmen wird, Ihre Anforderungen zu verstehen, bevor anschlie\u00dfend ein umfassender Auswahlprozess eingeleitet wird. Unsere Manager sind sehr erfahren und k\u00f6nnen auf ein umfangreiches Netzwerk von talentierten Fachleuten auf allen Ebenen zur\u00fcckgreife, die eine gro\u00dfe Bandbreite an F\u00e4higkeiten und Erfahrungen besitzen.<\/p>\n<p>W\u00e4hrend die meisten Suchauftr\u00e4ge, die wir bearbeiten, im Finanzbereich liegen, bitten Kunden regelm\u00e4\u00dfig um unsere Unterst\u00fctzung in anderen Bereichen wie Einkauf, Steuern, Treasury und generelles Management. Als privat gef\u00fchrtes Unternehmen, das nicht einer gr\u00f6\u00dferen Personalvermittlung angeschlossen ist, k\u00f6nnen wir so viel Zugang zu Kandidaten und so wenig Abwerbekonflikte wie m\u00f6glich gew\u00e4hrleisten.<\/p>\n<p>Die Bedingungen f\u00fcr jede Vermittlung variieren, beinhalten jedoch in der Regel eine Honorarpauschale, um mit der Suche zu beginnen. Anschlie\u00dfend folgen weiteren Zahlungen, wenn im Laufe des Auswahlverfahrens vorab vereinbarte Ziele erreicht werden.<\/p>\n<p>F\u00fcr weitere Informationen dar\u00fcber, wie Renaix Executive Search Ihnen helfen kann, spezialisierte Talente zu finden, k\u00f6nnen Sie uns gerne anrufen unter der +44 (0)20 7553 6320 oder senden Sie uns eine E-Mail an info@renaix.com.<\/p>\n","protected":false},"excerpt":{"rendered":"<p>Renaix Executive Search \u00fcbernimmt Auftr\u00e4ge, die besondere Aufmerksamkeit erfordern, sei es aufgrund des Dienstalters der Rolle, des Standorts oder der Notwendigkeit der Vertraulichkeit. In diesen F\u00e4llen gew\u00e4hrleistet Renaix Executive Search h\u00f6chste Professionalit\u00e4t und Sensibilit\u00e4t. Im Rahmen unseres Service erhalten Sie die pers\u00f6nliche Betreuung eines Managers, der sich viel Zeit nehmen wird, Ihre Anforderungen zu verstehen, [&hellip;]<\/p>\n","protected":false},"author":4,"featured_media":0,"parent":15326,"menu_order":0,"comment_status":"closed","ping_status":"closed","template":"","meta":{"_acf_changed":false,"footnotes":""},"class_list":["post-14835","page","type-page","status-publish","hentry"],"acf":[],"yoast_head":"<!-- This site is optimized with the Yoast SEO Premium plugin v27.6 (Yoast SEO v27.6) - https:\/\/yoast.com\/product\/yoast-seo-premium-wordpress\/ -->\n<title>Executive Search<\/title>\n<meta name=\"description\" content=\"Renaix Executive Search bearbeitet Auftr\u00e4ge, die besondere Aufmerksamkeit erfordern, sei es aufgrund des Dienstalters der Rolle oder des Standorts.\" \/>\n<meta name=\"robots\" content=\"index, follow, max-snippet:-1, max-image-preview:large, max-video-preview:-1\" \/>\n<link rel=\"canonical\" href=\"https:\/\/renaix.com\/de\/arbeitgeber\/executive-search\/\" \/>\n<meta property=\"og:locale\" content=\"de_DE\" \/>\n<meta property=\"og:type\" content=\"article\" \/>\n<meta property=\"og:title\" content=\"Executive Search\" \/>\n<meta property=\"og:description\" content=\"Renaix Executive Search bearbeitet Auftr\u00e4ge, die besondere Aufmerksamkeit erfordern, sei es aufgrund des Dienstalters der Rolle oder des Standorts.\" \/>\n<meta property=\"og:url\" content=\"https:\/\/renaix.com\/de\/arbeitgeber\/executive-search\/\" \/>\n<meta property=\"og:site_name\" content=\"Renaix - Recruiting For The Future Of Global Business\" \/>\n<meta property=\"article:publisher\" content=\"https:\/\/www.facebook.com\/Renaix\" \/>\n<meta property=\"article:modified_time\" content=\"2024-02-28T17:46:07+00:00\" \/>\n<meta name=\"twitter:card\" content=\"summary_large_image\" \/>\n<meta name=\"twitter:site\" content=\"@renaixRec\" \/>\n<meta name=\"twitter:label1\" content=\"Gesch\u00e4tzte Lesezeit\" \/>\n\t<meta name=\"twitter:data1\" content=\"1\u00a0Minute\" \/>\n<script type=\"application\/ld+json\" class=\"yoast-schema-graph\">{\"@context\":\"https:\\\/\\\/schema.org\",\"@graph\":[{\"@type\":\"WebPage\",\"@id\":\"https:\\\/\\\/renaix.com\\\/de\\\/arbeitgeber\\\/executive-search\\\/\",\"url\":\"https:\\\/\\\/renaix.com\\\/de\\\/arbeitgeber\\\/executive-search\\\/\",\"name\":\"Executive Search\",\"isPartOf\":{\"@id\":\"https:\\\/\\\/www.renaix.com\\\/de\\\/#website\"},\"datePublished\":\"2017-09-01T20:43:43+00:00\",\"dateModified\":\"2024-02-28T17:46:07+00:00\",\"description\":\"Renaix Executive Search bearbeitet Auftr\u00e4ge, die besondere Aufmerksamkeit erfordern, sei es aufgrund des Dienstalters der Rolle oder des Standorts.\",\"breadcrumb\":{\"@id\":\"https:\\\/\\\/renaix.com\\\/de\\\/arbeitgeber\\\/executive-search\\\/#breadcrumb\"},\"inLanguage\":\"de\",\"potentialAction\":[{\"@type\":\"ReadAction\",\"target\":[\"https:\\\/\\\/renaix.com\\\/de\\\/arbeitgeber\\\/executive-search\\\/\"]}]},{\"@type\":\"BreadcrumbList\",\"@id\":\"https:\\\/\\\/renaix.com\\\/de\\\/arbeitgeber\\\/executive-search\\\/#breadcrumb\",\"itemListElement\":[{\"@type\":\"ListItem\",\"position\":1,\"name\":\"Home\",\"item\":\"https:\\\/\\\/www.renaix.com\\\/de\\\/\"},{\"@type\":\"ListItem\",\"position\":2,\"name\":\"Arbeitgeber\",\"item\":\"https:\\\/\\\/www.renaix.com\\\/de\\\/arbeitgeber\\\/\"},{\"@type\":\"ListItem\",\"position\":3,\"name\":\"Executive Search\"}]},{\"@type\":\"WebSite\",\"@id\":\"https:\\\/\\\/www.renaix.com\\\/de\\\/#website\",\"url\":\"https:\\\/\\\/www.renaix.com\\\/de\\\/\",\"name\":\"Renaix - Recruiting For The Future Of Global Business\",\"description\":\"Renaix is an international recruitment and executive search consultancy, specialising in placing senior management, finance and audit professionals\",\"publisher\":{\"@id\":\"https:\\\/\\\/www.renaix.com\\\/de\\\/#organization\"},\"potentialAction\":[{\"@type\":\"SearchAction\",\"target\":{\"@type\":\"EntryPoint\",\"urlTemplate\":\"https:\\\/\\\/www.renaix.com\\\/de\\\/?s={search_term_string}\"},\"query-input\":{\"@type\":\"PropertyValueSpecification\",\"valueRequired\":true,\"valueName\":\"search_term_string\"}}],\"inLanguage\":\"de\"},{\"@type\":\"Organization\",\"@id\":\"https:\\\/\\\/www.renaix.com\\\/de\\\/#organization\",\"name\":\"Renaix Recruitment\",\"url\":\"https:\\\/\\\/www.renaix.com\\\/de\\\/\",\"logo\":{\"@type\":\"ImageObject\",\"inLanguage\":\"de\",\"@id\":\"https:\\\/\\\/www.renaix.com\\\/de\\\/#\\\/schema\\\/logo\\\/image\\\/\",\"url\":\"https:\\\/\\\/renaix.com\\\/wp-content\\\/uploads\\\/2017\\\/06\\\/renaix-logo-2.png\",\"contentUrl\":\"https:\\\/\\\/renaix.com\\\/wp-content\\\/uploads\\\/2017\\\/06\\\/renaix-logo-2.png\",\"width\":200,\"height\":32,\"caption\":\"Renaix Recruitment\"},\"image\":{\"@id\":\"https:\\\/\\\/www.renaix.com\\\/de\\\/#\\\/schema\\\/logo\\\/image\\\/\"},\"sameAs\":[\"https:\\\/\\\/www.facebook.com\\\/Renaix\",\"https:\\\/\\\/x.com\\\/renaixRec\",\"https:\\\/\\\/www.linkedin.com\\\/company\\\/renaix\\\/\"]}]}<\/script>\n<!-- \/ Yoast SEO Premium plugin. -->","yoast_head_json":{"title":"Executive Search","description":"Renaix Executive Search bearbeitet Auftr\u00e4ge, die besondere Aufmerksamkeit erfordern, sei es aufgrund des Dienstalters der Rolle oder des Standorts.","robots":{"index":"index","follow":"follow","max-snippet":"max-snippet:-1","max-image-preview":"max-image-preview:large","max-video-preview":"max-video-preview:-1"},"canonical":"https:\/\/renaix.com\/de\/arbeitgeber\/executive-search\/","og_locale":"de_DE","og_type":"article","og_title":"Executive Search","og_description":"Renaix Executive Search bearbeitet Auftr\u00e4ge, die besondere Aufmerksamkeit erfordern, sei es aufgrund des Dienstalters der Rolle oder des Standorts.","og_url":"https:\/\/renaix.com\/de\/arbeitgeber\/executive-search\/","og_site_name":"Renaix - Recruiting For The Future Of Global Business","article_publisher":"https:\/\/www.facebook.com\/Renaix","article_modified_time":"2024-02-28T17:46:07+00:00","twitter_card":"summary_large_image","twitter_site":"@renaixRec","twitter_misc":{"Gesch\u00e4tzte Lesezeit":"1\u00a0Minute"},"schema":{"@context":"https:\/\/schema.org","@graph":[{"@type":"WebPage","@id":"https:\/\/renaix.com\/de\/arbeitgeber\/executive-search\/","url":"https:\/\/renaix.com\/de\/arbeitgeber\/executive-search\/","name":"Executive Search","isPartOf":{"@id":"https:\/\/www.renaix.com\/de\/#website"},"datePublished":"2017-09-01T20:43:43+00:00","dateModified":"2024-02-28T17:46:07+00:00","description":"Renaix Executive Search bearbeitet Auftr\u00e4ge, die besondere Aufmerksamkeit erfordern, sei es aufgrund des Dienstalters der Rolle oder des Standorts.","breadcrumb":{"@id":"https:\/\/renaix.com\/de\/arbeitgeber\/executive-search\/#breadcrumb"},"inLanguage":"de","potentialAction":[{"@type":"ReadAction","target":["https:\/\/renaix.com\/de\/arbeitgeber\/executive-search\/"]}]},{"@type":"BreadcrumbList","@id":"https:\/\/renaix.com\/de\/arbeitgeber\/executive-search\/#breadcrumb","itemListElement":[{"@type":"ListItem","position":1,"name":"Home","item":"https:\/\/www.renaix.com\/de\/"},{"@type":"ListItem","position":2,"name":"Arbeitgeber","item":"https:\/\/www.renaix.com\/de\/arbeitgeber\/"},{"@type":"ListItem","position":3,"name":"Executive Search"}]},{"@type":"WebSite","@id":"https:\/\/www.renaix.com\/de\/#website","url":"https:\/\/www.renaix.com\/de\/","name":"Renaix - Recruiting For The Future Of Global Business","description":"Renaix is an international recruitment and executive search consultancy, specialising in placing senior management, finance and audit professionals","publisher":{"@id":"https:\/\/www.renaix.com\/de\/#organization"},"potentialAction":[{"@type":"SearchAction","target":{"@type":"EntryPoint","urlTemplate":"https:\/\/www.renaix.com\/de\/?s={search_term_string}"},"query-input":{"@type":"PropertyValueSpecification","valueRequired":true,"valueName":"search_term_string"}}],"inLanguage":"de"},{"@type":"Organization","@id":"https:\/\/www.renaix.com\/de\/#organization","name":"Renaix Recruitment","url":"https:\/\/www.renaix.com\/de\/","logo":{"@type":"ImageObject","inLanguage":"de","@id":"https:\/\/www.renaix.com\/de\/#\/schema\/logo\/image\/","url":"https:\/\/renaix.com\/wp-content\/uploads\/2017\/06\/renaix-logo-2.png","contentUrl":"https:\/\/renaix.com\/wp-content\/uploads\/2017\/06\/renaix-logo-2.png","width":200,"height":32,"caption":"Renaix Recruitment"},"image":{"@id":"https:\/\/www.renaix.com\/de\/#\/schema\/logo\/image\/"},"sameAs":["https:\/\/www.facebook.com\/Renaix","https:\/\/x.com\/renaixRec","https:\/\/www.linkedin.com\/company\/renaix\/"]}]}},"_links":{"self":[{"href":"https:\/\/renaix.com\/de\/wp-json\/wp\/v2\/pages\/14835","targetHints":{"allow":["GET"]}}],"collection":[{"href":"https:\/\/renaix.com\/de\/wp-json\/wp\/v2\/pages"}],"about":[{"href":"https:\/\/renaix.com\/de\/wp-json\/wp\/v2\/types\/page"}],"author":[{"embeddable":true,"href":"https:\/\/renaix.com\/de\/wp-json\/wp\/v2\/users\/4"}],"replies":[{"embeddable":true,"href":"https:\/\/renaix.com\/de\/wp-json\/wp\/v2\/comments?post=14835"}],"version-history":[{"count":5,"href":"https:\/\/renaix.com\/de\/wp-json\/wp\/v2\/pages\/14835\/revisions"}],"predecessor-version":[{"id":26908,"href":"https:\/\/renaix.com\/de\/wp-json\/wp\/v2\/pages\/14835\/revisions\/26908"}],"up":[{"embeddable":true,"href":"https:\/\/renaix.com\/de\/wp-json\/wp\/v2\/pages\/15326"}],"wp:attachment":[{"href":"https:\/\/renaix.com\/de\/wp-json\/wp\/v2\/media?parent=14835"}],"curies":[{"name":"wp","href":"https:\/\/api.w.org\/{rel}","templated":true}]}}