{"id":14836,"date":"2017-09-01T20:43:23","date_gmt":"2017-09-01T20:43:23","guid":{"rendered":"https:\/\/renaix.com\/strategie-vertrieb-marketing\/"},"modified":"2024-02-28T17:42:32","modified_gmt":"2024-02-28T17:42:32","slug":"strategie-vertrieb-marketing","status":"publish","type":"page","link":"https:\/\/renaix.com\/de\/arbeitgeber\/strategie-vertrieb-marketing\/","title":{"rendered":"Strategie, Vertrieb &#038; Marketing"},"content":{"rendered":"<p><strong>Rekrutierung von F\u00fchrungskr\u00e4ften im allgemeinen Management <\/strong><\/p>\n<p>Renaix verf\u00fcgt \u00fcber 20 Jahre Erfahrung in der Beschaffung von General Management Professionals f\u00fcr die internationale Finanz- und Buchhaltungsbranche. Zus\u00e4tzlich zu diesen Rollen rekrutieren wir auch f\u00fcr andere nicht-finanzielle Aufgaben in hr, Supply Chain, Marketing und Purchasing. Unser Beraterteam geht jeden Auftrag individuell an und sorgt daf\u00fcr, dass sowohl Kunden als auch Kandidaten ein erfolgreiches Match finden.<\/p>\n<p><strong>Mit wem wir zusammenarbeiten<\/strong><\/p>\n<p>Zu unseren Kunden z\u00e4hlen Fortune 500, europ\u00e4ische Top-Multis und gro\u00dfe Finanzdienstleister sowie KMU und Arbeitgeber im mittleren Markt. Unsere geografische Abdeckung erstreckt sich \u00fcber Europa, Amerika, Asien und den Nahen Osten.<\/p>\n<p><strong>Rollen, die wir rekrutieren <\/strong><\/p>\n<p>Wir beziehen Kandidaten auf allen F\u00fchrungsebenen in <a href=\"https:\/\/renaix.com\/jobseekers\/search-jobs\/?keywords=accountant&amp;locations&lt;wpml_curved%20wpml_value='d285d941b2856d8edaa7d66d7c7b035d9e386af4c31d2bc603834492988aa161'&gt;&lt;\/wpml_curved&gt;5B&lt;wpml_curved%20wpml_value='d285d941b2856d8edaa7d66d7c7b035d9e386af4c31d2bc603834492988aa161'&gt;&lt;\/wpml_curved&gt;5D=&amp;send=true\">Buchhaltungs-<\/a> und <a href=\"https:\/\/renaix.com\/jobseekers\/search-jobs\/?keywords=audit&amp;locations&lt;wpml_curved%20wpml_value='d285d941b2856d8edaa7d66d7c7b035d9e386af4c31d2bc603834492988aa161'&gt;&lt;\/wpml_curved&gt;5B&lt;wpml_curved%20wpml_value='d285d941b2856d8edaa7d66d7c7b035d9e386af4c31d2bc603834492988aa161'&gt;&lt;\/wpml_curved&gt;5D=&amp;send=true\">Wirtschaftspr\u00fcfungsgesellschaften,<\/a> <a href=\"https:\/\/renaix.com\/jobseekers\/search-jobs\/?keywords=banking&amp;locations&lt;wpml_curved%20wpml_value='d285d941b2856d8edaa7d66d7c7b035d9e386af4c31d2bc603834492988aa161'&gt;&lt;\/wpml_curved&gt;5B&lt;wpml_curved%20wpml_value='d285d941b2856d8edaa7d66d7c7b035d9e386af4c31d2bc603834492988aa161'&gt;&lt;\/wpml_curved&gt;5D=&amp;send=true\">Banken,<\/a> <a href=\"https:\/\/renaix.com\/jobseekers\/search-jobs\/?keywords=financial+services&amp;locations&lt;wpml_curved%20wpml_value='d285d941b2856d8edaa7d66d7c7b035d9e386af4c31d2bc603834492988aa161'&gt;&lt;\/wpml_curved&gt;5B&lt;wpml_curved%20wpml_value='d285d941b2856d8edaa7d66d7c7b035d9e386af4c31d2bc603834492988aa161'&gt;&lt;\/wpml_curved&gt;5D=&amp;send=true\">Finanzdienstleistern<\/a> und anderen nicht finanziellen Operationen in den Bereichen PERSONAL, Supply Chain, Marketing und Einkauf. Egal, welchen Fachbereich oder Erfahrungsbereich Sie suchen, unsere Berater gehen genau hin, um Ihre Bed\u00fcrfnisse zu verstehen.<\/p>\n<p><strong>Warum Renaix?<\/strong><\/p>\n<p>Gutes Management ist ein wichtiger Bestandteil jeder erfolgreichen Organisation, weshalb Investitionen in die richtigen Talente unerl\u00e4sslich sind. Unsere langj\u00e4hrige Erfahrung in der internationalen Finanz- und Buchhaltungsbranche bedeutet, dass wir \u00fcber das Netzwerk und das Know-how verf\u00fcgen, um die technischen, zwischenmenschlichen und kulturellen Anforderungen f\u00fcr Sie zu finden.<\/p>\n<p>Unser pers\u00f6nlicher Ansatz bedeutet, dass wir mehr tun, als nur Lebensl\u00e4ufe weiterzuleiten, Zeit damit zu verbringen, zu verstehen, was Sie suchen, und in jeder Phase des Einstellungsprozesses eingehende Diskussionen zu f\u00fchren. Renaix-Berater sind auch Experten im Umgang mit den Sensibilit\u00e4ten bei der Rekrutierung, um einen reibungslosen Ablauf von Diskussionen und Verhandlungen zu gew\u00e4hrleisten.<\/p>\n<p><strong>Auf der Suche nach General Management Talent?<\/strong><\/p>\n<p>F\u00fcr weitere Informationen, wie wir Ihnen helfen k\u00f6nnen, allgemeine Management-Talente zu beschaffen, <a href=\"https:\/\/renaix.com\/employers\/submit-a-vacancy\/\">senden Sie uns Ihre freie Stelle<\/a> oder rufen Sie uns an unter +44 (0)20 7553 6320.<\/p>\n","protected":false},"excerpt":{"rendered":"<p>Rekrutierung von F\u00fchrungskr\u00e4ften im allgemeinen Management Renaix verf\u00fcgt \u00fcber 20 Jahre Erfahrung in der Beschaffung von General Management Professionals f\u00fcr die internationale Finanz- und Buchhaltungsbranche. Zus\u00e4tzlich zu diesen Rollen rekrutieren wir auch f\u00fcr andere nicht-finanzielle Aufgaben in hr, Supply Chain, Marketing und Purchasing. Unser Beraterteam geht jeden Auftrag individuell an und sorgt daf\u00fcr, dass sowohl [&hellip;]<\/p>\n","protected":false},"author":4,"featured_media":0,"parent":15326,"menu_order":0,"comment_status":"closed","ping_status":"closed","template":"","meta":{"_acf_changed":false,"footnotes":""},"class_list":["post-14836","page","type-page","status-publish","hentry"],"acf":[],"yoast_head":"<!-- This site is optimized with the Yoast SEO Premium plugin v27.6 (Yoast SEO v27.6) - https:\/\/yoast.com\/product\/yoast-seo-premium-wordpress\/ -->\n<title>Strategie, Vertrieb &amp; Marketing<\/title>\n<meta name=\"description\" content=\"Recruiting-Strategie, Vertriebs- &amp; Marketing-Profis. Renaix verf\u00fcgt \u00fcber 20 Jahre Erfahrung in der Beschaffung von General Management Professionals f\u00fcr die internationale Finanz- und\" \/>\n<meta name=\"robots\" content=\"index, follow, max-snippet:-1, max-image-preview:large, max-video-preview:-1\" \/>\n<link rel=\"canonical\" href=\"https:\/\/renaix.com\/de\/arbeitgeber\/strategie-vertrieb-marketing\/\" \/>\n<meta property=\"og:locale\" content=\"de_DE\" \/>\n<meta property=\"og:type\" content=\"article\" \/>\n<meta property=\"og:title\" content=\"Strategie, Vertrieb &amp; Marketing\" \/>\n<meta property=\"og:description\" content=\"Recruiting-Strategie, Vertriebs- &amp; Marketing-Profis. Renaix verf\u00fcgt \u00fcber 20 Jahre Erfahrung in der Beschaffung von General Management Professionals f\u00fcr die internationale Finanz- und\" \/>\n<meta property=\"og:url\" content=\"https:\/\/renaix.com\/de\/arbeitgeber\/strategie-vertrieb-marketing\/\" \/>\n<meta property=\"og:site_name\" content=\"Renaix - Recruiting For The Future Of Global Business\" \/>\n<meta property=\"article:publisher\" content=\"https:\/\/www.facebook.com\/Renaix\" \/>\n<meta property=\"article:modified_time\" content=\"2024-02-28T17:42:32+00:00\" \/>\n<meta name=\"twitter:card\" content=\"summary_large_image\" \/>\n<meta name=\"twitter:site\" content=\"@renaixRec\" \/>\n<meta name=\"twitter:label1\" content=\"Gesch\u00e4tzte Lesezeit\" \/>\n\t<meta name=\"twitter:data1\" content=\"2\u00a0Minuten\" \/>\n<script type=\"application\/ld+json\" class=\"yoast-schema-graph\">{\"@context\":\"https:\\\/\\\/schema.org\",\"@graph\":[{\"@type\":\"WebPage\",\"@id\":\"https:\\\/\\\/renaix.com\\\/de\\\/arbeitgeber\\\/strategie-vertrieb-marketing\\\/\",\"url\":\"https:\\\/\\\/renaix.com\\\/de\\\/arbeitgeber\\\/strategie-vertrieb-marketing\\\/\",\"name\":\"Strategie, Vertrieb & Marketing\",\"isPartOf\":{\"@id\":\"https:\\\/\\\/www.renaix.com\\\/de\\\/#website\"},\"datePublished\":\"2017-09-01T20:43:23+00:00\",\"dateModified\":\"2024-02-28T17:42:32+00:00\",\"description\":\"Recruiting-Strategie, Vertriebs- & Marketing-Profis. Renaix verf\u00fcgt \u00fcber 20 Jahre Erfahrung in der Beschaffung von General Management Professionals f\u00fcr die internationale Finanz- und\",\"breadcrumb\":{\"@id\":\"https:\\\/\\\/renaix.com\\\/de\\\/arbeitgeber\\\/strategie-vertrieb-marketing\\\/#breadcrumb\"},\"inLanguage\":\"de\",\"potentialAction\":[{\"@type\":\"ReadAction\",\"target\":[\"https:\\\/\\\/renaix.com\\\/de\\\/arbeitgeber\\\/strategie-vertrieb-marketing\\\/\"]}]},{\"@type\":\"BreadcrumbList\",\"@id\":\"https:\\\/\\\/renaix.com\\\/de\\\/arbeitgeber\\\/strategie-vertrieb-marketing\\\/#breadcrumb\",\"itemListElement\":[{\"@type\":\"ListItem\",\"position\":1,\"name\":\"Home\",\"item\":\"https:\\\/\\\/www.renaix.com\\\/de\\\/\"},{\"@type\":\"ListItem\",\"position\":2,\"name\":\"Arbeitgeber\",\"item\":\"https:\\\/\\\/www.renaix.com\\\/de\\\/arbeitgeber\\\/\"},{\"@type\":\"ListItem\",\"position\":3,\"name\":\"Strategie, Vertrieb &#038; Marketing\"}]},{\"@type\":\"WebSite\",\"@id\":\"https:\\\/\\\/www.renaix.com\\\/de\\\/#website\",\"url\":\"https:\\\/\\\/www.renaix.com\\\/de\\\/\",\"name\":\"Renaix - Recruiting For The Future Of Global Business\",\"description\":\"Renaix is an international recruitment and executive search consultancy, specialising in placing senior management, finance and audit professionals\",\"publisher\":{\"@id\":\"https:\\\/\\\/www.renaix.com\\\/de\\\/#organization\"},\"potentialAction\":[{\"@type\":\"SearchAction\",\"target\":{\"@type\":\"EntryPoint\",\"urlTemplate\":\"https:\\\/\\\/www.renaix.com\\\/de\\\/?s={search_term_string}\"},\"query-input\":{\"@type\":\"PropertyValueSpecification\",\"valueRequired\":true,\"valueName\":\"search_term_string\"}}],\"inLanguage\":\"de\"},{\"@type\":\"Organization\",\"@id\":\"https:\\\/\\\/www.renaix.com\\\/de\\\/#organization\",\"name\":\"Renaix Recruitment\",\"url\":\"https:\\\/\\\/www.renaix.com\\\/de\\\/\",\"logo\":{\"@type\":\"ImageObject\",\"inLanguage\":\"de\",\"@id\":\"https:\\\/\\\/www.renaix.com\\\/de\\\/#\\\/schema\\\/logo\\\/image\\\/\",\"url\":\"https:\\\/\\\/renaix.com\\\/wp-content\\\/uploads\\\/2017\\\/06\\\/renaix-logo-2.png\",\"contentUrl\":\"https:\\\/\\\/renaix.com\\\/wp-content\\\/uploads\\\/2017\\\/06\\\/renaix-logo-2.png\",\"width\":200,\"height\":32,\"caption\":\"Renaix Recruitment\"},\"image\":{\"@id\":\"https:\\\/\\\/www.renaix.com\\\/de\\\/#\\\/schema\\\/logo\\\/image\\\/\"},\"sameAs\":[\"https:\\\/\\\/www.facebook.com\\\/Renaix\",\"https:\\\/\\\/x.com\\\/renaixRec\",\"https:\\\/\\\/www.linkedin.com\\\/company\\\/renaix\\\/\"]}]}<\/script>\n<!-- \/ Yoast SEO Premium plugin. -->","yoast_head_json":{"title":"Strategie, Vertrieb & Marketing","description":"Recruiting-Strategie, Vertriebs- & Marketing-Profis. Renaix verf\u00fcgt \u00fcber 20 Jahre Erfahrung in der Beschaffung von General Management Professionals f\u00fcr die internationale Finanz- und","robots":{"index":"index","follow":"follow","max-snippet":"max-snippet:-1","max-image-preview":"max-image-preview:large","max-video-preview":"max-video-preview:-1"},"canonical":"https:\/\/renaix.com\/de\/arbeitgeber\/strategie-vertrieb-marketing\/","og_locale":"de_DE","og_type":"article","og_title":"Strategie, Vertrieb & Marketing","og_description":"Recruiting-Strategie, Vertriebs- & Marketing-Profis. Renaix verf\u00fcgt \u00fcber 20 Jahre Erfahrung in der Beschaffung von General Management Professionals f\u00fcr die internationale Finanz- und","og_url":"https:\/\/renaix.com\/de\/arbeitgeber\/strategie-vertrieb-marketing\/","og_site_name":"Renaix - Recruiting For The Future Of Global Business","article_publisher":"https:\/\/www.facebook.com\/Renaix","article_modified_time":"2024-02-28T17:42:32+00:00","twitter_card":"summary_large_image","twitter_site":"@renaixRec","twitter_misc":{"Gesch\u00e4tzte Lesezeit":"2\u00a0Minuten"},"schema":{"@context":"https:\/\/schema.org","@graph":[{"@type":"WebPage","@id":"https:\/\/renaix.com\/de\/arbeitgeber\/strategie-vertrieb-marketing\/","url":"https:\/\/renaix.com\/de\/arbeitgeber\/strategie-vertrieb-marketing\/","name":"Strategie, Vertrieb & Marketing","isPartOf":{"@id":"https:\/\/www.renaix.com\/de\/#website"},"datePublished":"2017-09-01T20:43:23+00:00","dateModified":"2024-02-28T17:42:32+00:00","description":"Recruiting-Strategie, Vertriebs- & Marketing-Profis. Renaix verf\u00fcgt \u00fcber 20 Jahre Erfahrung in der Beschaffung von General Management Professionals f\u00fcr die internationale Finanz- und","breadcrumb":{"@id":"https:\/\/renaix.com\/de\/arbeitgeber\/strategie-vertrieb-marketing\/#breadcrumb"},"inLanguage":"de","potentialAction":[{"@type":"ReadAction","target":["https:\/\/renaix.com\/de\/arbeitgeber\/strategie-vertrieb-marketing\/"]}]},{"@type":"BreadcrumbList","@id":"https:\/\/renaix.com\/de\/arbeitgeber\/strategie-vertrieb-marketing\/#breadcrumb","itemListElement":[{"@type":"ListItem","position":1,"name":"Home","item":"https:\/\/www.renaix.com\/de\/"},{"@type":"ListItem","position":2,"name":"Arbeitgeber","item":"https:\/\/www.renaix.com\/de\/arbeitgeber\/"},{"@type":"ListItem","position":3,"name":"Strategie, Vertrieb &#038; Marketing"}]},{"@type":"WebSite","@id":"https:\/\/www.renaix.com\/de\/#website","url":"https:\/\/www.renaix.com\/de\/","name":"Renaix - Recruiting For The Future Of Global Business","description":"Renaix is an international recruitment and executive search consultancy, specialising in placing senior management, finance and audit professionals","publisher":{"@id":"https:\/\/www.renaix.com\/de\/#organization"},"potentialAction":[{"@type":"SearchAction","target":{"@type":"EntryPoint","urlTemplate":"https:\/\/www.renaix.com\/de\/?s={search_term_string}"},"query-input":{"@type":"PropertyValueSpecification","valueRequired":true,"valueName":"search_term_string"}}],"inLanguage":"de"},{"@type":"Organization","@id":"https:\/\/www.renaix.com\/de\/#organization","name":"Renaix Recruitment","url":"https:\/\/www.renaix.com\/de\/","logo":{"@type":"ImageObject","inLanguage":"de","@id":"https:\/\/www.renaix.com\/de\/#\/schema\/logo\/image\/","url":"https:\/\/renaix.com\/wp-content\/uploads\/2017\/06\/renaix-logo-2.png","contentUrl":"https:\/\/renaix.com\/wp-content\/uploads\/2017\/06\/renaix-logo-2.png","width":200,"height":32,"caption":"Renaix Recruitment"},"image":{"@id":"https:\/\/www.renaix.com\/de\/#\/schema\/logo\/image\/"},"sameAs":["https:\/\/www.facebook.com\/Renaix","https:\/\/x.com\/renaixRec","https:\/\/www.linkedin.com\/company\/renaix\/"]}]}},"_links":{"self":[{"href":"https:\/\/renaix.com\/de\/wp-json\/wp\/v2\/pages\/14836","targetHints":{"allow":["GET"]}}],"collection":[{"href":"https:\/\/renaix.com\/de\/wp-json\/wp\/v2\/pages"}],"about":[{"href":"https:\/\/renaix.com\/de\/wp-json\/wp\/v2\/types\/page"}],"author":[{"embeddable":true,"href":"https:\/\/renaix.com\/de\/wp-json\/wp\/v2\/users\/4"}],"replies":[{"embeddable":true,"href":"https:\/\/renaix.com\/de\/wp-json\/wp\/v2\/comments?post=14836"}],"version-history":[{"count":5,"href":"https:\/\/renaix.com\/de\/wp-json\/wp\/v2\/pages\/14836\/revisions"}],"predecessor-version":[{"id":26905,"href":"https:\/\/renaix.com\/de\/wp-json\/wp\/v2\/pages\/14836\/revisions\/26905"}],"up":[{"embeddable":true,"href":"https:\/\/renaix.com\/de\/wp-json\/wp\/v2\/pages\/15326"}],"wp:attachment":[{"href":"https:\/\/renaix.com\/de\/wp-json\/wp\/v2\/media?parent=14836"}],"curies":[{"name":"wp","href":"https:\/\/api.w.org\/{rel}","templated":true}]}}