{"id":14844,"date":"2017-08-31T20:28:04","date_gmt":"2017-08-31T20:28:04","guid":{"rendered":"https:\/\/renaix.com\/branchenperspektiven\/"},"modified":"2024-02-28T17:59:28","modified_gmt":"2024-02-28T17:59:28","slug":"branchenperspektiven","status":"publish","type":"page","link":"https:\/\/renaix.com\/de\/arbeitgeber\/branchenperspektiven\/","title":{"rendered":"Branchenperspektiven"},"content":{"rendered":"<p><a href=\"https:\/\/renaix.com\/small-european-businesses-taking-world\/\"><strong>Kleine europ\u00e4ische Unternehmen, die sich der Welt stellen <\/strong><\/a><\/p>\n<p>Kleine Unternehmen sind &#8222;Big Business&#8220; in Europa. Es wird gesch\u00e4tzt, dass fast 99{d285d941b2856d8edaa7d66d7c7b035d9e386af4c31d2bc603834492988aa161} aller Unternehmen in die kleine oder mittlere Kategorie fallen und zwei Drittel der Belegschaft besch\u00e4ftigen. Diese Unternehmen sind die Triebkr\u00e4fte von Wirtschaftswachstum, Besch\u00e4ftigung und Innovation. Es kann jedoch auch eine harte und ungewisse Welt sein, in der man sich befinden kann. Einem EU-Bericht zufolge \u00fcberlebte fast die H\u00e4lfte aller 2001 gegr\u00fcndeten kleinen Unternehmen ihre ersten f\u00fcnf Jahre nicht! Was zeichnet also einige kleine Unternehmen in einem solchen wettbewerbsstarken Umfeld aus, w\u00e4hrend andere wieder verschwinden?<\/p>\n<p>&nbsp;<\/p>\n<p><a href=\"https:\/\/renaix.com\/audit-finance-recruitment-matters-finance-shared-service-centres-explored\/\"><strong>Pr\u00fcfungs- und Finanzierungsfragen: Untersuchung der Finanzierung gemeinsamer Dienstleistungszentren <\/strong><\/a><\/p>\n<p>In den letzten zehn Jahren haben Unternehmen viel in den Aufbau von Shared Service Centers investiert, um ihre Gesch\u00e4ftsprozesse zu optimieren und den Betrieb effizienter zu gestalten. Francisco Rodriguez ist Direktor der internen Kontrolle bei Genesys, einem Telekommunikationsunternehmen, in dem er w\u00e4hrend seiner gesamten Karriere, Erfahrungen im Aufbau von Shared Service Centers f\u00fcr den Finanzbereich, gesammelt hat. Im Gespr\u00e4ch mit ihm ist es interessant zu verstehen, wie diese Zentren entstanden sind und sich seitdem zu einem lukrativem globalen Gesch\u00e4ft entwickelt haben.<\/p>\n<p>&nbsp;<\/p>\n<p><a href=\"https:\/\/renaix.com\/impact-regulation-financial-services-industry\/\"><strong>Die Auswirkungen der \u00dcberregulierung auf die Finanzdienstleistungsbranche <\/strong><\/a><\/p>\n<p>Regulierungen sind f\u00fcr die Finanzindustrie seit dem Bankenzusammenbruch 2008\/2009 ganz allt\u00e4glich geworden, was nun die Frage aufwirft, ob die Finanzindustrie darunter leidet, es zu gut zu haben?<\/p>\n<p>&nbsp;<\/p>\n<p><a href=\"https:\/\/renaix.com\/will-greater-protectionism-mean-finance-managers1\/\"><strong>Was bedeutet mehr Protektionismus f\u00fcr Finanzmanager? <\/strong><\/a><\/p>\n<p>Globalisierung ist nicht mehr das Schlagwort, das es vor etwa 10 bis 15 noch Jahren war. Innenstaatliche Politik und geopolitische Spannungen dr\u00e4ngen die Welt zur\u00fcck in protektionistische Verhaltensweisen fr\u00fcherer Jahrhunderte. In den Vereinigten Staaten beispielsweise hat gew\u00e4hlter Pr\u00e4sident Donald Trump die Verh\u00e4ngung massiver Z\u00f6lle auf Importe aus China und Mexiko gefordert.<\/p>\n<p>&nbsp;<\/p>\n<p><a href=\"https:\/\/renaix.com\/rise-rise-fintech\/\"><strong>Der Aufstieg der Finanztechnologie <\/strong><\/a><\/p>\n<p>\u00dcberall in den gro\u00dfen Finanzmetropolen der Welt boomen FinTech-Startups. Was urspr\u00fcnglich im Wesentlichen als Datenbankl\u00f6sung zum Speichern und Sch\u00fctzen von Daten begann, ist heute die gr\u00f6\u00dfte treibende Kraft in der Finanzbranche. Ob gro\u00dfe Banken, Onlinehandelunternehmen oder die Finanzabteilung eines jeden beliebigen Gro\u00dfunternehmens &#8211; alle nutzen diese Innovationen und versuchen die Technologie einzusetzen, um das Finanzwesen einfacher, schneller und sicherer zu machen.<\/p>\n<p>&nbsp;<\/p>\n<p><a href=\"https:\/\/renaix.com\/big-fail-link-german-banks-industry\/\"><strong>Too big to fail? Die Verbindung zwischen deutschen Banken und der Industrie <\/strong><\/a><\/p>\n<p>Die Deutsche Bank hat einige schwierige Monate hinter sich. Sie hat nicht nur fast die H\u00e4lfte ihrer Marktkapitalisierung verloren, sondern wurde von Fitch auf &#8222;Rating Watch Negative&#8220; gesetzt. Es besteht nat\u00fcrlich die Frage einer milliardenschweren Strafe in den Vereinigten Staaten. Doch die Deutsche Bank ist in der aktuellen Krise nicht allein, obwohl sie weltweit ihr bekanntester Name ist. Auch die Commerzbank (Deutschlands zweitgr\u00f6\u00dfte Bank) hat angek\u00fcndigt, angesichts knapper werdender Margen fast 20{d285d941b2856d8edaa7d66d7c7b035d9e386af4c31d2bc603834492988aa161} Mitarbeiter abzubauen.<\/p>\n<p>&nbsp;<\/p>\n<p><a href=\"https:\/\/renaix.com\/surviving-ever-changing-accounting-regulations-europe\/\"><strong>Das \u00dcberleben der sich st\u00e4ndig \u00e4ndernden Rechnungslegungsvorschriften in Europa<\/strong><\/a><\/p>\n<p>Die j\u00fcngsten politischen Ereignisse in Europa und den USA haben einige zun\u00e4chst weniger offensichtliche Verluste gefordert. Das amerikanische und europ\u00e4ische Financial Accounting Standards Board (FASB) beteiligen sich nicht mehr an gemeinsamen Bem\u00fchungen, standardisierte globale Rahmenbedingungen f\u00fcr die Rechnungslegung zu schaffen, so wie sie es in der Vergangenheit bisher immer getan haben. Dies bedeutet nicht, dass dieser Prozess dauerhaft zum Stillstand gekommen ist, aber es wird wahrscheinlich in Zukunft eine andere Richtung eingeschlagen werden. Hier sind einige der anderen wichtigen \u00c4nderungen der europ\u00e4ischen Rechnungslegungsvorschriften, die sich wahrscheinlich auf 2017 auswirken werden.<\/p>\n","protected":false},"excerpt":{"rendered":"<p>Kleine europ\u00e4ische Unternehmen, die sich der Welt stellen Kleine Unternehmen sind &#8222;Big Business&#8220; in Europa. Es wird gesch\u00e4tzt, dass fast 99{d285d941b2856d8edaa7d66d7c7b035d9e386af4c31d2bc603834492988aa161} aller Unternehmen in die kleine oder mittlere Kategorie fallen und zwei Drittel der Belegschaft besch\u00e4ftigen. Diese Unternehmen sind die Triebkr\u00e4fte von Wirtschaftswachstum, Besch\u00e4ftigung und Innovation. Es kann jedoch auch eine harte und ungewisse Welt [&hellip;]<\/p>\n","protected":false},"author":4,"featured_media":0,"parent":15326,"menu_order":0,"comment_status":"closed","ping_status":"closed","template":"","meta":{"_acf_changed":false,"footnotes":""},"class_list":["post-14844","page","type-page","status-publish","hentry"],"acf":[],"yoast_head":"<!-- This site is optimized with the Yoast SEO Premium plugin v27.6 (Yoast SEO v27.6) - https:\/\/yoast.com\/product\/yoast-seo-premium-wordpress\/ -->\n<title>Branchenperspektiven<\/title>\n<meta name=\"description\" content=\"Kleine europ\u00e4ische Unternehmen erobern die Welt. Kleine Unternehmen sind in Europa gro\u00dfe Gesch\u00e4fte. Fast 99% aller Unternehmen sind kleine oder mittelst\u00e4ndische Unternehmen.\" \/>\n<meta name=\"robots\" content=\"index, follow, max-snippet:-1, max-image-preview:large, max-video-preview:-1\" \/>\n<link rel=\"canonical\" href=\"https:\/\/renaix.com\/de\/arbeitgeber\/branchenperspektiven\/\" \/>\n<meta property=\"og:locale\" content=\"de_DE\" \/>\n<meta property=\"og:type\" content=\"article\" \/>\n<meta property=\"og:title\" content=\"Branchenperspektiven\" \/>\n<meta property=\"og:description\" content=\"Kleine europ\u00e4ische Unternehmen erobern die Welt. Kleine Unternehmen sind in Europa gro\u00dfe Gesch\u00e4fte. Fast 99% aller Unternehmen sind kleine oder mittelst\u00e4ndische Unternehmen.\" \/>\n<meta property=\"og:url\" content=\"https:\/\/renaix.com\/de\/arbeitgeber\/branchenperspektiven\/\" \/>\n<meta property=\"og:site_name\" content=\"Renaix - Recruiting For The Future Of Global Business\" \/>\n<meta property=\"article:publisher\" content=\"https:\/\/www.facebook.com\/Renaix\" \/>\n<meta property=\"article:modified_time\" content=\"2024-02-28T17:59:28+00:00\" \/>\n<meta name=\"twitter:card\" content=\"summary_large_image\" \/>\n<meta name=\"twitter:site\" content=\"@renaixRec\" \/>\n<meta name=\"twitter:label1\" content=\"Gesch\u00e4tzte Lesezeit\" \/>\n\t<meta name=\"twitter:data1\" content=\"3\u00a0Minuten\" \/>\n<script type=\"application\/ld+json\" class=\"yoast-schema-graph\">{\"@context\":\"https:\\\/\\\/schema.org\",\"@graph\":[{\"@type\":\"WebPage\",\"@id\":\"https:\\\/\\\/renaix.com\\\/de\\\/arbeitgeber\\\/branchenperspektiven\\\/\",\"url\":\"https:\\\/\\\/renaix.com\\\/de\\\/arbeitgeber\\\/branchenperspektiven\\\/\",\"name\":\"Branchenperspektiven\",\"isPartOf\":{\"@id\":\"https:\\\/\\\/www.renaix.com\\\/de\\\/#website\"},\"datePublished\":\"2017-08-31T20:28:04+00:00\",\"dateModified\":\"2024-02-28T17:59:28+00:00\",\"description\":\"Kleine europ\u00e4ische Unternehmen erobern die Welt. Kleine Unternehmen sind in Europa gro\u00dfe Gesch\u00e4fte. Fast 99% aller Unternehmen sind kleine oder mittelst\u00e4ndische Unternehmen.\",\"breadcrumb\":{\"@id\":\"https:\\\/\\\/renaix.com\\\/de\\\/arbeitgeber\\\/branchenperspektiven\\\/#breadcrumb\"},\"inLanguage\":\"de\",\"potentialAction\":[{\"@type\":\"ReadAction\",\"target\":[\"https:\\\/\\\/renaix.com\\\/de\\\/arbeitgeber\\\/branchenperspektiven\\\/\"]}]},{\"@type\":\"BreadcrumbList\",\"@id\":\"https:\\\/\\\/renaix.com\\\/de\\\/arbeitgeber\\\/branchenperspektiven\\\/#breadcrumb\",\"itemListElement\":[{\"@type\":\"ListItem\",\"position\":1,\"name\":\"Home\",\"item\":\"https:\\\/\\\/www.renaix.com\\\/de\\\/\"},{\"@type\":\"ListItem\",\"position\":2,\"name\":\"Arbeitgeber\",\"item\":\"https:\\\/\\\/www.renaix.com\\\/de\\\/arbeitgeber\\\/\"},{\"@type\":\"ListItem\",\"position\":3,\"name\":\"Branchenperspektiven\"}]},{\"@type\":\"WebSite\",\"@id\":\"https:\\\/\\\/www.renaix.com\\\/de\\\/#website\",\"url\":\"https:\\\/\\\/www.renaix.com\\\/de\\\/\",\"name\":\"Renaix - Recruiting For The Future Of Global Business\",\"description\":\"Renaix is an international recruitment and executive search consultancy, specialising in placing senior management, finance and audit professionals\",\"publisher\":{\"@id\":\"https:\\\/\\\/www.renaix.com\\\/de\\\/#organization\"},\"potentialAction\":[{\"@type\":\"SearchAction\",\"target\":{\"@type\":\"EntryPoint\",\"urlTemplate\":\"https:\\\/\\\/www.renaix.com\\\/de\\\/?s={search_term_string}\"},\"query-input\":{\"@type\":\"PropertyValueSpecification\",\"valueRequired\":true,\"valueName\":\"search_term_string\"}}],\"inLanguage\":\"de\"},{\"@type\":\"Organization\",\"@id\":\"https:\\\/\\\/www.renaix.com\\\/de\\\/#organization\",\"name\":\"Renaix Recruitment\",\"url\":\"https:\\\/\\\/www.renaix.com\\\/de\\\/\",\"logo\":{\"@type\":\"ImageObject\",\"inLanguage\":\"de\",\"@id\":\"https:\\\/\\\/www.renaix.com\\\/de\\\/#\\\/schema\\\/logo\\\/image\\\/\",\"url\":\"https:\\\/\\\/renaix.com\\\/wp-content\\\/uploads\\\/2017\\\/06\\\/renaix-logo-2.png\",\"contentUrl\":\"https:\\\/\\\/renaix.com\\\/wp-content\\\/uploads\\\/2017\\\/06\\\/renaix-logo-2.png\",\"width\":200,\"height\":32,\"caption\":\"Renaix Recruitment\"},\"image\":{\"@id\":\"https:\\\/\\\/www.renaix.com\\\/de\\\/#\\\/schema\\\/logo\\\/image\\\/\"},\"sameAs\":[\"https:\\\/\\\/www.facebook.com\\\/Renaix\",\"https:\\\/\\\/x.com\\\/renaixRec\",\"https:\\\/\\\/www.linkedin.com\\\/company\\\/renaix\\\/\"]}]}<\/script>\n<!-- \/ Yoast SEO Premium plugin. -->","yoast_head_json":{"title":"Branchenperspektiven","description":"Kleine europ\u00e4ische Unternehmen erobern die Welt. Kleine Unternehmen sind in Europa gro\u00dfe Gesch\u00e4fte. Fast 99% aller Unternehmen sind kleine oder mittelst\u00e4ndische Unternehmen.","robots":{"index":"index","follow":"follow","max-snippet":"max-snippet:-1","max-image-preview":"max-image-preview:large","max-video-preview":"max-video-preview:-1"},"canonical":"https:\/\/renaix.com\/de\/arbeitgeber\/branchenperspektiven\/","og_locale":"de_DE","og_type":"article","og_title":"Branchenperspektiven","og_description":"Kleine europ\u00e4ische Unternehmen erobern die Welt. Kleine Unternehmen sind in Europa gro\u00dfe Gesch\u00e4fte. Fast 99% aller Unternehmen sind kleine oder mittelst\u00e4ndische Unternehmen.","og_url":"https:\/\/renaix.com\/de\/arbeitgeber\/branchenperspektiven\/","og_site_name":"Renaix - Recruiting For The Future Of Global Business","article_publisher":"https:\/\/www.facebook.com\/Renaix","article_modified_time":"2024-02-28T17:59:28+00:00","twitter_card":"summary_large_image","twitter_site":"@renaixRec","twitter_misc":{"Gesch\u00e4tzte Lesezeit":"3\u00a0Minuten"},"schema":{"@context":"https:\/\/schema.org","@graph":[{"@type":"WebPage","@id":"https:\/\/renaix.com\/de\/arbeitgeber\/branchenperspektiven\/","url":"https:\/\/renaix.com\/de\/arbeitgeber\/branchenperspektiven\/","name":"Branchenperspektiven","isPartOf":{"@id":"https:\/\/www.renaix.com\/de\/#website"},"datePublished":"2017-08-31T20:28:04+00:00","dateModified":"2024-02-28T17:59:28+00:00","description":"Kleine europ\u00e4ische Unternehmen erobern die Welt. Kleine Unternehmen sind in Europa gro\u00dfe Gesch\u00e4fte. Fast 99% aller Unternehmen sind kleine oder mittelst\u00e4ndische Unternehmen.","breadcrumb":{"@id":"https:\/\/renaix.com\/de\/arbeitgeber\/branchenperspektiven\/#breadcrumb"},"inLanguage":"de","potentialAction":[{"@type":"ReadAction","target":["https:\/\/renaix.com\/de\/arbeitgeber\/branchenperspektiven\/"]}]},{"@type":"BreadcrumbList","@id":"https:\/\/renaix.com\/de\/arbeitgeber\/branchenperspektiven\/#breadcrumb","itemListElement":[{"@type":"ListItem","position":1,"name":"Home","item":"https:\/\/www.renaix.com\/de\/"},{"@type":"ListItem","position":2,"name":"Arbeitgeber","item":"https:\/\/www.renaix.com\/de\/arbeitgeber\/"},{"@type":"ListItem","position":3,"name":"Branchenperspektiven"}]},{"@type":"WebSite","@id":"https:\/\/www.renaix.com\/de\/#website","url":"https:\/\/www.renaix.com\/de\/","name":"Renaix - Recruiting For The Future Of Global Business","description":"Renaix is an international recruitment and executive search consultancy, specialising in placing senior management, finance and audit professionals","publisher":{"@id":"https:\/\/www.renaix.com\/de\/#organization"},"potentialAction":[{"@type":"SearchAction","target":{"@type":"EntryPoint","urlTemplate":"https:\/\/www.renaix.com\/de\/?s={search_term_string}"},"query-input":{"@type":"PropertyValueSpecification","valueRequired":true,"valueName":"search_term_string"}}],"inLanguage":"de"},{"@type":"Organization","@id":"https:\/\/www.renaix.com\/de\/#organization","name":"Renaix Recruitment","url":"https:\/\/www.renaix.com\/de\/","logo":{"@type":"ImageObject","inLanguage":"de","@id":"https:\/\/www.renaix.com\/de\/#\/schema\/logo\/image\/","url":"https:\/\/renaix.com\/wp-content\/uploads\/2017\/06\/renaix-logo-2.png","contentUrl":"https:\/\/renaix.com\/wp-content\/uploads\/2017\/06\/renaix-logo-2.png","width":200,"height":32,"caption":"Renaix Recruitment"},"image":{"@id":"https:\/\/www.renaix.com\/de\/#\/schema\/logo\/image\/"},"sameAs":["https:\/\/www.facebook.com\/Renaix","https:\/\/x.com\/renaixRec","https:\/\/www.linkedin.com\/company\/renaix\/"]}]}},"_links":{"self":[{"href":"https:\/\/renaix.com\/de\/wp-json\/wp\/v2\/pages\/14844","targetHints":{"allow":["GET"]}}],"collection":[{"href":"https:\/\/renaix.com\/de\/wp-json\/wp\/v2\/pages"}],"about":[{"href":"https:\/\/renaix.com\/de\/wp-json\/wp\/v2\/types\/page"}],"author":[{"embeddable":true,"href":"https:\/\/renaix.com\/de\/wp-json\/wp\/v2\/users\/4"}],"replies":[{"embeddable":true,"href":"https:\/\/renaix.com\/de\/wp-json\/wp\/v2\/comments?post=14844"}],"version-history":[{"count":5,"href":"https:\/\/renaix.com\/de\/wp-json\/wp\/v2\/pages\/14844\/revisions"}],"predecessor-version":[{"id":26918,"href":"https:\/\/renaix.com\/de\/wp-json\/wp\/v2\/pages\/14844\/revisions\/26918"}],"up":[{"embeddable":true,"href":"https:\/\/renaix.com\/de\/wp-json\/wp\/v2\/pages\/15326"}],"wp:attachment":[{"href":"https:\/\/renaix.com\/de\/wp-json\/wp\/v2\/media?parent=14844"}],"curies":[{"name":"wp","href":"https:\/\/api.w.org\/{rel}","templated":true}]}}