{"id":14848,"date":"2017-08-14T15:33:09","date_gmt":"2017-08-14T15:33:09","guid":{"rendered":"https:\/\/renaix.com\/arbeitsuchende\/executive-search-jobs\/"},"modified":"2024-02-27T19:40:48","modified_gmt":"2024-02-27T19:40:48","slug":"executive-search-jobs","status":"publish","type":"page","link":"https:\/\/renaix.com\/de\/arbeitsuchende\/executive-search-jobs\/","title":{"rendered":"Jobs in der Gesch\u00e4ftsf\u00fchrung"},"content":{"rendered":"<p style=\"text-align: justify;\">Im Rahmen unseres Angebots der Direktsuche nach F\u00fchrungskr\u00e4ften, richtet sich Renaix an hochqualifizierte Finanzmanager, Wirtschaftspr\u00fcfer, Analysten und Controller von multinationalen Blue-Chip Unternehmen und den \u00f6ffentlichen &#8222;Big 4&#8220; Unternehmen. Unsere Kunden w\u00e4hlen diesen Service f\u00fcr offene Positionen, die einen zielgerichteteren Ansatz erfordern, sei es aufgrund des Erfahrungsniveaus der Rolle, des Standorts oder der Notwendigkeit der Vertraulichkeit. W\u00e4hrend die meisten Suchauftr\u00e4ge, die wir bearbeiten, im Finanzbereich liegen, bitten Kunden regelm\u00e4\u00dfig um unsere Unterst\u00fctzung in anderen Bereichen wie Beschaffung, Steuern, Treasury und generellem Management. Neben dem fachlichen Wissen legen wir gro\u00dfen Wert auf zwischenmenschliche F\u00e4higkeiten, kulturelles Bewusstsein und die internationale Mobilit\u00e4t eines Kandidaten. Die Anwendung von Such- und Auswahltechniken bedeutet, dass wir &#8222;innerhalb des Marktes&#8220; arbeiten, wenn wir Kandidaten ausw\u00e4hlen, anstatt uns auf eine Datenbank oder Werbeanzeigen zu verlassen. Unsere Arbeitsweise erfordert, dass wir eine Reihe von sensiblen Themen behandeln, wobei wir uns bem\u00fchen, in der Beziehung zu unseren Kunden und Kandidaten so transparent wie m\u00f6glich zu arbeiten.<\/p>\n<p>Wenn Sie von unserer Direktsuche f\u00fcr F\u00fchrungskr\u00e4fte f\u00fcr Vakanzen in Betracht gezogen werden m\u00f6chten, dann <a href=\"https:\/\/renaix.com\/de\/arbeitsuchende\/lebenslauf\/\">senden Sie uns Ihren Lebenslauf<\/a> <span style=\"color: #008080;\"> oder <\/span><a href=\"https:\/\/renaix.com\/de\/arbeitsuchende\/jobs-suchen\/\">durchsuchen Sie unsere Jobangebote<\/a>,um mehr \u00fcber die Rollen zu erfahren, die wir derzeit zur Verf\u00fcgung haben. Unsere weiteren spezialisierten Rekrutierungsbereiche umfassen <a href=\"https:\/\/renaix.com\/de\/arbeitsuchende\/wirtschaftspruefung-risk-jobs\/\">Wirtschaftspr\u00fcfung &amp; Risiko<\/a>, <a href=\"https:\/\/renaix.com\/jobseekers\/compliance-internal-control-legal-jobs\/\">Compliance, interne Kontrollen &amp; Recht,<\/a> <a href=\"https:\/\/renaix.com\/de\/arbeitsuchende\/buchhaltungs-finanzjobs\/\">Buchhaltung und Finanzen,<\/a> <a href=\"https:\/\/renaix.com\/jobseekers\/banking-and-financial-services-jobs\/\">Bank- und Finanzdienstleistungen<\/a>, <a href=\"https:\/\/renaix.com\/jobseekers\/it-audit-technology-and-cyber-security-jobs\/\">IT-Audit, Technologie &amp; Cybersicherheit<\/a>, <a href=\"https:\/\/renaix.com\/de\/arbeitsuchende\/supply-chain-operations-jobs\/\">Supply Chain &amp; Operations Jobs <\/a>und <a href=\"https:\/\/renaix.com\/de\/arbeitsuchende\/strategie-vertrieb-marketing-jobs\/\">Strategie-, Vertriebs- und Marketing-Jobs<\/a>.<\/p>\n","protected":false},"excerpt":{"rendered":"<p>Im Rahmen unseres Angebots der Direktsuche nach F\u00fchrungskr\u00e4ften, richtet sich Renaix an hochqualifizierte Finanzmanager, Wirtschaftspr\u00fcfer, Analysten und Controller von multinationalen Blue-Chip Unternehmen und den \u00f6ffentlichen &#8222;Big 4&#8220; Unternehmen. Unsere Kunden w\u00e4hlen diesen Service f\u00fcr offene Positionen, die einen zielgerichteteren Ansatz erfordern, sei es aufgrund des Erfahrungsniveaus der Rolle, des Standorts oder der Notwendigkeit der Vertraulichkeit. [&hellip;]<\/p>\n","protected":false},"author":4,"featured_media":0,"parent":14720,"menu_order":0,"comment_status":"closed","ping_status":"closed","template":"tpl\/ceo-landing.php","meta":{"_acf_changed":false,"footnotes":""},"class_list":["post-14848","page","type-page","status-publish","hentry"],"acf":[],"yoast_head":"<!-- This site is optimized with the Yoast SEO Premium plugin v27.6 (Yoast SEO v27.6) - https:\/\/yoast.com\/product\/yoast-seo-premium-wordpress\/ -->\n<title>Jobs in der Gesch\u00e4ftsf\u00fchrung<\/title>\n<meta name=\"description\" content=\"F\u00fcr unser Executive-Search-Angebot richtet sich Renaix an hoch bewertete Finanzmanager, Wirtschaftspr\u00fcfer, Analysten und Controller von multinationalen Blue-Chip-Unternehmen.\" \/>\n<meta name=\"robots\" content=\"index, follow, max-snippet:-1, max-image-preview:large, max-video-preview:-1\" \/>\n<link rel=\"canonical\" href=\"https:\/\/renaix.com\/de\/arbeitsuchende\/executive-search-jobs\/\" \/>\n<meta property=\"og:locale\" content=\"de_DE\" \/>\n<meta property=\"og:type\" content=\"article\" \/>\n<meta property=\"og:title\" content=\"Jobs in der Gesch\u00e4ftsf\u00fchrung\" \/>\n<meta property=\"og:description\" content=\"F\u00fcr unser Executive-Search-Angebot richtet sich Renaix an hoch bewertete Finanzmanager, Wirtschaftspr\u00fcfer, Analysten und Controller von multinationalen Blue-Chip-Unternehmen.\" \/>\n<meta property=\"og:url\" content=\"https:\/\/renaix.com\/de\/arbeitsuchende\/executive-search-jobs\/\" \/>\n<meta property=\"og:site_name\" content=\"Renaix - Recruiting For The Future Of Global Business\" \/>\n<meta property=\"article:publisher\" content=\"https:\/\/www.facebook.com\/Renaix\" \/>\n<meta property=\"article:modified_time\" content=\"2024-02-27T19:40:48+00:00\" \/>\n<meta name=\"twitter:card\" content=\"summary_large_image\" \/>\n<meta name=\"twitter:site\" content=\"@renaixRec\" \/>\n<meta name=\"twitter:label1\" content=\"Gesch\u00e4tzte Lesezeit\" \/>\n\t<meta name=\"twitter:data1\" content=\"1\u00a0Minute\" \/>\n<script type=\"application\/ld+json\" class=\"yoast-schema-graph\">{\"@context\":\"https:\\\/\\\/schema.org\",\"@graph\":[{\"@type\":\"WebPage\",\"@id\":\"https:\\\/\\\/renaix.com\\\/de\\\/arbeitsuchende\\\/executive-search-jobs\\\/\",\"url\":\"https:\\\/\\\/renaix.com\\\/de\\\/arbeitsuchende\\\/executive-search-jobs\\\/\",\"name\":\"Jobs in der Gesch\u00e4ftsf\u00fchrung\",\"isPartOf\":{\"@id\":\"https:\\\/\\\/www.renaix.com\\\/de\\\/#website\"},\"datePublished\":\"2017-08-14T15:33:09+00:00\",\"dateModified\":\"2024-02-27T19:40:48+00:00\",\"description\":\"F\u00fcr unser Executive-Search-Angebot richtet sich Renaix an hoch bewertete Finanzmanager, Wirtschaftspr\u00fcfer, Analysten und Controller von multinationalen Blue-Chip-Unternehmen.\",\"breadcrumb\":{\"@id\":\"https:\\\/\\\/renaix.com\\\/de\\\/arbeitsuchende\\\/executive-search-jobs\\\/#breadcrumb\"},\"inLanguage\":\"de\",\"potentialAction\":[{\"@type\":\"ReadAction\",\"target\":[\"https:\\\/\\\/renaix.com\\\/de\\\/arbeitsuchende\\\/executive-search-jobs\\\/\"]}]},{\"@type\":\"BreadcrumbList\",\"@id\":\"https:\\\/\\\/renaix.com\\\/de\\\/arbeitsuchende\\\/executive-search-jobs\\\/#breadcrumb\",\"itemListElement\":[{\"@type\":\"ListItem\",\"position\":1,\"name\":\"Home\",\"item\":\"https:\\\/\\\/www.renaix.com\\\/de\\\/\"},{\"@type\":\"ListItem\",\"position\":2,\"name\":\"Arbeitsuchende\",\"item\":\"https:\\\/\\\/www.renaix.com\\\/de\\\/arbeitsuchende\\\/\"},{\"@type\":\"ListItem\",\"position\":3,\"name\":\"Jobs in der Gesch\u00e4ftsf\u00fchrung\"}]},{\"@type\":\"WebSite\",\"@id\":\"https:\\\/\\\/www.renaix.com\\\/de\\\/#website\",\"url\":\"https:\\\/\\\/www.renaix.com\\\/de\\\/\",\"name\":\"Renaix - Recruiting For The Future Of Global Business\",\"description\":\"Renaix is an international recruitment and executive search consultancy, specialising in placing senior management, finance and audit professionals\",\"publisher\":{\"@id\":\"https:\\\/\\\/www.renaix.com\\\/de\\\/#organization\"},\"potentialAction\":[{\"@type\":\"SearchAction\",\"target\":{\"@type\":\"EntryPoint\",\"urlTemplate\":\"https:\\\/\\\/www.renaix.com\\\/de\\\/?s={search_term_string}\"},\"query-input\":{\"@type\":\"PropertyValueSpecification\",\"valueRequired\":true,\"valueName\":\"search_term_string\"}}],\"inLanguage\":\"de\"},{\"@type\":\"Organization\",\"@id\":\"https:\\\/\\\/www.renaix.com\\\/de\\\/#organization\",\"name\":\"Renaix Recruitment\",\"url\":\"https:\\\/\\\/www.renaix.com\\\/de\\\/\",\"logo\":{\"@type\":\"ImageObject\",\"inLanguage\":\"de\",\"@id\":\"https:\\\/\\\/www.renaix.com\\\/de\\\/#\\\/schema\\\/logo\\\/image\\\/\",\"url\":\"https:\\\/\\\/renaix.com\\\/wp-content\\\/uploads\\\/2017\\\/06\\\/renaix-logo-2.png\",\"contentUrl\":\"https:\\\/\\\/renaix.com\\\/wp-content\\\/uploads\\\/2017\\\/06\\\/renaix-logo-2.png\",\"width\":200,\"height\":32,\"caption\":\"Renaix Recruitment\"},\"image\":{\"@id\":\"https:\\\/\\\/www.renaix.com\\\/de\\\/#\\\/schema\\\/logo\\\/image\\\/\"},\"sameAs\":[\"https:\\\/\\\/www.facebook.com\\\/Renaix\",\"https:\\\/\\\/x.com\\\/renaixRec\",\"https:\\\/\\\/www.linkedin.com\\\/company\\\/renaix\\\/\"]}]}<\/script>\n<!-- \/ Yoast SEO Premium plugin. -->","yoast_head_json":{"title":"Jobs in der Gesch\u00e4ftsf\u00fchrung","description":"F\u00fcr unser Executive-Search-Angebot richtet sich Renaix an hoch bewertete Finanzmanager, Wirtschaftspr\u00fcfer, Analysten und Controller von multinationalen Blue-Chip-Unternehmen.","robots":{"index":"index","follow":"follow","max-snippet":"max-snippet:-1","max-image-preview":"max-image-preview:large","max-video-preview":"max-video-preview:-1"},"canonical":"https:\/\/renaix.com\/de\/arbeitsuchende\/executive-search-jobs\/","og_locale":"de_DE","og_type":"article","og_title":"Jobs in der Gesch\u00e4ftsf\u00fchrung","og_description":"F\u00fcr unser Executive-Search-Angebot richtet sich Renaix an hoch bewertete Finanzmanager, Wirtschaftspr\u00fcfer, Analysten und Controller von multinationalen Blue-Chip-Unternehmen.","og_url":"https:\/\/renaix.com\/de\/arbeitsuchende\/executive-search-jobs\/","og_site_name":"Renaix - Recruiting For The Future Of Global Business","article_publisher":"https:\/\/www.facebook.com\/Renaix","article_modified_time":"2024-02-27T19:40:48+00:00","twitter_card":"summary_large_image","twitter_site":"@renaixRec","twitter_misc":{"Gesch\u00e4tzte Lesezeit":"1\u00a0Minute"},"schema":{"@context":"https:\/\/schema.org","@graph":[{"@type":"WebPage","@id":"https:\/\/renaix.com\/de\/arbeitsuchende\/executive-search-jobs\/","url":"https:\/\/renaix.com\/de\/arbeitsuchende\/executive-search-jobs\/","name":"Jobs in der Gesch\u00e4ftsf\u00fchrung","isPartOf":{"@id":"https:\/\/www.renaix.com\/de\/#website"},"datePublished":"2017-08-14T15:33:09+00:00","dateModified":"2024-02-27T19:40:48+00:00","description":"F\u00fcr unser Executive-Search-Angebot richtet sich Renaix an hoch bewertete Finanzmanager, Wirtschaftspr\u00fcfer, Analysten und Controller von multinationalen Blue-Chip-Unternehmen.","breadcrumb":{"@id":"https:\/\/renaix.com\/de\/arbeitsuchende\/executive-search-jobs\/#breadcrumb"},"inLanguage":"de","potentialAction":[{"@type":"ReadAction","target":["https:\/\/renaix.com\/de\/arbeitsuchende\/executive-search-jobs\/"]}]},{"@type":"BreadcrumbList","@id":"https:\/\/renaix.com\/de\/arbeitsuchende\/executive-search-jobs\/#breadcrumb","itemListElement":[{"@type":"ListItem","position":1,"name":"Home","item":"https:\/\/www.renaix.com\/de\/"},{"@type":"ListItem","position":2,"name":"Arbeitsuchende","item":"https:\/\/www.renaix.com\/de\/arbeitsuchende\/"},{"@type":"ListItem","position":3,"name":"Jobs in der Gesch\u00e4ftsf\u00fchrung"}]},{"@type":"WebSite","@id":"https:\/\/www.renaix.com\/de\/#website","url":"https:\/\/www.renaix.com\/de\/","name":"Renaix - Recruiting For The Future Of Global Business","description":"Renaix is an international recruitment and executive search consultancy, specialising in placing senior management, finance and audit professionals","publisher":{"@id":"https:\/\/www.renaix.com\/de\/#organization"},"potentialAction":[{"@type":"SearchAction","target":{"@type":"EntryPoint","urlTemplate":"https:\/\/www.renaix.com\/de\/?s={search_term_string}"},"query-input":{"@type":"PropertyValueSpecification","valueRequired":true,"valueName":"search_term_string"}}],"inLanguage":"de"},{"@type":"Organization","@id":"https:\/\/www.renaix.com\/de\/#organization","name":"Renaix Recruitment","url":"https:\/\/www.renaix.com\/de\/","logo":{"@type":"ImageObject","inLanguage":"de","@id":"https:\/\/www.renaix.com\/de\/#\/schema\/logo\/image\/","url":"https:\/\/renaix.com\/wp-content\/uploads\/2017\/06\/renaix-logo-2.png","contentUrl":"https:\/\/renaix.com\/wp-content\/uploads\/2017\/06\/renaix-logo-2.png","width":200,"height":32,"caption":"Renaix Recruitment"},"image":{"@id":"https:\/\/www.renaix.com\/de\/#\/schema\/logo\/image\/"},"sameAs":["https:\/\/www.facebook.com\/Renaix","https:\/\/x.com\/renaixRec","https:\/\/www.linkedin.com\/company\/renaix\/"]}]}},"_links":{"self":[{"href":"https:\/\/renaix.com\/de\/wp-json\/wp\/v2\/pages\/14848","targetHints":{"allow":["GET"]}}],"collection":[{"href":"https:\/\/renaix.com\/de\/wp-json\/wp\/v2\/pages"}],"about":[{"href":"https:\/\/renaix.com\/de\/wp-json\/wp\/v2\/types\/page"}],"author":[{"embeddable":true,"href":"https:\/\/renaix.com\/de\/wp-json\/wp\/v2\/users\/4"}],"replies":[{"embeddable":true,"href":"https:\/\/renaix.com\/de\/wp-json\/wp\/v2\/comments?post=14848"}],"version-history":[{"count":5,"href":"https:\/\/renaix.com\/de\/wp-json\/wp\/v2\/pages\/14848\/revisions"}],"predecessor-version":[{"id":26836,"href":"https:\/\/renaix.com\/de\/wp-json\/wp\/v2\/pages\/14848\/revisions\/26836"}],"up":[{"embeddable":true,"href":"https:\/\/renaix.com\/de\/wp-json\/wp\/v2\/pages\/14720"}],"wp:attachment":[{"href":"https:\/\/renaix.com\/de\/wp-json\/wp\/v2\/media?parent=14848"}],"curies":[{"name":"wp","href":"https:\/\/api.w.org\/{rel}","templated":true}]}}