{"id":14859,"date":"2017-08-14T15:32:51","date_gmt":"2017-08-14T15:32:51","guid":{"rendered":"https:\/\/renaix.com\/arbeitsuchende\/supply-chain-operations-jobs\/"},"modified":"2020-09-17T11:44:19","modified_gmt":"2020-09-17T11:44:19","slug":"supply-chain-operations-jobs","status":"publish","type":"page","link":"https:\/\/renaix.com\/de\/arbeitsuchende\/supply-chain-operations-jobs\/","title":{"rendered":"Supply Chain &#038; Operations Jobs"},"content":{"rendered":"<p>Renaix ist eine internationale Personalberatung mit 20 Jahren Erfahrung in der Vermittlung von Supply Chain- und Operations-Mitarbeitern. Wenn Sie Ihren n\u00e4chsten Karriereschritt in der Lieferkette und im Operativen Gesch\u00e4ft suchen, dann k\u00f6nnen Ihnen unsere kompetenten Berater helfen.<\/p>\n<p><strong>Supply Chain und Operations, die wir<\/strong><\/p>\n<p>Wir platzieren talentierte <a href=\"https:\/\/renaix.com\/de\/arbeitsuchende\/jobs-suchen\/?send=1&amp;job_classification%5B0%5D=871\">Supply Chain- und Operations-Profis<\/a> in einer Reihe von Organisationen im Rechnungswesen, Auditing und Finanzdienstleistungen. Unabh\u00e4ngig von Ihrem Fachgebiet oder Erfahrungsniveau verf\u00fcgen unsere Berater \u00fcber das Netzwerk und das Know-how, um die ideale Rolle f\u00fcr Sie zu finden.<\/p>\n","protected":false},"excerpt":{"rendered":"<p>Renaix ist eine internationale Personalberatung mit 20 Jahren Erfahrung in der Vermittlung von Supply Chain- und Operations-Mitarbeitern. Wenn Sie Ihren n\u00e4chsten Karriereschritt in der Lieferkette und im Operativen Gesch\u00e4ft suchen, dann k\u00f6nnen Ihnen unsere kompetenten Berater helfen. Supply Chain und Operations, die wir Wir platzieren talentierte Supply Chain- und Operations-Profis in einer Reihe von Organisationen [&hellip;]<\/p>\n","protected":false},"author":4,"featured_media":0,"parent":14720,"menu_order":0,"comment_status":"closed","ping_status":"closed","template":"tpl\/supply-landing.php","meta":{"_acf_changed":false,"footnotes":""},"class_list":["post-14859","page","type-page","status-publish","hentry"],"acf":[],"yoast_head":"<!-- This site is optimized with the Yoast SEO Premium plugin v27.6 (Yoast SEO v27.6) - https:\/\/yoast.com\/product\/yoast-seo-premium-wordpress\/ -->\n<title>Supply Chain &amp; Operations Jobs<\/title>\n<meta name=\"description\" content=\"Renaix ist eine internationale Personalberatung mit 20 Jahren Erfahrung in der Vermittlung von Fachleuten aus der Lieferkette und dem operativen Bereich. Wenn Sie Auf der Suche nach Ihrer n\u00e4chsten Karriere sind\" \/>\n<meta name=\"robots\" content=\"index, follow, max-snippet:-1, max-image-preview:large, max-video-preview:-1\" \/>\n<link rel=\"canonical\" href=\"https:\/\/renaix.com\/de\/arbeitsuchende\/supply-chain-operations-jobs\/\" \/>\n<meta property=\"og:locale\" content=\"de_DE\" \/>\n<meta property=\"og:type\" content=\"article\" \/>\n<meta property=\"og:title\" content=\"Supply Chain &amp; Operations Jobs\" \/>\n<meta property=\"og:description\" content=\"Renaix ist eine internationale Personalberatung mit 20 Jahren Erfahrung in der Vermittlung von Fachleuten aus der Lieferkette und dem operativen Bereich. Wenn Sie Auf der Suche nach Ihrer n\u00e4chsten Karriere sind\" \/>\n<meta property=\"og:url\" content=\"https:\/\/renaix.com\/de\/arbeitsuchende\/supply-chain-operations-jobs\/\" \/>\n<meta property=\"og:site_name\" content=\"Renaix - Recruiting For The Future Of Global Business\" \/>\n<meta property=\"article:publisher\" content=\"https:\/\/www.facebook.com\/Renaix\" \/>\n<meta property=\"article:modified_time\" content=\"2020-09-17T11:44:19+00:00\" \/>\n<meta name=\"twitter:card\" content=\"summary_large_image\" \/>\n<meta name=\"twitter:site\" content=\"@renaixRec\" \/>\n<script type=\"application\/ld+json\" class=\"yoast-schema-graph\">{\"@context\":\"https:\\\/\\\/schema.org\",\"@graph\":[{\"@type\":\"WebPage\",\"@id\":\"https:\\\/\\\/renaix.com\\\/de\\\/arbeitsuchende\\\/supply-chain-operations-jobs\\\/\",\"url\":\"https:\\\/\\\/renaix.com\\\/de\\\/arbeitsuchende\\\/supply-chain-operations-jobs\\\/\",\"name\":\"Supply Chain & Operations Jobs\",\"isPartOf\":{\"@id\":\"https:\\\/\\\/www.renaix.com\\\/de\\\/#website\"},\"datePublished\":\"2017-08-14T15:32:51+00:00\",\"dateModified\":\"2020-09-17T11:44:19+00:00\",\"description\":\"Renaix ist eine internationale Personalberatung mit 20 Jahren Erfahrung in der Vermittlung von Fachleuten aus der Lieferkette und dem operativen Bereich. Wenn Sie Auf der Suche nach Ihrer n\u00e4chsten Karriere sind\",\"breadcrumb\":{\"@id\":\"https:\\\/\\\/renaix.com\\\/de\\\/arbeitsuchende\\\/supply-chain-operations-jobs\\\/#breadcrumb\"},\"inLanguage\":\"de\",\"potentialAction\":[{\"@type\":\"ReadAction\",\"target\":[\"https:\\\/\\\/renaix.com\\\/de\\\/arbeitsuchende\\\/supply-chain-operations-jobs\\\/\"]}]},{\"@type\":\"BreadcrumbList\",\"@id\":\"https:\\\/\\\/renaix.com\\\/de\\\/arbeitsuchende\\\/supply-chain-operations-jobs\\\/#breadcrumb\",\"itemListElement\":[{\"@type\":\"ListItem\",\"position\":1,\"name\":\"Home\",\"item\":\"https:\\\/\\\/www.renaix.com\\\/de\\\/\"},{\"@type\":\"ListItem\",\"position\":2,\"name\":\"Arbeitsuchende\",\"item\":\"https:\\\/\\\/www.renaix.com\\\/de\\\/arbeitsuchende\\\/\"},{\"@type\":\"ListItem\",\"position\":3,\"name\":\"Supply Chain &#038; Operations Jobs\"}]},{\"@type\":\"WebSite\",\"@id\":\"https:\\\/\\\/www.renaix.com\\\/de\\\/#website\",\"url\":\"https:\\\/\\\/www.renaix.com\\\/de\\\/\",\"name\":\"Renaix - Recruiting For The Future Of Global Business\",\"description\":\"Renaix is an international recruitment and executive search consultancy, specialising in placing senior management, finance and audit professionals\",\"publisher\":{\"@id\":\"https:\\\/\\\/www.renaix.com\\\/de\\\/#organization\"},\"potentialAction\":[{\"@type\":\"SearchAction\",\"target\":{\"@type\":\"EntryPoint\",\"urlTemplate\":\"https:\\\/\\\/www.renaix.com\\\/de\\\/?s={search_term_string}\"},\"query-input\":{\"@type\":\"PropertyValueSpecification\",\"valueRequired\":true,\"valueName\":\"search_term_string\"}}],\"inLanguage\":\"de\"},{\"@type\":\"Organization\",\"@id\":\"https:\\\/\\\/www.renaix.com\\\/de\\\/#organization\",\"name\":\"Renaix Recruitment\",\"url\":\"https:\\\/\\\/www.renaix.com\\\/de\\\/\",\"logo\":{\"@type\":\"ImageObject\",\"inLanguage\":\"de\",\"@id\":\"https:\\\/\\\/www.renaix.com\\\/de\\\/#\\\/schema\\\/logo\\\/image\\\/\",\"url\":\"https:\\\/\\\/renaix.com\\\/wp-content\\\/uploads\\\/2017\\\/06\\\/renaix-logo-2.png\",\"contentUrl\":\"https:\\\/\\\/renaix.com\\\/wp-content\\\/uploads\\\/2017\\\/06\\\/renaix-logo-2.png\",\"width\":200,\"height\":32,\"caption\":\"Renaix Recruitment\"},\"image\":{\"@id\":\"https:\\\/\\\/www.renaix.com\\\/de\\\/#\\\/schema\\\/logo\\\/image\\\/\"},\"sameAs\":[\"https:\\\/\\\/www.facebook.com\\\/Renaix\",\"https:\\\/\\\/x.com\\\/renaixRec\",\"https:\\\/\\\/www.linkedin.com\\\/company\\\/renaix\\\/\"]}]}<\/script>\n<!-- \/ Yoast SEO Premium plugin. -->","yoast_head_json":{"title":"Supply Chain & Operations Jobs","description":"Renaix ist eine internationale Personalberatung mit 20 Jahren Erfahrung in der Vermittlung von Fachleuten aus der Lieferkette und dem operativen Bereich. Wenn Sie Auf der Suche nach Ihrer n\u00e4chsten Karriere sind","robots":{"index":"index","follow":"follow","max-snippet":"max-snippet:-1","max-image-preview":"max-image-preview:large","max-video-preview":"max-video-preview:-1"},"canonical":"https:\/\/renaix.com\/de\/arbeitsuchende\/supply-chain-operations-jobs\/","og_locale":"de_DE","og_type":"article","og_title":"Supply Chain & Operations Jobs","og_description":"Renaix ist eine internationale Personalberatung mit 20 Jahren Erfahrung in der Vermittlung von Fachleuten aus der Lieferkette und dem operativen Bereich. Wenn Sie Auf der Suche nach Ihrer n\u00e4chsten Karriere sind","og_url":"https:\/\/renaix.com\/de\/arbeitsuchende\/supply-chain-operations-jobs\/","og_site_name":"Renaix - Recruiting For The Future Of Global Business","article_publisher":"https:\/\/www.facebook.com\/Renaix","article_modified_time":"2020-09-17T11:44:19+00:00","twitter_card":"summary_large_image","twitter_site":"@renaixRec","schema":{"@context":"https:\/\/schema.org","@graph":[{"@type":"WebPage","@id":"https:\/\/renaix.com\/de\/arbeitsuchende\/supply-chain-operations-jobs\/","url":"https:\/\/renaix.com\/de\/arbeitsuchende\/supply-chain-operations-jobs\/","name":"Supply Chain & Operations Jobs","isPartOf":{"@id":"https:\/\/www.renaix.com\/de\/#website"},"datePublished":"2017-08-14T15:32:51+00:00","dateModified":"2020-09-17T11:44:19+00:00","description":"Renaix ist eine internationale Personalberatung mit 20 Jahren Erfahrung in der Vermittlung von Fachleuten aus der Lieferkette und dem operativen Bereich. Wenn Sie Auf der Suche nach Ihrer n\u00e4chsten Karriere sind","breadcrumb":{"@id":"https:\/\/renaix.com\/de\/arbeitsuchende\/supply-chain-operations-jobs\/#breadcrumb"},"inLanguage":"de","potentialAction":[{"@type":"ReadAction","target":["https:\/\/renaix.com\/de\/arbeitsuchende\/supply-chain-operations-jobs\/"]}]},{"@type":"BreadcrumbList","@id":"https:\/\/renaix.com\/de\/arbeitsuchende\/supply-chain-operations-jobs\/#breadcrumb","itemListElement":[{"@type":"ListItem","position":1,"name":"Home","item":"https:\/\/www.renaix.com\/de\/"},{"@type":"ListItem","position":2,"name":"Arbeitsuchende","item":"https:\/\/www.renaix.com\/de\/arbeitsuchende\/"},{"@type":"ListItem","position":3,"name":"Supply Chain &#038; Operations Jobs"}]},{"@type":"WebSite","@id":"https:\/\/www.renaix.com\/de\/#website","url":"https:\/\/www.renaix.com\/de\/","name":"Renaix - Recruiting For The Future Of Global Business","description":"Renaix is an international recruitment and executive search consultancy, specialising in placing senior management, finance and audit professionals","publisher":{"@id":"https:\/\/www.renaix.com\/de\/#organization"},"potentialAction":[{"@type":"SearchAction","target":{"@type":"EntryPoint","urlTemplate":"https:\/\/www.renaix.com\/de\/?s={search_term_string}"},"query-input":{"@type":"PropertyValueSpecification","valueRequired":true,"valueName":"search_term_string"}}],"inLanguage":"de"},{"@type":"Organization","@id":"https:\/\/www.renaix.com\/de\/#organization","name":"Renaix Recruitment","url":"https:\/\/www.renaix.com\/de\/","logo":{"@type":"ImageObject","inLanguage":"de","@id":"https:\/\/www.renaix.com\/de\/#\/schema\/logo\/image\/","url":"https:\/\/renaix.com\/wp-content\/uploads\/2017\/06\/renaix-logo-2.png","contentUrl":"https:\/\/renaix.com\/wp-content\/uploads\/2017\/06\/renaix-logo-2.png","width":200,"height":32,"caption":"Renaix Recruitment"},"image":{"@id":"https:\/\/www.renaix.com\/de\/#\/schema\/logo\/image\/"},"sameAs":["https:\/\/www.facebook.com\/Renaix","https:\/\/x.com\/renaixRec","https:\/\/www.linkedin.com\/company\/renaix\/"]}]}},"_links":{"self":[{"href":"https:\/\/renaix.com\/de\/wp-json\/wp\/v2\/pages\/14859","targetHints":{"allow":["GET"]}}],"collection":[{"href":"https:\/\/renaix.com\/de\/wp-json\/wp\/v2\/pages"}],"about":[{"href":"https:\/\/renaix.com\/de\/wp-json\/wp\/v2\/types\/page"}],"author":[{"embeddable":true,"href":"https:\/\/renaix.com\/de\/wp-json\/wp\/v2\/users\/4"}],"replies":[{"embeddable":true,"href":"https:\/\/renaix.com\/de\/wp-json\/wp\/v2\/comments?post=14859"}],"version-history":[{"count":4,"href":"https:\/\/renaix.com\/de\/wp-json\/wp\/v2\/pages\/14859\/revisions"}],"predecessor-version":[{"id":16551,"href":"https:\/\/renaix.com\/de\/wp-json\/wp\/v2\/pages\/14859\/revisions\/16551"}],"up":[{"embeddable":true,"href":"https:\/\/renaix.com\/de\/wp-json\/wp\/v2\/pages\/14720"}],"wp:attachment":[{"href":"https:\/\/renaix.com\/de\/wp-json\/wp\/v2\/media?parent=14859"}],"curies":[{"name":"wp","href":"https:\/\/api.w.org\/{rel}","templated":true}]}}