{"id":14862,"date":"2019-02-01T14:44:41","date_gmt":"2019-02-01T14:44:41","guid":{"rendered":"https:\/\/renaix.com\/cyber-security-gehalt-bezahlung\/"},"modified":"2020-09-01T11:26:56","modified_gmt":"2020-09-01T11:26:56","slug":"cyber-security-gehalt-bezahlung","status":"publish","type":"page","link":"https:\/\/renaix.com\/de\/jobressourcen-2\/cyber-security-gehalt-bezahlung\/","title":{"rendered":"Cyber Security Gehalt &#038; Bezahlung"},"content":{"rendered":"","protected":false},"excerpt":{"rendered":"","protected":false},"author":32,"featured_media":0,"parent":14967,"menu_order":0,"comment_status":"closed","ping_status":"closed","template":"","meta":{"_acf_changed":false,"footnotes":""},"class_list":["post-14862","page","type-page","status-publish","hentry"],"acf":[],"yoast_head":"<!-- This site is optimized with the Yoast SEO Premium plugin v27.6 (Yoast SEO v27.6) - https:\/\/yoast.com\/product\/yoast-seo-premium-wordpress\/ -->\n<title>Cyber Security Gehalt &amp; Bezahlung<\/title>\n<meta name=\"description\" content=\"Cyber Security Gehalt &amp; Bezahlung. Geh\u00e4lter f\u00fcr Cyber-Sicherheitsanalysten und -ingenieure, Gehalt und Gehaltswachstum, Zukunftsaussichten und branchen\u00fcbergreifende Geh\u00e4lter f\u00fcr Cybersicherheit\" \/>\n<meta name=\"robots\" content=\"index, follow, max-snippet:-1, max-image-preview:large, max-video-preview:-1\" \/>\n<link rel=\"canonical\" href=\"https:\/\/renaix.com\/de\/jobressourcen-2\/cyber-security-gehalt-bezahlung\/\" \/>\n<meta property=\"og:locale\" content=\"de_DE\" \/>\n<meta property=\"og:type\" content=\"article\" \/>\n<meta property=\"og:title\" content=\"Cyber Security Gehalt &amp; Bezahlung\" \/>\n<meta property=\"og:description\" content=\"Cyber Security Gehalt &amp; Bezahlung. Geh\u00e4lter f\u00fcr Cyber-Sicherheitsanalysten und -ingenieure, Gehalt und Gehaltswachstum, Zukunftsaussichten und branchen\u00fcbergreifende Geh\u00e4lter f\u00fcr Cybersicherheit\" \/>\n<meta property=\"og:url\" content=\"https:\/\/renaix.com\/de\/jobressourcen-2\/cyber-security-gehalt-bezahlung\/\" \/>\n<meta property=\"og:site_name\" content=\"Renaix - Recruiting For The Future Of Global Business\" \/>\n<meta property=\"article:publisher\" content=\"https:\/\/www.facebook.com\/Renaix\" \/>\n<meta property=\"article:modified_time\" content=\"2020-09-01T11:26:56+00:00\" \/>\n<meta name=\"twitter:card\" content=\"summary_large_image\" \/>\n<meta name=\"twitter:site\" content=\"@renaixRec\" \/>\n<script type=\"application\/ld+json\" class=\"yoast-schema-graph\">{\"@context\":\"https:\\\/\\\/schema.org\",\"@graph\":[{\"@type\":\"WebPage\",\"@id\":\"https:\\\/\\\/renaix.com\\\/de\\\/jobressourcen-2\\\/cyber-security-gehalt-bezahlung\\\/\",\"url\":\"https:\\\/\\\/renaix.com\\\/de\\\/jobressourcen-2\\\/cyber-security-gehalt-bezahlung\\\/\",\"name\":\"Cyber Security Gehalt & Bezahlung\",\"isPartOf\":{\"@id\":\"https:\\\/\\\/www.renaix.com\\\/de\\\/#website\"},\"datePublished\":\"2019-02-01T14:44:41+00:00\",\"dateModified\":\"2020-09-01T11:26:56+00:00\",\"description\":\"Cyber Security Gehalt & Bezahlung. Geh\u00e4lter f\u00fcr Cyber-Sicherheitsanalysten und -ingenieure, Gehalt und Gehaltswachstum, Zukunftsaussichten und branchen\u00fcbergreifende Geh\u00e4lter f\u00fcr Cybersicherheit\",\"breadcrumb\":{\"@id\":\"https:\\\/\\\/renaix.com\\\/de\\\/jobressourcen-2\\\/cyber-security-gehalt-bezahlung\\\/#breadcrumb\"},\"inLanguage\":\"de\",\"potentialAction\":[{\"@type\":\"ReadAction\",\"target\":[\"https:\\\/\\\/renaix.com\\\/de\\\/jobressourcen-2\\\/cyber-security-gehalt-bezahlung\\\/\"]}]},{\"@type\":\"BreadcrumbList\",\"@id\":\"https:\\\/\\\/renaix.com\\\/de\\\/jobressourcen-2\\\/cyber-security-gehalt-bezahlung\\\/#breadcrumb\",\"itemListElement\":[{\"@type\":\"ListItem\",\"position\":1,\"name\":\"Home\",\"item\":\"https:\\\/\\\/www.renaix.com\\\/de\\\/\"},{\"@type\":\"ListItem\",\"position\":2,\"name\":\"Jobressourcen\",\"item\":\"https:\\\/\\\/www.renaix.com\\\/de\\\/jobressourcen-2\\\/\"},{\"@type\":\"ListItem\",\"position\":3,\"name\":\"Cyber Security Gehalt &#038; Bezahlung\"}]},{\"@type\":\"WebSite\",\"@id\":\"https:\\\/\\\/www.renaix.com\\\/de\\\/#website\",\"url\":\"https:\\\/\\\/www.renaix.com\\\/de\\\/\",\"name\":\"Renaix - Recruiting For The Future Of Global Business\",\"description\":\"Renaix is an international recruitment and executive search consultancy, specialising in placing senior management, finance and audit professionals\",\"publisher\":{\"@id\":\"https:\\\/\\\/www.renaix.com\\\/de\\\/#organization\"},\"potentialAction\":[{\"@type\":\"SearchAction\",\"target\":{\"@type\":\"EntryPoint\",\"urlTemplate\":\"https:\\\/\\\/www.renaix.com\\\/de\\\/?s={search_term_string}\"},\"query-input\":{\"@type\":\"PropertyValueSpecification\",\"valueRequired\":true,\"valueName\":\"search_term_string\"}}],\"inLanguage\":\"de\"},{\"@type\":\"Organization\",\"@id\":\"https:\\\/\\\/www.renaix.com\\\/de\\\/#organization\",\"name\":\"Renaix Recruitment\",\"url\":\"https:\\\/\\\/www.renaix.com\\\/de\\\/\",\"logo\":{\"@type\":\"ImageObject\",\"inLanguage\":\"de\",\"@id\":\"https:\\\/\\\/www.renaix.com\\\/de\\\/#\\\/schema\\\/logo\\\/image\\\/\",\"url\":\"https:\\\/\\\/renaix.com\\\/wp-content\\\/uploads\\\/2017\\\/06\\\/renaix-logo-2.png\",\"contentUrl\":\"https:\\\/\\\/renaix.com\\\/wp-content\\\/uploads\\\/2017\\\/06\\\/renaix-logo-2.png\",\"width\":200,\"height\":32,\"caption\":\"Renaix Recruitment\"},\"image\":{\"@id\":\"https:\\\/\\\/www.renaix.com\\\/de\\\/#\\\/schema\\\/logo\\\/image\\\/\"},\"sameAs\":[\"https:\\\/\\\/www.facebook.com\\\/Renaix\",\"https:\\\/\\\/x.com\\\/renaixRec\",\"https:\\\/\\\/www.linkedin.com\\\/company\\\/renaix\\\/\"]}]}<\/script>\n<!-- \/ Yoast SEO Premium plugin. -->","yoast_head_json":{"title":"Cyber Security Gehalt & Bezahlung","description":"Cyber Security Gehalt & Bezahlung. Geh\u00e4lter f\u00fcr Cyber-Sicherheitsanalysten und -ingenieure, Gehalt und Gehaltswachstum, Zukunftsaussichten und branchen\u00fcbergreifende Geh\u00e4lter f\u00fcr Cybersicherheit","robots":{"index":"index","follow":"follow","max-snippet":"max-snippet:-1","max-image-preview":"max-image-preview:large","max-video-preview":"max-video-preview:-1"},"canonical":"https:\/\/renaix.com\/de\/jobressourcen-2\/cyber-security-gehalt-bezahlung\/","og_locale":"de_DE","og_type":"article","og_title":"Cyber Security Gehalt & Bezahlung","og_description":"Cyber Security Gehalt & Bezahlung. Geh\u00e4lter f\u00fcr Cyber-Sicherheitsanalysten und -ingenieure, Gehalt und Gehaltswachstum, Zukunftsaussichten und branchen\u00fcbergreifende Geh\u00e4lter f\u00fcr Cybersicherheit","og_url":"https:\/\/renaix.com\/de\/jobressourcen-2\/cyber-security-gehalt-bezahlung\/","og_site_name":"Renaix - Recruiting For The Future Of Global Business","article_publisher":"https:\/\/www.facebook.com\/Renaix","article_modified_time":"2020-09-01T11:26:56+00:00","twitter_card":"summary_large_image","twitter_site":"@renaixRec","schema":{"@context":"https:\/\/schema.org","@graph":[{"@type":"WebPage","@id":"https:\/\/renaix.com\/de\/jobressourcen-2\/cyber-security-gehalt-bezahlung\/","url":"https:\/\/renaix.com\/de\/jobressourcen-2\/cyber-security-gehalt-bezahlung\/","name":"Cyber Security Gehalt & Bezahlung","isPartOf":{"@id":"https:\/\/www.renaix.com\/de\/#website"},"datePublished":"2019-02-01T14:44:41+00:00","dateModified":"2020-09-01T11:26:56+00:00","description":"Cyber Security Gehalt & Bezahlung. Geh\u00e4lter f\u00fcr Cyber-Sicherheitsanalysten und -ingenieure, Gehalt und Gehaltswachstum, Zukunftsaussichten und branchen\u00fcbergreifende Geh\u00e4lter f\u00fcr Cybersicherheit","breadcrumb":{"@id":"https:\/\/renaix.com\/de\/jobressourcen-2\/cyber-security-gehalt-bezahlung\/#breadcrumb"},"inLanguage":"de","potentialAction":[{"@type":"ReadAction","target":["https:\/\/renaix.com\/de\/jobressourcen-2\/cyber-security-gehalt-bezahlung\/"]}]},{"@type":"BreadcrumbList","@id":"https:\/\/renaix.com\/de\/jobressourcen-2\/cyber-security-gehalt-bezahlung\/#breadcrumb","itemListElement":[{"@type":"ListItem","position":1,"name":"Home","item":"https:\/\/www.renaix.com\/de\/"},{"@type":"ListItem","position":2,"name":"Jobressourcen","item":"https:\/\/www.renaix.com\/de\/jobressourcen-2\/"},{"@type":"ListItem","position":3,"name":"Cyber Security Gehalt &#038; Bezahlung"}]},{"@type":"WebSite","@id":"https:\/\/www.renaix.com\/de\/#website","url":"https:\/\/www.renaix.com\/de\/","name":"Renaix - Recruiting For The Future Of Global Business","description":"Renaix is an international recruitment and executive search consultancy, specialising in placing senior management, finance and audit professionals","publisher":{"@id":"https:\/\/www.renaix.com\/de\/#organization"},"potentialAction":[{"@type":"SearchAction","target":{"@type":"EntryPoint","urlTemplate":"https:\/\/www.renaix.com\/de\/?s={search_term_string}"},"query-input":{"@type":"PropertyValueSpecification","valueRequired":true,"valueName":"search_term_string"}}],"inLanguage":"de"},{"@type":"Organization","@id":"https:\/\/www.renaix.com\/de\/#organization","name":"Renaix Recruitment","url":"https:\/\/www.renaix.com\/de\/","logo":{"@type":"ImageObject","inLanguage":"de","@id":"https:\/\/www.renaix.com\/de\/#\/schema\/logo\/image\/","url":"https:\/\/renaix.com\/wp-content\/uploads\/2017\/06\/renaix-logo-2.png","contentUrl":"https:\/\/renaix.com\/wp-content\/uploads\/2017\/06\/renaix-logo-2.png","width":200,"height":32,"caption":"Renaix Recruitment"},"image":{"@id":"https:\/\/www.renaix.com\/de\/#\/schema\/logo\/image\/"},"sameAs":["https:\/\/www.facebook.com\/Renaix","https:\/\/x.com\/renaixRec","https:\/\/www.linkedin.com\/company\/renaix\/"]}]}},"_links":{"self":[{"href":"https:\/\/renaix.com\/de\/wp-json\/wp\/v2\/pages\/14862","targetHints":{"allow":["GET"]}}],"collection":[{"href":"https:\/\/renaix.com\/de\/wp-json\/wp\/v2\/pages"}],"about":[{"href":"https:\/\/renaix.com\/de\/wp-json\/wp\/v2\/types\/page"}],"author":[{"embeddable":true,"href":"https:\/\/renaix.com\/de\/wp-json\/wp\/v2\/users\/32"}],"replies":[{"embeddable":true,"href":"https:\/\/renaix.com\/de\/wp-json\/wp\/v2\/comments?post=14862"}],"version-history":[{"count":4,"href":"https:\/\/renaix.com\/de\/wp-json\/wp\/v2\/pages\/14862\/revisions"}],"predecessor-version":[{"id":16276,"href":"https:\/\/renaix.com\/de\/wp-json\/wp\/v2\/pages\/14862\/revisions\/16276"}],"up":[{"embeddable":true,"href":"https:\/\/renaix.com\/de\/wp-json\/wp\/v2\/pages\/14967"}],"wp:attachment":[{"href":"https:\/\/renaix.com\/de\/wp-json\/wp\/v2\/media?parent=14862"}],"curies":[{"name":"wp","href":"https:\/\/api.w.org\/{rel}","templated":true}]}}