{"id":15371,"date":"2018-07-11T09:04:48","date_gmt":"2018-07-11T09:04:48","guid":{"rendered":"https:\/\/renaix.com\/jobressourcen-2\/buchhaltungsauftragsrollenressourcen\/"},"modified":"2022-02-17T18:33:12","modified_gmt":"2022-02-17T18:33:12","slug":"buchhaltungsauftragsrollenressourcen","status":"publish","type":"page","link":"https:\/\/renaix.com\/de\/jobressourcen-2\/buchhaltungsauftragsrollenressourcen\/","title":{"rendered":"Ressourcen f\u00fcr die Rolle &#8222;Buchhaltungsauftrag&#8220;"},"content":{"rendered":"<section class=\"wpb-content-wrapper\"><p>[vc_section el_class=&#8220;all-in-cyber cyber-container&#8220;][vc_row el_class=&#8220;cyber-container&#8220;][vc_column el_class=&#8220;cyber-top-sec&#8220;][vc_column_text]<\/p>\n<h2 style=\"text-align: justify\">Unsere Ressourcen f\u00fcr Buchhaltungsjobrollen finden Sie hier<\/h2>\n<p style=\"text-align: justify\">Buchhalter sind f\u00fcr die Verwaltung aller Finanzberichte, Sachkonten und Kontenb\u00fccher des Unternehmens verantwortlich. Sie sind auch verantwortlich f\u00fcr die Gew\u00e4hrleistung der Richtigkeit dieser Berichte und ihre rechtzeitige \u00dcbermittlung an alle relevanten Interessentr\u00e4ger.<\/p>\n<p style=\"text-align: justify\">Die F\u00e4higkeiten und Qualifikationen f\u00fcr Buchhalter sind \u00e4hnlich denen ihrer Kollegen in der Finanzabteilung. Tats\u00e4chlich k\u00f6nnten in kleineren Unternehmen die Verantwortlichkeiten unter dieselbe Abteilung oder sogar auf dieselbe Person fallen. Buchhalter m\u00fcssen die verschiedenen Buchhaltungsregeln und -vorgehensweisen, sowie Steuer- und Regulierungsfragen kennen. Au\u00dferdem m\u00fcssen sie die F\u00e4higkeit mit Zahlen zu arbeiten und ein gutes Verst\u00e4ndnis f\u00fcr die Verwendung von Buchhaltungssoftware besitzen. Dieser Schritt-f\u00fcr-Schritt-Guide wird Ihnen zeigen, wie Sie diese F\u00e4higkeiten erlangen k\u00f6nnen, so dass Sie Ihre Karriere in der Buchhaltung beginnen k\u00f6nnen.<\/p>\n<p>[\/vc_column_text][\/vc_column][\/vc_row][vc_row el_class=&#8220;cyber-row&#8220;][vc_column width=&#8220;1\/3&#8243; el_class=&#8220;cyber-col&#8220;][vc_column_text el_class=&#8220;cyber-1-bg cyber-inner-box&#8220;]<\/p>\n<h3 class=\"inner-text-heading\" style=\"text-align: center\"><a href=\"https:\/\/renaix.com\/de\/jobressourcen-2\/wie-man-buchhalterischer-wird\/\">Wie man Buchhalter wird<\/a><\/h3>\n<p>[\/vc_column_text][\/vc_column][vc_column width=&#8220;1\/3&#8243; el_class=&#8220;cyber-col&#8220;][vc_column_text el_class=&#8220;cyber-inner-box cyber-2-bg&#8220;]<\/p>\n<h3 class=\"inner-text-heading\" style=\"text-align: center\"><a href=\"https:\/\/renaix.com\/de\/jobressourcen-2\/buchhalter-lebenslauf-vorlage-beispiele\/\">Buchhalter Lebenslauf, Vorlage &amp; Beispiele<\/a><\/h3>\n<p>[\/vc_column_text][\/vc_column][vc_column width=&#8220;1\/3&#8243; el_class=&#8220;cyber-col&#8220;][vc_column_text el_class=&#8220;cyber-inner-box cyber-3-bg&#8220;]<\/p>\n<h3 class=\"inner-text-heading\" style=\"text-align: center\"><a href=\"https:\/\/renaix.com\/de\/jobressourcen-2\/buchhalter-qualifikationen-faehigkeiten\/\">Buchhalter Qualifikationen &amp; F\u00e4higkeiten<\/a><\/h3>\n<p>[\/vc_column_text][\/vc_column][\/vc_row][vc_row el_class=&#8220;cyber-row&#8220;][vc_column width=&#8220;1\/3&#8243; el_class=&#8220;cyber-col&#8220;][vc_column_text el_class=&#8220;cyber-inner-box cyber-4-bg&#8220;]<\/p>\n<h3 class=\"inner-text-heading\" style=\"text-align: center\"><a href=\"https:\/\/renaix.com\/de\/jobressourcen-2\/buchhaltergehalt-bezahlung\/\">Buchhalter Gehalt &amp; Bezahlung<\/a><\/h3>\n<p>[\/vc_column_text][\/vc_column][vc_column width=&#8220;1\/3&#8243; el_class=&#8220;cyber-col&#8220;][vc_column_text el_class=&#8220;cyber-inner-box cyber-5-bg&#8220;]<\/p>\n<h3 class=\"inner-text-heading\" style=\"text-align: center\"><a href=\"https:\/\/renaix.com\/de\/jobressourcen-2\/buchhalter-job-beschreibung-profil\/\">Buchhalter Job Beschreibung &amp; -profil<\/a><\/h3>\n<p>[\/vc_column_text][\/vc_column][vc_column width=&#8220;1\/3&#8243;][vc_column_text el_class=&#8220;cyber-inner-box cyber-2-bg&#8220;]<\/p>\n<h3 class=\"inner-text-heading\" style=\"text-align: center\"><a href=\"https:\/\/renaix.com\/de\/jobressourcen-2\/\">Alle Jobressourcen<\/a><\/h3>\n<p>[\/vc_column_text][\/vc_column][\/vc_row][vc_row][vc_column][vc_column_text]<\/p>\n<section class=\"all-in-cyber\">\n<div class=\"cyber-container\">\n<h4 class=\"text-left cyber-job-roles\">Andere Jobressourcen<\/h4>\n<\/div>\n<\/section>\n<p>[\/vc_column_text][\/vc_column][\/vc_row][\/vc_section][vc_section el_class=&#8220;other-job-roles&#8220; css=&#8220;.vc_custom_1581273055108{padding-top: 50px !important;}&#8220;][vc_row el_class=&#8220;cyber-container&#8220;][vc_column][vc_row_inner el_class=&#8220;cyber-row&#8220;][vc_column_inner el_class=&#8220;cyber-col&#8220; width=&#8220;1\/3&#8243;][vc_column_text el_class=&#8220;cyber-inner-box cyber-bg-1&#8243;]<\/p>\n<h3 class=\"inner-text-heading\" style=\"text-align: center\"><a href=\"https:\/\/renaix.com\/de\/jobressourcen-2\/ressourcen-fuer-den-finanzcontroller-job-rollenressourcen\/\">Finanz Controller<\/a><\/h3>\n<p>[\/vc_column_text][\/vc_column_inner][vc_column_inner el_class=&#8220;cyber-col&#8220; width=&#8220;1\/3&#8243;][vc_column_text el_class=&#8220;cyber-inner-box cyber-bg-2&#8243;]<\/p>\n<h3 class=\"inner-text-heading\" style=\"text-align: center\"><a class=\"header__sub-menu__a\" href=\"https:\/\/renaix.com\/de\/cv-gebaeudetipps-fuer-finanzmanager-rollen\/finance-manager-2\/\">Finanzmanager<\/a><\/h3>\n<p>[\/vc_column_text][\/vc_column_inner][vc_column_inner el_class=&#8220;cyber-col&#8220; width=&#8220;1\/3&#8243;][vc_column_text el_class=&#8220;cyber-inner-box cyber-bg-3&#8243;]<\/p>\n<h3 class=\"inner-text-heading\" style=\"text-align: center\"><a href=\"https:\/\/renaix.com\/de\/jobressourcen-2\/betriebsmanager-auftragsrollenressourcen\/\">Betriebmanager<\/a><\/h3>\n<p>[\/vc_column_text][\/vc_column_inner][\/vc_row_inner][vc_row_inner el_class=&#8220;cyber-row&#8220;][vc_column_inner el_class=&#8220;cyber-col&#8220; width=&#8220;1\/3&#8243;][vc_column_text el_class=&#8220;cyber-inner-box cyber-bg-4&#8243;]<\/p>\n<h3 class=\"inner-text-heading\" style=\"text-align: center\"><a href=\"https:\/\/renaix.com\/de\/jobressourcen-2\/beschaffungsmanager-job-rollenressourcen\/\">Beschaffung<\/a><\/h3>\n<p>[\/vc_column_text][\/vc_column_inner][vc_column_inner el_class=&#8220;cyber-col&#8220; width=&#8220;1\/3&#8243;][vc_column_text el_class=&#8220;cyber-inner-box cyber-bg-5&#8243;]<\/p>\n<h3 class=\"inner-text-heading\" style=\"text-align: center\"><a href=\"https:\/\/renaix.com\/job-resources\/asset-manager-job-role-resources\/\">Verm\u00f6gensverwalter<\/a><\/h3>\n<p>[\/vc_column_text][\/vc_column_inner][vc_column_inner el_class=&#8220;cyber-col&#8220; width=&#8220;1\/3&#8243;][vc_column_text el_class=&#8220;cyber-inner-box cyber-bg-6&#8243;]<\/p>\n<h3 class=\"inner-text-heading\" style=\"text-align: center\"><a href=\"https:\/\/renaix.com\/job-resources\/managing-director-job-role-resources\/\">Gesch\u00e4ftsf\u00fchrer<\/a><\/h3>\n<p>[\/vc_column_text][\/vc_column_inner][\/vc_row_inner][vc_row_inner el_class=&#8220;cyber-row&#8220;][vc_column_inner el_class=&#8220;cyber-col&#8220; width=&#8220;1\/3&#8243;][vc_column_text el_class=&#8220;cyber-inner-box cyber-bg-1&#8243;]<\/p>\n<h3 class=\"inner-text-heading\" style=\"text-align: center\"><a href=\"https:\/\/renaix.com\/job-resources-introduction\/cyber-security-analyst\/\">Cybersicherheitsanalyst<\/a><\/h3>\n<p>[\/vc_column_text][\/vc_column_inner][vc_column_inner el_class=&#8220;cyber-col&#8220; width=&#8220;1\/3&#8243;][vc_column_text el_class=&#8220;cyber-inner-box cyber-bg-2&#8243;]<\/p>\n<h3 class=\"inner-text-heading\" style=\"text-align: center\"><a href=\"https:\/\/renaix.com\/job-resources-introduction\/internal-auditor-job-role-resources\/\">Interner Pr\u00fcfer <\/a><\/h3>\n<p>[\/vc_column_text][\/vc_column_inner][vc_column_inner el_class=&#8220;cyber-col&#8220; width=&#8220;1\/3&#8243;][vc_column_text el_class=&#8220;cyber-inner-box cyber-bg-3&#8243;]<\/p>\n<h3 class=\"inner-text-heading\" style=\"text-align: center\"><a class=\"header__sub-menu__a\" href=\"https:\/\/renaix.com\/de\/jobressourcen-2\/cyber-security-gehalt-bezahlung\/business-analyst-2\/\">Business Analyst<\/a><\/h3>\n<p>[\/vc_column_text][\/vc_column_inner][\/vc_row_inner][\/vc_column][\/vc_row][\/vc_section][vc_section el_class=&#8220;cyber-conatct-sec&#8220;][vc_row][vc_column el_class=&#8220;cyber-contact-phone&#8220;][vc_column_text]<\/p>\n<h2 class=\"cyber-contact-phone\" style=\"text-align: center\">SENDEN SIE UNS IHREN LEBENSLAUF oder rufen Sie die +44 (0)20 7553 6320 an<\/h2>\n<p>[\/vc_column_text][\/vc_column][\/vc_row][\/vc_section]<\/p>\n<\/section>","protected":false},"excerpt":{"rendered":"<p>[vc_section el_class=&#8220;all-in-cyber cyber-container&#8220;][vc_row el_class=&#8220;cyber-container&#8220;][vc_column el_class=&#8220;cyber-top-sec&#8220;][vc_column_text] Unsere Ressourcen f\u00fcr Buchhaltungsjobrollen finden Sie hier Buchhalter sind f\u00fcr die Verwaltung aller Finanzberichte, Sachkonten und Kontenb\u00fccher des Unternehmens verantwortlich. Sie sind auch verantwortlich f\u00fcr die Gew\u00e4hrleistung der Richtigkeit dieser Berichte und ihre rechtzeitige \u00dcbermittlung an alle relevanten Interessentr\u00e4ger. Die F\u00e4higkeiten und Qualifikationen f\u00fcr Buchhalter sind \u00e4hnlich denen ihrer Kollegen [&hellip;]<\/p>\n","protected":false},"author":32,"featured_media":0,"parent":14967,"menu_order":0,"comment_status":"closed","ping_status":"closed","template":"tpl\/hub-finance-new.php","meta":{"_acf_changed":false,"footnotes":""},"class_list":["post-15371","page","type-page","status-publish","hentry"],"acf":[],"yoast_head":"<!-- This site is optimized with the Yoast SEO Premium plugin v27.6 (Yoast SEO v27.6) - https:\/\/yoast.com\/product\/yoast-seo-premium-wordpress\/ -->\n<title>Ressourcenressourcen f\u00fcr Buchhaltung<\/title>\n<meta name=\"description\" content=\"Ressourcen f\u00fcr die Rolle &quot;Buchhaltungsauftrag&quot;. Buchhalter sind f\u00fcr die Verwaltung aller Finanzberichte, Sachkonten und Kontenb\u00fccher des Unternehmens verantwortlich.\" \/>\n<meta name=\"robots\" content=\"index, follow, max-snippet:-1, max-image-preview:large, max-video-preview:-1\" \/>\n<link rel=\"canonical\" href=\"https:\/\/renaix.com\/de\/jobressourcen-2\/buchhaltungsauftragsrollenressourcen\/\" \/>\n<meta property=\"og:locale\" content=\"de_DE\" \/>\n<meta property=\"og:type\" content=\"article\" \/>\n<meta property=\"og:title\" content=\"Ressourcen f\u00fcr die Rolle &quot;Buchhaltungsauftrag&quot;\" \/>\n<meta property=\"og:description\" content=\"Ressourcen f\u00fcr die Rolle &quot;Buchhaltungsauftrag&quot;. Buchhalter sind f\u00fcr die Verwaltung aller Finanzberichte, Sachkonten und Kontenb\u00fccher des Unternehmens verantwortlich.\" \/>\n<meta property=\"og:url\" content=\"https:\/\/renaix.com\/de\/jobressourcen-2\/buchhaltungsauftragsrollenressourcen\/\" \/>\n<meta property=\"og:site_name\" content=\"Renaix - Recruiting For The Future Of Global Business\" \/>\n<meta property=\"article:publisher\" content=\"https:\/\/www.facebook.com\/Renaix\" \/>\n<meta property=\"article:modified_time\" content=\"2022-02-17T18:33:12+00:00\" \/>\n<meta name=\"twitter:card\" content=\"summary_large_image\" \/>\n<meta name=\"twitter:site\" content=\"@renaixRec\" \/>\n<meta name=\"twitter:label1\" content=\"Gesch\u00e4tzte Lesezeit\" \/>\n\t<meta name=\"twitter:data1\" content=\"3\u00a0Minuten\" \/>\n<script type=\"application\/ld+json\" class=\"yoast-schema-graph\">{\"@context\":\"https:\\\/\\\/schema.org\",\"@graph\":[{\"@type\":\"WebPage\",\"@id\":\"https:\\\/\\\/renaix.com\\\/de\\\/jobressourcen-2\\\/buchhaltungsauftragsrollenressourcen\\\/\",\"url\":\"https:\\\/\\\/renaix.com\\\/de\\\/jobressourcen-2\\\/buchhaltungsauftragsrollenressourcen\\\/\",\"name\":\"Ressourcenressourcen f\u00fcr Buchhaltung\",\"isPartOf\":{\"@id\":\"https:\\\/\\\/www.renaix.com\\\/de\\\/#website\"},\"datePublished\":\"2018-07-11T09:04:48+00:00\",\"dateModified\":\"2022-02-17T18:33:12+00:00\",\"description\":\"Ressourcen f\u00fcr die Rolle \\\"Buchhaltungsauftrag\\\". Buchhalter sind f\u00fcr die Verwaltung aller Finanzberichte, Sachkonten und Kontenb\u00fccher des Unternehmens verantwortlich.\",\"breadcrumb\":{\"@id\":\"https:\\\/\\\/renaix.com\\\/de\\\/jobressourcen-2\\\/buchhaltungsauftragsrollenressourcen\\\/#breadcrumb\"},\"inLanguage\":\"de\",\"potentialAction\":[{\"@type\":\"ReadAction\",\"target\":[\"https:\\\/\\\/renaix.com\\\/de\\\/jobressourcen-2\\\/buchhaltungsauftragsrollenressourcen\\\/\"]}]},{\"@type\":\"BreadcrumbList\",\"@id\":\"https:\\\/\\\/renaix.com\\\/de\\\/jobressourcen-2\\\/buchhaltungsauftragsrollenressourcen\\\/#breadcrumb\",\"itemListElement\":[{\"@type\":\"ListItem\",\"position\":1,\"name\":\"Home\",\"item\":\"https:\\\/\\\/www.renaix.com\\\/de\\\/\"},{\"@type\":\"ListItem\",\"position\":2,\"name\":\"Jobressourcen\",\"item\":\"https:\\\/\\\/www.renaix.com\\\/de\\\/jobressourcen-2\\\/\"},{\"@type\":\"ListItem\",\"position\":3,\"name\":\"Ressourcen f\u00fcr die Rolle &#8222;Buchhaltungsauftrag&#8220;\"}]},{\"@type\":\"WebSite\",\"@id\":\"https:\\\/\\\/www.renaix.com\\\/de\\\/#website\",\"url\":\"https:\\\/\\\/www.renaix.com\\\/de\\\/\",\"name\":\"Renaix - Recruiting For The Future Of Global Business\",\"description\":\"Renaix is an international recruitment and executive search consultancy, specialising in placing senior management, finance and audit professionals\",\"publisher\":{\"@id\":\"https:\\\/\\\/www.renaix.com\\\/de\\\/#organization\"},\"potentialAction\":[{\"@type\":\"SearchAction\",\"target\":{\"@type\":\"EntryPoint\",\"urlTemplate\":\"https:\\\/\\\/www.renaix.com\\\/de\\\/?s={search_term_string}\"},\"query-input\":{\"@type\":\"PropertyValueSpecification\",\"valueRequired\":true,\"valueName\":\"search_term_string\"}}],\"inLanguage\":\"de\"},{\"@type\":\"Organization\",\"@id\":\"https:\\\/\\\/www.renaix.com\\\/de\\\/#organization\",\"name\":\"Renaix Recruitment\",\"url\":\"https:\\\/\\\/www.renaix.com\\\/de\\\/\",\"logo\":{\"@type\":\"ImageObject\",\"inLanguage\":\"de\",\"@id\":\"https:\\\/\\\/www.renaix.com\\\/de\\\/#\\\/schema\\\/logo\\\/image\\\/\",\"url\":\"https:\\\/\\\/renaix.com\\\/wp-content\\\/uploads\\\/2017\\\/06\\\/renaix-logo-2.png\",\"contentUrl\":\"https:\\\/\\\/renaix.com\\\/wp-content\\\/uploads\\\/2017\\\/06\\\/renaix-logo-2.png\",\"width\":200,\"height\":32,\"caption\":\"Renaix Recruitment\"},\"image\":{\"@id\":\"https:\\\/\\\/www.renaix.com\\\/de\\\/#\\\/schema\\\/logo\\\/image\\\/\"},\"sameAs\":[\"https:\\\/\\\/www.facebook.com\\\/Renaix\",\"https:\\\/\\\/x.com\\\/renaixRec\",\"https:\\\/\\\/www.linkedin.com\\\/company\\\/renaix\\\/\"]}]}<\/script>\n<!-- \/ Yoast SEO Premium plugin. -->","yoast_head_json":{"title":"Ressourcenressourcen f\u00fcr Buchhaltung","description":"Ressourcen f\u00fcr die Rolle \"Buchhaltungsauftrag\". Buchhalter sind f\u00fcr die Verwaltung aller Finanzberichte, Sachkonten und Kontenb\u00fccher des Unternehmens verantwortlich.","robots":{"index":"index","follow":"follow","max-snippet":"max-snippet:-1","max-image-preview":"max-image-preview:large","max-video-preview":"max-video-preview:-1"},"canonical":"https:\/\/renaix.com\/de\/jobressourcen-2\/buchhaltungsauftragsrollenressourcen\/","og_locale":"de_DE","og_type":"article","og_title":"Ressourcen f\u00fcr die Rolle \"Buchhaltungsauftrag\"","og_description":"Ressourcen f\u00fcr die Rolle \"Buchhaltungsauftrag\". Buchhalter sind f\u00fcr die Verwaltung aller Finanzberichte, Sachkonten und Kontenb\u00fccher des Unternehmens verantwortlich.","og_url":"https:\/\/renaix.com\/de\/jobressourcen-2\/buchhaltungsauftragsrollenressourcen\/","og_site_name":"Renaix - Recruiting For The Future Of Global Business","article_publisher":"https:\/\/www.facebook.com\/Renaix","article_modified_time":"2022-02-17T18:33:12+00:00","twitter_card":"summary_large_image","twitter_site":"@renaixRec","twitter_misc":{"Gesch\u00e4tzte Lesezeit":"3\u00a0Minuten"},"schema":{"@context":"https:\/\/schema.org","@graph":[{"@type":"WebPage","@id":"https:\/\/renaix.com\/de\/jobressourcen-2\/buchhaltungsauftragsrollenressourcen\/","url":"https:\/\/renaix.com\/de\/jobressourcen-2\/buchhaltungsauftragsrollenressourcen\/","name":"Ressourcenressourcen f\u00fcr Buchhaltung","isPartOf":{"@id":"https:\/\/www.renaix.com\/de\/#website"},"datePublished":"2018-07-11T09:04:48+00:00","dateModified":"2022-02-17T18:33:12+00:00","description":"Ressourcen f\u00fcr die Rolle \"Buchhaltungsauftrag\". Buchhalter sind f\u00fcr die Verwaltung aller Finanzberichte, Sachkonten und Kontenb\u00fccher des Unternehmens verantwortlich.","breadcrumb":{"@id":"https:\/\/renaix.com\/de\/jobressourcen-2\/buchhaltungsauftragsrollenressourcen\/#breadcrumb"},"inLanguage":"de","potentialAction":[{"@type":"ReadAction","target":["https:\/\/renaix.com\/de\/jobressourcen-2\/buchhaltungsauftragsrollenressourcen\/"]}]},{"@type":"BreadcrumbList","@id":"https:\/\/renaix.com\/de\/jobressourcen-2\/buchhaltungsauftragsrollenressourcen\/#breadcrumb","itemListElement":[{"@type":"ListItem","position":1,"name":"Home","item":"https:\/\/www.renaix.com\/de\/"},{"@type":"ListItem","position":2,"name":"Jobressourcen","item":"https:\/\/www.renaix.com\/de\/jobressourcen-2\/"},{"@type":"ListItem","position":3,"name":"Ressourcen f\u00fcr die Rolle &#8222;Buchhaltungsauftrag&#8220;"}]},{"@type":"WebSite","@id":"https:\/\/www.renaix.com\/de\/#website","url":"https:\/\/www.renaix.com\/de\/","name":"Renaix - Recruiting For The Future Of Global Business","description":"Renaix is an international recruitment and executive search consultancy, specialising in placing senior management, finance and audit professionals","publisher":{"@id":"https:\/\/www.renaix.com\/de\/#organization"},"potentialAction":[{"@type":"SearchAction","target":{"@type":"EntryPoint","urlTemplate":"https:\/\/www.renaix.com\/de\/?s={search_term_string}"},"query-input":{"@type":"PropertyValueSpecification","valueRequired":true,"valueName":"search_term_string"}}],"inLanguage":"de"},{"@type":"Organization","@id":"https:\/\/www.renaix.com\/de\/#organization","name":"Renaix Recruitment","url":"https:\/\/www.renaix.com\/de\/","logo":{"@type":"ImageObject","inLanguage":"de","@id":"https:\/\/www.renaix.com\/de\/#\/schema\/logo\/image\/","url":"https:\/\/renaix.com\/wp-content\/uploads\/2017\/06\/renaix-logo-2.png","contentUrl":"https:\/\/renaix.com\/wp-content\/uploads\/2017\/06\/renaix-logo-2.png","width":200,"height":32,"caption":"Renaix Recruitment"},"image":{"@id":"https:\/\/www.renaix.com\/de\/#\/schema\/logo\/image\/"},"sameAs":["https:\/\/www.facebook.com\/Renaix","https:\/\/x.com\/renaixRec","https:\/\/www.linkedin.com\/company\/renaix\/"]}]}},"_links":{"self":[{"href":"https:\/\/renaix.com\/de\/wp-json\/wp\/v2\/pages\/15371","targetHints":{"allow":["GET"]}}],"collection":[{"href":"https:\/\/renaix.com\/de\/wp-json\/wp\/v2\/pages"}],"about":[{"href":"https:\/\/renaix.com\/de\/wp-json\/wp\/v2\/types\/page"}],"author":[{"embeddable":true,"href":"https:\/\/renaix.com\/de\/wp-json\/wp\/v2\/users\/32"}],"replies":[{"embeddable":true,"href":"https:\/\/renaix.com\/de\/wp-json\/wp\/v2\/comments?post=15371"}],"version-history":[{"count":5,"href":"https:\/\/renaix.com\/de\/wp-json\/wp\/v2\/pages\/15371\/revisions"}],"predecessor-version":[{"id":20594,"href":"https:\/\/renaix.com\/de\/wp-json\/wp\/v2\/pages\/15371\/revisions\/20594"}],"up":[{"embeddable":true,"href":"https:\/\/renaix.com\/de\/wp-json\/wp\/v2\/pages\/14967"}],"wp:attachment":[{"href":"https:\/\/renaix.com\/de\/wp-json\/wp\/v2\/media?parent=15371"}],"curies":[{"name":"wp","href":"https:\/\/api.w.org\/{rel}","templated":true}]}}