{"id":15440,"date":"2017-06-15T12:49:08","date_gmt":"2017-06-15T12:49:08","guid":{"rendered":"https:\/\/renaix.com\/kontaktieren-sie-uns\/"},"modified":"2024-02-28T18:25:46","modified_gmt":"2024-02-28T18:25:46","slug":"kontaktieren-sie-uns","status":"publish","type":"page","link":"https:\/\/renaix.com\/de\/kontaktieren-sie-uns\/","title":{"rendered":"Kontaktieren Sie uns"},"content":{"rendered":"<p>F\u00fcr weitere Informationen wenden Sie sich bitte an Renaix und wir leiten Ihre Anfrage an ein Mitglied unseres Teams weiter.<\/p>\n<p style=\"text-align: left;\"><strong>Renaix <\/strong><\/p>\n<p style=\"text-align: left;\">5A Underwood Street<br \/>\nLondon<br \/>\nN1 7LY<br \/>\nVereinigtes K\u00f6nigreich<\/p>\n<p>Tel: +44 (0)20 7553 6320<\/p>\n<p>E-Mail: <a href=\"mailto:info@renaix.com\">info@renaix.com<\/a><\/p>\n<p><center><iframe loading=\"lazy\" src=\"http:\/\/www.google.co.uk\/maps?f=q&amp;source=s_q&amp;hl=en&amp;geocode=&amp;q=5A+Underwood+Street+London+N1+7LY&amp;aq=&amp;sll=53.800651,-4.064941&amp;sspn=7.609315,14.128418&amp;ie=UTF8&amp;hq=&amp;hnear=5+Underwood+St,+London+N1+7LY,+United+Kingdom&amp;t=m&amp;ll=51.529412,-0.091152&amp;spn=0.018689,0.036478&amp;z=14&amp;iwloc=A&amp;output=embed\" width=\"425\" height=\"350\" frameborder=\"0\" marginwidth=\"0\" marginheight=\"0\" scrolling=\"no\"><\/iframe><br \/>\n<small><a style=\"color: #0000ff; text-align: left;\" href=\"http:\/\/www.google.co.uk\/maps?f=q&amp;source=embed&amp;hl=en&amp;geocode=&amp;q=5A+Underwood+Street+London+N1+7LY&amp;aq=&amp;sll=53.800651,-4.064941&amp;sspn=7.609315,14.128418&amp;ie=UTF8&amp;hq=&amp;hnear=5+Underwood+St,+London+N1+7LY,+United+Kingdom&amp;t=m&amp;ll=51.529412,-0.091152&amp;spn=0.018689,0.036478&amp;z=14&amp;iwloc=A\">Gr\u00f6\u00dfere Karte anzeigen<\/a><\/small><\/center><\/p>\n","protected":false},"excerpt":{"rendered":"<p>F\u00fcr weitere Informationen wenden Sie sich bitte an Renaix und wir leiten Ihre Anfrage an ein Mitglied unseres Teams weiter. Renaix 5A Underwood Street London N1 7LY Vereinigtes K\u00f6nigreich Tel: +44 (0)20 7553 6320 E-Mail: info@renaix.com Gr\u00f6\u00dfere Karte anzeigen<\/p>\n","protected":false},"author":4,"featured_media":0,"parent":0,"menu_order":0,"comment_status":"closed","ping_status":"closed","template":"","meta":{"_acf_changed":false,"footnotes":""},"class_list":["post-15440","page","type-page","status-publish","hentry"],"acf":[],"yoast_head":"<!-- This site is optimized with the Yoast SEO Premium plugin v27.6 (Yoast SEO v27.6) - https:\/\/yoast.com\/product\/yoast-seo-premium-wordpress\/ -->\n<title>Kontaktieren Sie uns<\/title>\n<meta name=\"description\" content=\"Kontaktieren Sie uns. F\u00fcr weitere Informationen setzen. Sie sich bitte mit uns in Verbindung, und wir leiten Ihre Anfrage an das relevanteste Mitglied des Teams weiter.\" \/>\n<meta name=\"robots\" content=\"index, follow, max-snippet:-1, max-image-preview:large, max-video-preview:-1\" \/>\n<link rel=\"canonical\" href=\"https:\/\/renaix.com\/de\/kontaktieren-sie-uns\/\" \/>\n<meta property=\"og:locale\" content=\"de_DE\" \/>\n<meta property=\"og:type\" content=\"article\" \/>\n<meta property=\"og:title\" content=\"Kontaktieren Sie uns\" \/>\n<meta property=\"og:description\" content=\"Kontaktieren Sie uns. F\u00fcr weitere Informationen setzen. Sie sich bitte mit uns in Verbindung, und wir leiten Ihre Anfrage an das relevanteste Mitglied des Teams weiter.\" \/>\n<meta property=\"og:url\" content=\"https:\/\/renaix.com\/de\/kontaktieren-sie-uns\/\" \/>\n<meta property=\"og:site_name\" content=\"Renaix - Recruiting For The Future Of Global Business\" \/>\n<meta property=\"article:publisher\" content=\"https:\/\/www.facebook.com\/Renaix\" \/>\n<meta property=\"article:modified_time\" content=\"2024-02-28T18:25:46+00:00\" \/>\n<meta name=\"twitter:card\" content=\"summary_large_image\" \/>\n<meta name=\"twitter:site\" content=\"@renaixRec\" \/>\n<meta name=\"twitter:label1\" content=\"Gesch\u00e4tzte Lesezeit\" \/>\n\t<meta name=\"twitter:data1\" content=\"1\u00a0Minute\" \/>\n<script type=\"application\/ld+json\" class=\"yoast-schema-graph\">{\"@context\":\"https:\\\/\\\/schema.org\",\"@graph\":[{\"@type\":\"WebPage\",\"@id\":\"https:\\\/\\\/renaix.com\\\/de\\\/kontaktieren-sie-uns\\\/\",\"url\":\"https:\\\/\\\/renaix.com\\\/de\\\/kontaktieren-sie-uns\\\/\",\"name\":\"Kontaktieren Sie uns\",\"isPartOf\":{\"@id\":\"https:\\\/\\\/www.renaix.com\\\/de\\\/#website\"},\"datePublished\":\"2017-06-15T12:49:08+00:00\",\"dateModified\":\"2024-02-28T18:25:46+00:00\",\"description\":\"Kontaktieren Sie uns. F\u00fcr weitere Informationen setzen. Sie sich bitte mit uns in Verbindung, und wir leiten Ihre Anfrage an das relevanteste Mitglied des Teams weiter.\",\"breadcrumb\":{\"@id\":\"https:\\\/\\\/renaix.com\\\/de\\\/kontaktieren-sie-uns\\\/#breadcrumb\"},\"inLanguage\":\"de\",\"potentialAction\":[{\"@type\":\"ReadAction\",\"target\":[\"https:\\\/\\\/renaix.com\\\/de\\\/kontaktieren-sie-uns\\\/\"]}]},{\"@type\":\"BreadcrumbList\",\"@id\":\"https:\\\/\\\/renaix.com\\\/de\\\/kontaktieren-sie-uns\\\/#breadcrumb\",\"itemListElement\":[{\"@type\":\"ListItem\",\"position\":1,\"name\":\"Home\",\"item\":\"https:\\\/\\\/www.renaix.com\\\/de\\\/\"},{\"@type\":\"ListItem\",\"position\":2,\"name\":\"Kontaktieren Sie uns\"}]},{\"@type\":\"WebSite\",\"@id\":\"https:\\\/\\\/www.renaix.com\\\/de\\\/#website\",\"url\":\"https:\\\/\\\/www.renaix.com\\\/de\\\/\",\"name\":\"Renaix - Recruiting For The Future Of Global Business\",\"description\":\"Renaix is an international recruitment and executive search consultancy, specialising in placing senior management, finance and audit professionals\",\"publisher\":{\"@id\":\"https:\\\/\\\/www.renaix.com\\\/de\\\/#organization\"},\"potentialAction\":[{\"@type\":\"SearchAction\",\"target\":{\"@type\":\"EntryPoint\",\"urlTemplate\":\"https:\\\/\\\/www.renaix.com\\\/de\\\/?s={search_term_string}\"},\"query-input\":{\"@type\":\"PropertyValueSpecification\",\"valueRequired\":true,\"valueName\":\"search_term_string\"}}],\"inLanguage\":\"de\"},{\"@type\":\"Organization\",\"@id\":\"https:\\\/\\\/www.renaix.com\\\/de\\\/#organization\",\"name\":\"Renaix Recruitment\",\"url\":\"https:\\\/\\\/www.renaix.com\\\/de\\\/\",\"logo\":{\"@type\":\"ImageObject\",\"inLanguage\":\"de\",\"@id\":\"https:\\\/\\\/www.renaix.com\\\/de\\\/#\\\/schema\\\/logo\\\/image\\\/\",\"url\":\"https:\\\/\\\/renaix.com\\\/wp-content\\\/uploads\\\/2017\\\/06\\\/renaix-logo-2.png\",\"contentUrl\":\"https:\\\/\\\/renaix.com\\\/wp-content\\\/uploads\\\/2017\\\/06\\\/renaix-logo-2.png\",\"width\":200,\"height\":32,\"caption\":\"Renaix Recruitment\"},\"image\":{\"@id\":\"https:\\\/\\\/www.renaix.com\\\/de\\\/#\\\/schema\\\/logo\\\/image\\\/\"},\"sameAs\":[\"https:\\\/\\\/www.facebook.com\\\/Renaix\",\"https:\\\/\\\/x.com\\\/renaixRec\",\"https:\\\/\\\/www.linkedin.com\\\/company\\\/renaix\\\/\"]}]}<\/script>\n<!-- \/ Yoast SEO Premium plugin. -->","yoast_head_json":{"title":"Kontaktieren Sie uns","description":"Kontaktieren Sie uns. F\u00fcr weitere Informationen setzen. Sie sich bitte mit uns in Verbindung, und wir leiten Ihre Anfrage an das relevanteste Mitglied des Teams weiter.","robots":{"index":"index","follow":"follow","max-snippet":"max-snippet:-1","max-image-preview":"max-image-preview:large","max-video-preview":"max-video-preview:-1"},"canonical":"https:\/\/renaix.com\/de\/kontaktieren-sie-uns\/","og_locale":"de_DE","og_type":"article","og_title":"Kontaktieren Sie uns","og_description":"Kontaktieren Sie uns. F\u00fcr weitere Informationen setzen. Sie sich bitte mit uns in Verbindung, und wir leiten Ihre Anfrage an das relevanteste Mitglied des Teams weiter.","og_url":"https:\/\/renaix.com\/de\/kontaktieren-sie-uns\/","og_site_name":"Renaix - Recruiting For The Future Of Global Business","article_publisher":"https:\/\/www.facebook.com\/Renaix","article_modified_time":"2024-02-28T18:25:46+00:00","twitter_card":"summary_large_image","twitter_site":"@renaixRec","twitter_misc":{"Gesch\u00e4tzte Lesezeit":"1\u00a0Minute"},"schema":{"@context":"https:\/\/schema.org","@graph":[{"@type":"WebPage","@id":"https:\/\/renaix.com\/de\/kontaktieren-sie-uns\/","url":"https:\/\/renaix.com\/de\/kontaktieren-sie-uns\/","name":"Kontaktieren Sie uns","isPartOf":{"@id":"https:\/\/www.renaix.com\/de\/#website"},"datePublished":"2017-06-15T12:49:08+00:00","dateModified":"2024-02-28T18:25:46+00:00","description":"Kontaktieren Sie uns. F\u00fcr weitere Informationen setzen. Sie sich bitte mit uns in Verbindung, und wir leiten Ihre Anfrage an das relevanteste Mitglied des Teams weiter.","breadcrumb":{"@id":"https:\/\/renaix.com\/de\/kontaktieren-sie-uns\/#breadcrumb"},"inLanguage":"de","potentialAction":[{"@type":"ReadAction","target":["https:\/\/renaix.com\/de\/kontaktieren-sie-uns\/"]}]},{"@type":"BreadcrumbList","@id":"https:\/\/renaix.com\/de\/kontaktieren-sie-uns\/#breadcrumb","itemListElement":[{"@type":"ListItem","position":1,"name":"Home","item":"https:\/\/www.renaix.com\/de\/"},{"@type":"ListItem","position":2,"name":"Kontaktieren Sie uns"}]},{"@type":"WebSite","@id":"https:\/\/www.renaix.com\/de\/#website","url":"https:\/\/www.renaix.com\/de\/","name":"Renaix - Recruiting For The Future Of Global Business","description":"Renaix is an international recruitment and executive search consultancy, specialising in placing senior management, finance and audit professionals","publisher":{"@id":"https:\/\/www.renaix.com\/de\/#organization"},"potentialAction":[{"@type":"SearchAction","target":{"@type":"EntryPoint","urlTemplate":"https:\/\/www.renaix.com\/de\/?s={search_term_string}"},"query-input":{"@type":"PropertyValueSpecification","valueRequired":true,"valueName":"search_term_string"}}],"inLanguage":"de"},{"@type":"Organization","@id":"https:\/\/www.renaix.com\/de\/#organization","name":"Renaix Recruitment","url":"https:\/\/www.renaix.com\/de\/","logo":{"@type":"ImageObject","inLanguage":"de","@id":"https:\/\/www.renaix.com\/de\/#\/schema\/logo\/image\/","url":"https:\/\/renaix.com\/wp-content\/uploads\/2017\/06\/renaix-logo-2.png","contentUrl":"https:\/\/renaix.com\/wp-content\/uploads\/2017\/06\/renaix-logo-2.png","width":200,"height":32,"caption":"Renaix Recruitment"},"image":{"@id":"https:\/\/www.renaix.com\/de\/#\/schema\/logo\/image\/"},"sameAs":["https:\/\/www.facebook.com\/Renaix","https:\/\/x.com\/renaixRec","https:\/\/www.linkedin.com\/company\/renaix\/"]}]}},"_links":{"self":[{"href":"https:\/\/renaix.com\/de\/wp-json\/wp\/v2\/pages\/15440","targetHints":{"allow":["GET"]}}],"collection":[{"href":"https:\/\/renaix.com\/de\/wp-json\/wp\/v2\/pages"}],"about":[{"href":"https:\/\/renaix.com\/de\/wp-json\/wp\/v2\/types\/page"}],"author":[{"embeddable":true,"href":"https:\/\/renaix.com\/de\/wp-json\/wp\/v2\/users\/4"}],"replies":[{"embeddable":true,"href":"https:\/\/renaix.com\/de\/wp-json\/wp\/v2\/comments?post=15440"}],"version-history":[{"count":4,"href":"https:\/\/renaix.com\/de\/wp-json\/wp\/v2\/pages\/15440\/revisions"}],"predecessor-version":[{"id":26933,"href":"https:\/\/renaix.com\/de\/wp-json\/wp\/v2\/pages\/15440\/revisions\/26933"}],"wp:attachment":[{"href":"https:\/\/renaix.com\/de\/wp-json\/wp\/v2\/media?parent=15440"}],"curies":[{"name":"wp","href":"https:\/\/api.w.org\/{rel}","templated":true}]}}