{"id":15558,"date":"2019-05-18T18:10:23","date_gmt":"2019-05-18T18:10:23","guid":{"rendered":"https:\/\/renaix.com\/jobressourcen-2\/business-analyst-lebenslauf-vorlage-und-beispiele\/"},"modified":"2024-02-14T14:22:22","modified_gmt":"2024-02-14T14:22:22","slug":"business-analyst-lebenslauf-vorlage-und-beispiele","status":"publish","type":"page","link":"https:\/\/renaix.com\/de\/jobressourcen-2\/business-analyst-lebenslauf-vorlage-und-beispiele\/","title":{"rendered":"Business Analyst Lebenslauf, Vorlage und Beispiele"},"content":{"rendered":"","protected":false},"excerpt":{"rendered":"","protected":false},"author":4,"featured_media":0,"parent":14967,"menu_order":0,"comment_status":"closed","ping_status":"closed","template":"","meta":{"_acf_changed":false,"footnotes":""},"class_list":["post-15558","page","type-page","status-publish","hentry"],"acf":[],"yoast_head":"<!-- This site is optimized with the Yoast SEO Premium plugin v27.6 (Yoast SEO v27.6) - https:\/\/yoast.com\/product\/yoast-seo-premium-wordpress\/ -->\n<title>Business Analyst Lebenslauf | Vorlage und Beispiele | Renaix.com<\/title>\n<meta name=\"description\" content=\"Tipps f\u00fcr die Erstellung des Lebenslaufs f\u00fcr Business Analysten - Von Business Analysten wird erwartet Gesch\u00e4ftsprozesse, Funktionen, Abteilungen und andere damit verbundene Aktivit\u00e4ten eingehend zu untersuchen und numerisch zu bewerten. Um einen Vorteil gegen\u00fcber anderen Bewerbern zu gewinnen, m\u00fcssen die Bewerber \u00fcberlegene analytische F\u00e4higkeiten, ein tieferes Verst\u00e4ndnis von Gesch\u00e4ftsprozessen und vorzugsweise einige relevante Arbeitserfahrungen vorweisen, die ihre eigene Kompetenz praktisch belegen. Hier sind die verschiedenen Bereiche, auf die Sie sich in Ihren Lebenslauf konzentrieren m\u00fcssen.\" \/>\n<meta name=\"robots\" content=\"index, follow, max-snippet:-1, max-image-preview:large, max-video-preview:-1\" \/>\n<link rel=\"canonical\" href=\"https:\/\/renaix.com\/de\/jobressourcen-2\/business-analyst-lebenslauf-vorlage-und-beispiele\/\" \/>\n<meta property=\"og:locale\" content=\"de_DE\" \/>\n<meta property=\"og:type\" content=\"article\" \/>\n<meta property=\"og:title\" content=\"Business Analyst Lebenslauf, Vorlage und Beispiele\" \/>\n<meta property=\"og:description\" content=\"Tipps f\u00fcr die Erstellung des Lebenslaufs f\u00fcr Business Analysten - Von Business Analysten wird erwartet Gesch\u00e4ftsprozesse, Funktionen, Abteilungen und andere damit verbundene Aktivit\u00e4ten eingehend zu untersuchen und numerisch zu bewerten. Um einen Vorteil gegen\u00fcber anderen Bewerbern zu gewinnen, m\u00fcssen die Bewerber \u00fcberlegene analytische F\u00e4higkeiten, ein tieferes Verst\u00e4ndnis von Gesch\u00e4ftsprozessen und vorzugsweise einige relevante Arbeitserfahrungen vorweisen, die ihre eigene Kompetenz praktisch belegen. Hier sind die verschiedenen Bereiche, auf die Sie sich in Ihren Lebenslauf konzentrieren m\u00fcssen.\" \/>\n<meta property=\"og:url\" content=\"https:\/\/renaix.com\/de\/jobressourcen-2\/business-analyst-lebenslauf-vorlage-und-beispiele\/\" \/>\n<meta property=\"og:site_name\" content=\"Renaix - Recruiting For The Future Of Global Business\" \/>\n<meta property=\"article:publisher\" content=\"https:\/\/www.facebook.com\/Renaix\" \/>\n<meta property=\"article:modified_time\" content=\"2024-02-14T14:22:22+00:00\" \/>\n<meta name=\"twitter:card\" content=\"summary_large_image\" \/>\n<meta name=\"twitter:site\" content=\"@renaixRec\" \/>\n<script type=\"application\/ld+json\" class=\"yoast-schema-graph\">{\"@context\":\"https:\\\/\\\/schema.org\",\"@graph\":[{\"@type\":\"WebPage\",\"@id\":\"https:\\\/\\\/renaix.com\\\/de\\\/jobressourcen-2\\\/business-analyst-lebenslauf-vorlage-und-beispiele\\\/\",\"url\":\"https:\\\/\\\/renaix.com\\\/de\\\/jobressourcen-2\\\/business-analyst-lebenslauf-vorlage-und-beispiele\\\/\",\"name\":\"Business Analyst Lebenslauf | Vorlage und Beispiele | Renaix.com\",\"isPartOf\":{\"@id\":\"https:\\\/\\\/www.renaix.com\\\/de\\\/#website\"},\"datePublished\":\"2019-05-18T18:10:23+00:00\",\"dateModified\":\"2024-02-14T14:22:22+00:00\",\"description\":\"Tipps f\u00fcr die Erstellung des Lebenslaufs f\u00fcr Business Analysten - Von Business Analysten wird erwartet Gesch\u00e4ftsprozesse, Funktionen, Abteilungen und andere damit verbundene Aktivit\u00e4ten eingehend zu untersuchen und numerisch zu bewerten. Um einen Vorteil gegen\u00fcber anderen Bewerbern zu gewinnen, m\u00fcssen die Bewerber \u00fcberlegene analytische F\u00e4higkeiten, ein tieferes Verst\u00e4ndnis von Gesch\u00e4ftsprozessen und vorzugsweise einige relevante Arbeitserfahrungen vorweisen, die ihre eigene Kompetenz praktisch belegen. Hier sind die verschiedenen Bereiche, auf die Sie sich in Ihren Lebenslauf konzentrieren m\u00fcssen.\",\"breadcrumb\":{\"@id\":\"https:\\\/\\\/renaix.com\\\/de\\\/jobressourcen-2\\\/business-analyst-lebenslauf-vorlage-und-beispiele\\\/#breadcrumb\"},\"inLanguage\":\"de\",\"potentialAction\":[{\"@type\":\"ReadAction\",\"target\":[\"https:\\\/\\\/renaix.com\\\/de\\\/jobressourcen-2\\\/business-analyst-lebenslauf-vorlage-und-beispiele\\\/\"]}]},{\"@type\":\"BreadcrumbList\",\"@id\":\"https:\\\/\\\/renaix.com\\\/de\\\/jobressourcen-2\\\/business-analyst-lebenslauf-vorlage-und-beispiele\\\/#breadcrumb\",\"itemListElement\":[{\"@type\":\"ListItem\",\"position\":1,\"name\":\"Home\",\"item\":\"https:\\\/\\\/www.renaix.com\\\/de\\\/\"},{\"@type\":\"ListItem\",\"position\":2,\"name\":\"Jobressourcen\",\"item\":\"https:\\\/\\\/www.renaix.com\\\/de\\\/jobressourcen-2\\\/\"},{\"@type\":\"ListItem\",\"position\":3,\"name\":\"Business Analyst Lebenslauf, Vorlage und Beispiele\"}]},{\"@type\":\"WebSite\",\"@id\":\"https:\\\/\\\/www.renaix.com\\\/de\\\/#website\",\"url\":\"https:\\\/\\\/www.renaix.com\\\/de\\\/\",\"name\":\"Renaix - Recruiting For The Future Of Global Business\",\"description\":\"Renaix is an international recruitment and executive search consultancy, specialising in placing senior management, finance and audit professionals\",\"publisher\":{\"@id\":\"https:\\\/\\\/www.renaix.com\\\/de\\\/#organization\"},\"potentialAction\":[{\"@type\":\"SearchAction\",\"target\":{\"@type\":\"EntryPoint\",\"urlTemplate\":\"https:\\\/\\\/www.renaix.com\\\/de\\\/?s={search_term_string}\"},\"query-input\":{\"@type\":\"PropertyValueSpecification\",\"valueRequired\":true,\"valueName\":\"search_term_string\"}}],\"inLanguage\":\"de\"},{\"@type\":\"Organization\",\"@id\":\"https:\\\/\\\/www.renaix.com\\\/de\\\/#organization\",\"name\":\"Renaix Recruitment\",\"url\":\"https:\\\/\\\/www.renaix.com\\\/de\\\/\",\"logo\":{\"@type\":\"ImageObject\",\"inLanguage\":\"de\",\"@id\":\"https:\\\/\\\/www.renaix.com\\\/de\\\/#\\\/schema\\\/logo\\\/image\\\/\",\"url\":\"https:\\\/\\\/renaix.com\\\/wp-content\\\/uploads\\\/2017\\\/06\\\/renaix-logo-2.png\",\"contentUrl\":\"https:\\\/\\\/renaix.com\\\/wp-content\\\/uploads\\\/2017\\\/06\\\/renaix-logo-2.png\",\"width\":200,\"height\":32,\"caption\":\"Renaix Recruitment\"},\"image\":{\"@id\":\"https:\\\/\\\/www.renaix.com\\\/de\\\/#\\\/schema\\\/logo\\\/image\\\/\"},\"sameAs\":[\"https:\\\/\\\/www.facebook.com\\\/Renaix\",\"https:\\\/\\\/x.com\\\/renaixRec\",\"https:\\\/\\\/www.linkedin.com\\\/company\\\/renaix\\\/\"]}]}<\/script>\n<!-- \/ Yoast SEO Premium plugin. -->","yoast_head_json":{"title":"Business Analyst Lebenslauf | Vorlage und Beispiele | Renaix.com","description":"Tipps f\u00fcr die Erstellung des Lebenslaufs f\u00fcr Business Analysten - Von Business Analysten wird erwartet Gesch\u00e4ftsprozesse, Funktionen, Abteilungen und andere damit verbundene Aktivit\u00e4ten eingehend zu untersuchen und numerisch zu bewerten. Um einen Vorteil gegen\u00fcber anderen Bewerbern zu gewinnen, m\u00fcssen die Bewerber \u00fcberlegene analytische F\u00e4higkeiten, ein tieferes Verst\u00e4ndnis von Gesch\u00e4ftsprozessen und vorzugsweise einige relevante Arbeitserfahrungen vorweisen, die ihre eigene Kompetenz praktisch belegen. Hier sind die verschiedenen Bereiche, auf die Sie sich in Ihren Lebenslauf konzentrieren m\u00fcssen.","robots":{"index":"index","follow":"follow","max-snippet":"max-snippet:-1","max-image-preview":"max-image-preview:large","max-video-preview":"max-video-preview:-1"},"canonical":"https:\/\/renaix.com\/de\/jobressourcen-2\/business-analyst-lebenslauf-vorlage-und-beispiele\/","og_locale":"de_DE","og_type":"article","og_title":"Business Analyst Lebenslauf, Vorlage und Beispiele","og_description":"Tipps f\u00fcr die Erstellung des Lebenslaufs f\u00fcr Business Analysten - Von Business Analysten wird erwartet Gesch\u00e4ftsprozesse, Funktionen, Abteilungen und andere damit verbundene Aktivit\u00e4ten eingehend zu untersuchen und numerisch zu bewerten. Um einen Vorteil gegen\u00fcber anderen Bewerbern zu gewinnen, m\u00fcssen die Bewerber \u00fcberlegene analytische F\u00e4higkeiten, ein tieferes Verst\u00e4ndnis von Gesch\u00e4ftsprozessen und vorzugsweise einige relevante Arbeitserfahrungen vorweisen, die ihre eigene Kompetenz praktisch belegen. Hier sind die verschiedenen Bereiche, auf die Sie sich in Ihren Lebenslauf konzentrieren m\u00fcssen.","og_url":"https:\/\/renaix.com\/de\/jobressourcen-2\/business-analyst-lebenslauf-vorlage-und-beispiele\/","og_site_name":"Renaix - Recruiting For The Future Of Global Business","article_publisher":"https:\/\/www.facebook.com\/Renaix","article_modified_time":"2024-02-14T14:22:22+00:00","twitter_card":"summary_large_image","twitter_site":"@renaixRec","schema":{"@context":"https:\/\/schema.org","@graph":[{"@type":"WebPage","@id":"https:\/\/renaix.com\/de\/jobressourcen-2\/business-analyst-lebenslauf-vorlage-und-beispiele\/","url":"https:\/\/renaix.com\/de\/jobressourcen-2\/business-analyst-lebenslauf-vorlage-und-beispiele\/","name":"Business Analyst Lebenslauf | Vorlage und Beispiele | Renaix.com","isPartOf":{"@id":"https:\/\/www.renaix.com\/de\/#website"},"datePublished":"2019-05-18T18:10:23+00:00","dateModified":"2024-02-14T14:22:22+00:00","description":"Tipps f\u00fcr die Erstellung des Lebenslaufs f\u00fcr Business Analysten - Von Business Analysten wird erwartet Gesch\u00e4ftsprozesse, Funktionen, Abteilungen und andere damit verbundene Aktivit\u00e4ten eingehend zu untersuchen und numerisch zu bewerten. Um einen Vorteil gegen\u00fcber anderen Bewerbern zu gewinnen, m\u00fcssen die Bewerber \u00fcberlegene analytische F\u00e4higkeiten, ein tieferes Verst\u00e4ndnis von Gesch\u00e4ftsprozessen und vorzugsweise einige relevante Arbeitserfahrungen vorweisen, die ihre eigene Kompetenz praktisch belegen. Hier sind die verschiedenen Bereiche, auf die Sie sich in Ihren Lebenslauf konzentrieren m\u00fcssen.","breadcrumb":{"@id":"https:\/\/renaix.com\/de\/jobressourcen-2\/business-analyst-lebenslauf-vorlage-und-beispiele\/#breadcrumb"},"inLanguage":"de","potentialAction":[{"@type":"ReadAction","target":["https:\/\/renaix.com\/de\/jobressourcen-2\/business-analyst-lebenslauf-vorlage-und-beispiele\/"]}]},{"@type":"BreadcrumbList","@id":"https:\/\/renaix.com\/de\/jobressourcen-2\/business-analyst-lebenslauf-vorlage-und-beispiele\/#breadcrumb","itemListElement":[{"@type":"ListItem","position":1,"name":"Home","item":"https:\/\/www.renaix.com\/de\/"},{"@type":"ListItem","position":2,"name":"Jobressourcen","item":"https:\/\/www.renaix.com\/de\/jobressourcen-2\/"},{"@type":"ListItem","position":3,"name":"Business Analyst Lebenslauf, Vorlage und Beispiele"}]},{"@type":"WebSite","@id":"https:\/\/www.renaix.com\/de\/#website","url":"https:\/\/www.renaix.com\/de\/","name":"Renaix - Recruiting For The Future Of Global Business","description":"Renaix is an international recruitment and executive search consultancy, specialising in placing senior management, finance and audit professionals","publisher":{"@id":"https:\/\/www.renaix.com\/de\/#organization"},"potentialAction":[{"@type":"SearchAction","target":{"@type":"EntryPoint","urlTemplate":"https:\/\/www.renaix.com\/de\/?s={search_term_string}"},"query-input":{"@type":"PropertyValueSpecification","valueRequired":true,"valueName":"search_term_string"}}],"inLanguage":"de"},{"@type":"Organization","@id":"https:\/\/www.renaix.com\/de\/#organization","name":"Renaix Recruitment","url":"https:\/\/www.renaix.com\/de\/","logo":{"@type":"ImageObject","inLanguage":"de","@id":"https:\/\/www.renaix.com\/de\/#\/schema\/logo\/image\/","url":"https:\/\/renaix.com\/wp-content\/uploads\/2017\/06\/renaix-logo-2.png","contentUrl":"https:\/\/renaix.com\/wp-content\/uploads\/2017\/06\/renaix-logo-2.png","width":200,"height":32,"caption":"Renaix Recruitment"},"image":{"@id":"https:\/\/www.renaix.com\/de\/#\/schema\/logo\/image\/"},"sameAs":["https:\/\/www.facebook.com\/Renaix","https:\/\/x.com\/renaixRec","https:\/\/www.linkedin.com\/company\/renaix\/"]}]}},"_links":{"self":[{"href":"https:\/\/renaix.com\/de\/wp-json\/wp\/v2\/pages\/15558","targetHints":{"allow":["GET"]}}],"collection":[{"href":"https:\/\/renaix.com\/de\/wp-json\/wp\/v2\/pages"}],"about":[{"href":"https:\/\/renaix.com\/de\/wp-json\/wp\/v2\/types\/page"}],"author":[{"embeddable":true,"href":"https:\/\/renaix.com\/de\/wp-json\/wp\/v2\/users\/4"}],"replies":[{"embeddable":true,"href":"https:\/\/renaix.com\/de\/wp-json\/wp\/v2\/comments?post=15558"}],"version-history":[{"count":4,"href":"https:\/\/renaix.com\/de\/wp-json\/wp\/v2\/pages\/15558\/revisions"}],"predecessor-version":[{"id":16267,"href":"https:\/\/renaix.com\/de\/wp-json\/wp\/v2\/pages\/15558\/revisions\/16267"}],"up":[{"embeddable":true,"href":"https:\/\/renaix.com\/de\/wp-json\/wp\/v2\/pages\/14967"}],"wp:attachment":[{"href":"https:\/\/renaix.com\/de\/wp-json\/wp\/v2\/media?parent=15558"}],"curies":[{"name":"wp","href":"https:\/\/api.w.org\/{rel}","templated":true}]}}