{"id":22565,"date":"2021-11-12T19:26:17","date_gmt":"2021-11-12T19:26:17","guid":{"rendered":"https:\/\/renaix.com\/jobressourcen-2\/internal-controls-manager-analyst-gehalt-und-bezahlung\/"},"modified":"2025-06-23T15:47:22","modified_gmt":"2025-06-23T15:47:22","slug":"internal-controls-pay","status":"publish","type":"page","link":"https:\/\/renaix.com\/de\/jobressourcen-2\/internal-controls-pay\/","title":{"rendered":"Internal Controls Manager &amp; Analyst Gehalt und Bezahlung"},"content":{"rendered":"","protected":false},"excerpt":{"rendered":"","protected":false},"author":4,"featured_media":0,"parent":14967,"menu_order":0,"comment_status":"closed","ping_status":"closed","template":"","meta":{"_acf_changed":false,"footnotes":""},"class_list":["post-22565","page","type-page","status-publish","hentry"],"acf":[],"yoast_head":"<!-- This site is optimized with the Yoast SEO Premium plugin v27.6 (Yoast SEO v27.6) - https:\/\/yoast.com\/product\/yoast-seo-premium-wordpress\/ -->\n<title>Gehalt und Bezahlung f\u00fcr Internal Controls Manager<\/title>\n<meta name=\"description\" content=\"Die Gehaltsspannen f\u00fcr interne Kontrollen sind in den meisten gro\u00dfen Finanzregionen der EU durchweg wettbewerbsf\u00e4hig. \u00c4hnlich wie bei einem Treasurer sind Abweichungen zu erwarten, wenn die Unternehmensgr\u00f6\u00dfe eines bestimmten Arbeitgebers ber\u00fccksichtigt wird.\" \/>\n<meta name=\"robots\" content=\"index, follow, max-snippet:-1, max-image-preview:large, max-video-preview:-1\" \/>\n<link rel=\"canonical\" href=\"https:\/\/renaix.com\/de\/jobressourcen-2\/internal-controls-pay\/\" \/>\n<meta property=\"og:locale\" content=\"de_DE\" \/>\n<meta property=\"og:type\" content=\"article\" \/>\n<meta property=\"og:title\" content=\"Internal Controls Manager &amp; Analyst Gehalt und Bezahlung\" \/>\n<meta property=\"og:description\" content=\"Die Gehaltsspannen f\u00fcr interne Kontrollen sind in den meisten gro\u00dfen Finanzregionen der EU durchweg wettbewerbsf\u00e4hig. \u00c4hnlich wie bei einem Treasurer sind Abweichungen zu erwarten, wenn die Unternehmensgr\u00f6\u00dfe eines bestimmten Arbeitgebers ber\u00fccksichtigt wird.\" \/>\n<meta property=\"og:url\" content=\"https:\/\/renaix.com\/de\/jobressourcen-2\/internal-controls-pay\/\" \/>\n<meta property=\"og:site_name\" content=\"Renaix - Recruiting For The Future Of Global Business\" \/>\n<meta property=\"article:publisher\" content=\"https:\/\/www.facebook.com\/Renaix\" \/>\n<meta property=\"article:modified_time\" content=\"2025-06-23T15:47:22+00:00\" \/>\n<meta name=\"twitter:card\" content=\"summary_large_image\" \/>\n<meta name=\"twitter:site\" content=\"@renaixRec\" \/>\n<script type=\"application\/ld+json\" class=\"yoast-schema-graph\">{\"@context\":\"https:\\\/\\\/schema.org\",\"@graph\":[{\"@type\":\"WebPage\",\"@id\":\"https:\\\/\\\/renaix.com\\\/de\\\/jobressourcen-2\\\/internal-controls-pay\\\/\",\"url\":\"https:\\\/\\\/renaix.com\\\/de\\\/jobressourcen-2\\\/internal-controls-pay\\\/\",\"name\":\"Gehalt und Bezahlung f\u00fcr Internal Controls Manager\",\"isPartOf\":{\"@id\":\"https:\\\/\\\/www.renaix.com\\\/de\\\/#website\"},\"datePublished\":\"2021-11-12T19:26:17+00:00\",\"dateModified\":\"2025-06-23T15:47:22+00:00\",\"description\":\"Die Gehaltsspannen f\u00fcr interne Kontrollen sind in den meisten gro\u00dfen Finanzregionen der EU durchweg wettbewerbsf\u00e4hig. \u00c4hnlich wie bei einem Treasurer sind Abweichungen zu erwarten, wenn die Unternehmensgr\u00f6\u00dfe eines bestimmten Arbeitgebers ber\u00fccksichtigt wird.\",\"breadcrumb\":{\"@id\":\"https:\\\/\\\/renaix.com\\\/de\\\/jobressourcen-2\\\/internal-controls-pay\\\/#breadcrumb\"},\"inLanguage\":\"de\",\"potentialAction\":[{\"@type\":\"ReadAction\",\"target\":[\"https:\\\/\\\/renaix.com\\\/de\\\/jobressourcen-2\\\/internal-controls-pay\\\/\"]}]},{\"@type\":\"BreadcrumbList\",\"@id\":\"https:\\\/\\\/renaix.com\\\/de\\\/jobressourcen-2\\\/internal-controls-pay\\\/#breadcrumb\",\"itemListElement\":[{\"@type\":\"ListItem\",\"position\":1,\"name\":\"Home\",\"item\":\"https:\\\/\\\/www.renaix.com\\\/de\\\/\"},{\"@type\":\"ListItem\",\"position\":2,\"name\":\"Jobressourcen\",\"item\":\"https:\\\/\\\/www.renaix.com\\\/de\\\/jobressourcen-2\\\/\"},{\"@type\":\"ListItem\",\"position\":3,\"name\":\"Internal Controls Manager &amp; Analyst Gehalt und Bezahlung\"}]},{\"@type\":\"WebSite\",\"@id\":\"https:\\\/\\\/www.renaix.com\\\/de\\\/#website\",\"url\":\"https:\\\/\\\/www.renaix.com\\\/de\\\/\",\"name\":\"Renaix - Recruiting For The Future Of Global Business\",\"description\":\"Renaix is an international recruitment and executive search consultancy, specialising in placing senior management, finance and audit professionals\",\"publisher\":{\"@id\":\"https:\\\/\\\/www.renaix.com\\\/de\\\/#organization\"},\"potentialAction\":[{\"@type\":\"SearchAction\",\"target\":{\"@type\":\"EntryPoint\",\"urlTemplate\":\"https:\\\/\\\/www.renaix.com\\\/de\\\/?s={search_term_string}\"},\"query-input\":{\"@type\":\"PropertyValueSpecification\",\"valueRequired\":true,\"valueName\":\"search_term_string\"}}],\"inLanguage\":\"de\"},{\"@type\":\"Organization\",\"@id\":\"https:\\\/\\\/www.renaix.com\\\/de\\\/#organization\",\"name\":\"Renaix Recruitment\",\"url\":\"https:\\\/\\\/www.renaix.com\\\/de\\\/\",\"logo\":{\"@type\":\"ImageObject\",\"inLanguage\":\"de\",\"@id\":\"https:\\\/\\\/www.renaix.com\\\/de\\\/#\\\/schema\\\/logo\\\/image\\\/\",\"url\":\"https:\\\/\\\/renaix.com\\\/wp-content\\\/uploads\\\/2017\\\/06\\\/renaix-logo-2.png\",\"contentUrl\":\"https:\\\/\\\/renaix.com\\\/wp-content\\\/uploads\\\/2017\\\/06\\\/renaix-logo-2.png\",\"width\":200,\"height\":32,\"caption\":\"Renaix Recruitment\"},\"image\":{\"@id\":\"https:\\\/\\\/www.renaix.com\\\/de\\\/#\\\/schema\\\/logo\\\/image\\\/\"},\"sameAs\":[\"https:\\\/\\\/www.facebook.com\\\/Renaix\",\"https:\\\/\\\/x.com\\\/renaixRec\",\"https:\\\/\\\/www.linkedin.com\\\/company\\\/renaix\\\/\"]}]}<\/script>\n<!-- \/ Yoast SEO Premium plugin. -->","yoast_head_json":{"title":"Gehalt und Bezahlung f\u00fcr Internal Controls Manager","description":"Die Gehaltsspannen f\u00fcr interne Kontrollen sind in den meisten gro\u00dfen Finanzregionen der EU durchweg wettbewerbsf\u00e4hig. \u00c4hnlich wie bei einem Treasurer sind Abweichungen zu erwarten, wenn die Unternehmensgr\u00f6\u00dfe eines bestimmten Arbeitgebers ber\u00fccksichtigt wird.","robots":{"index":"index","follow":"follow","max-snippet":"max-snippet:-1","max-image-preview":"max-image-preview:large","max-video-preview":"max-video-preview:-1"},"canonical":"https:\/\/renaix.com\/de\/jobressourcen-2\/internal-controls-pay\/","og_locale":"de_DE","og_type":"article","og_title":"Internal Controls Manager &amp; Analyst Gehalt und Bezahlung","og_description":"Die Gehaltsspannen f\u00fcr interne Kontrollen sind in den meisten gro\u00dfen Finanzregionen der EU durchweg wettbewerbsf\u00e4hig. \u00c4hnlich wie bei einem Treasurer sind Abweichungen zu erwarten, wenn die Unternehmensgr\u00f6\u00dfe eines bestimmten Arbeitgebers ber\u00fccksichtigt wird.","og_url":"https:\/\/renaix.com\/de\/jobressourcen-2\/internal-controls-pay\/","og_site_name":"Renaix - Recruiting For The Future Of Global Business","article_publisher":"https:\/\/www.facebook.com\/Renaix","article_modified_time":"2025-06-23T15:47:22+00:00","twitter_card":"summary_large_image","twitter_site":"@renaixRec","schema":{"@context":"https:\/\/schema.org","@graph":[{"@type":"WebPage","@id":"https:\/\/renaix.com\/de\/jobressourcen-2\/internal-controls-pay\/","url":"https:\/\/renaix.com\/de\/jobressourcen-2\/internal-controls-pay\/","name":"Gehalt und Bezahlung f\u00fcr Internal Controls Manager","isPartOf":{"@id":"https:\/\/www.renaix.com\/de\/#website"},"datePublished":"2021-11-12T19:26:17+00:00","dateModified":"2025-06-23T15:47:22+00:00","description":"Die Gehaltsspannen f\u00fcr interne Kontrollen sind in den meisten gro\u00dfen Finanzregionen der EU durchweg wettbewerbsf\u00e4hig. \u00c4hnlich wie bei einem Treasurer sind Abweichungen zu erwarten, wenn die Unternehmensgr\u00f6\u00dfe eines bestimmten Arbeitgebers ber\u00fccksichtigt wird.","breadcrumb":{"@id":"https:\/\/renaix.com\/de\/jobressourcen-2\/internal-controls-pay\/#breadcrumb"},"inLanguage":"de","potentialAction":[{"@type":"ReadAction","target":["https:\/\/renaix.com\/de\/jobressourcen-2\/internal-controls-pay\/"]}]},{"@type":"BreadcrumbList","@id":"https:\/\/renaix.com\/de\/jobressourcen-2\/internal-controls-pay\/#breadcrumb","itemListElement":[{"@type":"ListItem","position":1,"name":"Home","item":"https:\/\/www.renaix.com\/de\/"},{"@type":"ListItem","position":2,"name":"Jobressourcen","item":"https:\/\/www.renaix.com\/de\/jobressourcen-2\/"},{"@type":"ListItem","position":3,"name":"Internal Controls Manager &amp; Analyst Gehalt und Bezahlung"}]},{"@type":"WebSite","@id":"https:\/\/www.renaix.com\/de\/#website","url":"https:\/\/www.renaix.com\/de\/","name":"Renaix - Recruiting For The Future Of Global Business","description":"Renaix is an international recruitment and executive search consultancy, specialising in placing senior management, finance and audit professionals","publisher":{"@id":"https:\/\/www.renaix.com\/de\/#organization"},"potentialAction":[{"@type":"SearchAction","target":{"@type":"EntryPoint","urlTemplate":"https:\/\/www.renaix.com\/de\/?s={search_term_string}"},"query-input":{"@type":"PropertyValueSpecification","valueRequired":true,"valueName":"search_term_string"}}],"inLanguage":"de"},{"@type":"Organization","@id":"https:\/\/www.renaix.com\/de\/#organization","name":"Renaix Recruitment","url":"https:\/\/www.renaix.com\/de\/","logo":{"@type":"ImageObject","inLanguage":"de","@id":"https:\/\/www.renaix.com\/de\/#\/schema\/logo\/image\/","url":"https:\/\/renaix.com\/wp-content\/uploads\/2017\/06\/renaix-logo-2.png","contentUrl":"https:\/\/renaix.com\/wp-content\/uploads\/2017\/06\/renaix-logo-2.png","width":200,"height":32,"caption":"Renaix Recruitment"},"image":{"@id":"https:\/\/www.renaix.com\/de\/#\/schema\/logo\/image\/"},"sameAs":["https:\/\/www.facebook.com\/Renaix","https:\/\/x.com\/renaixRec","https:\/\/www.linkedin.com\/company\/renaix\/"]}]}},"_links":{"self":[{"href":"https:\/\/renaix.com\/de\/wp-json\/wp\/v2\/pages\/22565","targetHints":{"allow":["GET"]}}],"collection":[{"href":"https:\/\/renaix.com\/de\/wp-json\/wp\/v2\/pages"}],"about":[{"href":"https:\/\/renaix.com\/de\/wp-json\/wp\/v2\/types\/page"}],"author":[{"embeddable":true,"href":"https:\/\/renaix.com\/de\/wp-json\/wp\/v2\/users\/4"}],"replies":[{"embeddable":true,"href":"https:\/\/renaix.com\/de\/wp-json\/wp\/v2\/comments?post=22565"}],"version-history":[{"count":2,"href":"https:\/\/renaix.com\/de\/wp-json\/wp\/v2\/pages\/22565\/revisions"}],"predecessor-version":[{"id":23771,"href":"https:\/\/renaix.com\/de\/wp-json\/wp\/v2\/pages\/22565\/revisions\/23771"}],"up":[{"embeddable":true,"href":"https:\/\/renaix.com\/de\/wp-json\/wp\/v2\/pages\/14967"}],"wp:attachment":[{"href":"https:\/\/renaix.com\/de\/wp-json\/wp\/v2\/media?parent=22565"}],"curies":[{"name":"wp","href":"https:\/\/api.w.org\/{rel}","templated":true}]}}