{"id":22617,"date":"2022-11-24T21:46:47","date_gmt":"2022-11-24T21:46:47","guid":{"rendered":"https:\/\/renaix.com\/jobressourcen-2\/spezialist-fuer-verguetung-und-leistungen\/"},"modified":"2023-03-08T19:34:08","modified_gmt":"2023-03-08T19:34:08","slug":"spezialist-fuer-verguetung-und-leistungen","status":"publish","type":"page","link":"https:\/\/renaix.com\/de\/jobressourcen-2\/spezialist-fuer-verguetung-und-leistungen\/","title":{"rendered":"Spezialist f\u00fcr Verg\u00fctung und Leistungen"},"content":{"rendered":"<section class=\"wpb-content-wrapper\"><p>[vc_section el_class=&#8220;all-in-cyber cyber-container&#8220;][vc_row el_class=&#8220;cyber-container&#8220;][vc_column el_class=&#8220;cyber-top-sec&#8220;][vc_wp_text]<\/p>\n<h2>Unsere Ressourcen f\u00fcr Verg\u00fctungs- und Sozialleistungsspezialisten finden Sie hier.<\/h2>\n<p>C&amp;B-Fachleute m\u00fcssen die Branchenstandards in Bezug auf Leistungen, Zahlungspl\u00e4ne und allgemeine Verg\u00fctungskultur vollst\u00e4ndig kennen. Sie m\u00fcssen Diskussionen dar\u00fcber f\u00fchren, was eine angemessene Bezahlung ist und wie sich dies auf die Leistung im Kontext von Unternehmensgr\u00f6\u00dfe und -position bezieht.<\/p>\n<p>C&amp;B-Experten verwalten alles von der Verg\u00fctungsforschung der Branche bis hin zu Gehalts\u00fcberpr\u00fcfungen und Leistungsmanagement und sind der zentrale Kontrollpunkt f\u00fcr Gehalts- und Leistungsvereinbarungen, die oft Hand in Hand mit Abteilungsleitern und F\u00fchrungskr\u00e4ften arbeiten, um sicherzustellen, dass die richtigen Mitarbeiter auf die richtige Weise f\u00fcr ihre Arbeit belohnt werden. Sie sind von zentraler Bedeutung f\u00fcr den effizienten Betrieb von HR-Abl\u00e4ufen und sind wichtige Bestandteile der Rekrutierungs- und Bindungsstrategie eines Unternehmens, die h\u00e4ufig die Rekrutierungsbem\u00fchungen durch ihr Verg\u00fctungsmanagement beraten und leiten.[\/vc_wp_text][\/vc_column][\/vc_row][vc_row el_class=&#8220;cyber-row&#8220;][vc_column width=&#8220;1\/3&#8243; el_class=&#8220;cyber-col&#8220;][vc_column_text el_class=&#8220;cyber-1-bg cyber-inner-box&#8220;]<\/p>\n<h3 class=\"inner-text-heading\" style=\"text-align: center;\"><a href=\"https:\/\/renaix.com\/job-resources-how-to-become-a-compensation-and-benefits-specialist\/\">So werden Sie ein Spezialist f\u00fcr Verg\u00fctung und Leistungen<\/a><\/h3>\n<p>[\/vc_column_text][\/vc_column][vc_column width=&#8220;1\/3&#8243; el_class=&#8220;cyber-col&#8220;][vc_column_text el_class=&#8220;cyber-inner-box cyber-2-bg&#8220;]<\/p>\n<h3 class=\"inner-text-heading\" style=\"text-align: center;\"><a href=\"https:\/\/renaix.com\/job-resources-compensation-and-benefits-specialist-cv-template-examples\/\">Compensation and Benefits Specialist CV, Vorlage &amp; Beispiele<\/a><\/h3>\n<p>[\/vc_column_text][\/vc_column][vc_column width=&#8220;1\/3&#8243; el_class=&#8220;cyber-col&#8220;][vc_column_text el_class=&#8220;cyber-inner-box cyber-3-bg&#8220;]<\/p>\n<h3 class=\"inner-text-heading\" style=\"text-align: center;\"><a href=\"https:\/\/renaix.com\/job-resources-compensation-and-benefits-specialist-qualifications-and-skills\/\">Verg\u00fctung und Zusatzleistungen Fachqualifikationen &amp; F\u00e4higkeiten<\/a><\/h3>\n<p>[\/vc_column_text][\/vc_column][\/vc_row][vc_row el_class=&#8220;cyber-row&#8220;][vc_column width=&#8220;1\/3&#8243; el_class=&#8220;cyber-col&#8220;][vc_column_text el_class=&#8220;cyber-inner-box cyber-4-bg&#8220;]<\/p>\n<h3 class=\"inner-text-heading\" style=\"text-align: center;\"><a href=\"https:\/\/renaix.com\/job-resources-compensation-and-benefits-specialist-salary-and-pay\/\">Verg\u00fctung und Sozialleistungen Spezialist Gehalt &amp; Entgelt<\/a><\/h3>\n<p>[\/vc_column_text][\/vc_column][vc_column width=&#8220;1\/3&#8243; el_class=&#8220;cyber-col&#8220;][vc_column_text el_class=&#8220;cyber-inner-box cyber-5-bg&#8220;]<\/p>\n<h3 class=\"inner-text-heading\" style=\"text-align: center;\"><a href=\"https:\/\/renaix.com\/job-resources-compensation-and-benefits-specialist-job-description-and-profile\/\">Verg\u00fctungs- und Sozialleistungsspezialist Stellenbeschreibung &amp; Profil<\/a><\/h3>\n<p>[\/vc_column_text][\/vc_column][vc_column width=&#8220;1\/3&#8243;][vc_column_text el_class=&#8220;cyber-inner-box cyber-2-bg&#8220;]<\/p>\n<h3 class=\"inner-text-heading\" style=\"text-align: center;\"><a href=\"https:\/\/renaix.com\/de\/jobressourcen-2\/\">Alle Jobressourcen<\/a><\/h3>\n<p>[\/vc_column_text][\/vc_column][\/vc_row][vc_row][vc_column][vc_column_text]<\/p>\n<section class=\"all-in-cyber\">\n<div class=\"cyber-container\">\n<h4 class=\"text-left cyber-job-roles\">Andere Jobressourcen<\/h4>\n<\/div>\n<\/section>\n<p>[\/vc_column_text][\/vc_column][\/vc_row][\/vc_section][vc_section el_class=&#8220;other-job-roles&#8220; css=&#8220;.vc_custom_1581273055108{padding-top: 50px !important;}&#8220;][vc_row el_class=&#8220;cyber-container&#8220;][vc_column][vc_row_inner el_class=&#8220;cyber-row&#8220;][vc_column_inner el_class=&#8220;cyber-col&#8220; width=&#8220;1\/3&#8243;][vc_column_text el_class=&#8220;cyber-inner-box cyber-bg-1&#8243;]<\/p>\n<h3 class=\"inner-text-heading\" style=\"text-align: center;\"><a href=\"https:\/\/renaix.com\/de\/jobressourcen-2\/ressourcen-fuer-den-finanzcontroller-job-rollenressourcen\/\">Finanz Controller<\/a><\/h3>\n<p>[\/vc_column_text][\/vc_column_inner][vc_column_inner el_class=&#8220;cyber-col&#8220; width=&#8220;1\/3&#8243;][vc_column_text el_class=&#8220;cyber-inner-box cyber-bg-2&#8243;]<\/p>\n<h3 class=\"inner-text-heading\" style=\"text-align: center;\"><a href=\"https:\/\/renaix.com\/de\/jobressourcen-2\/buchhaltungsauftragsrollenressourcen\/\">Buchhalter<\/a><\/h3>\n<p>[\/vc_column_text][\/vc_column_inner][vc_column_inner el_class=&#8220;cyber-col&#8220; width=&#8220;1\/3&#8243;][vc_column_text el_class=&#8220;cyber-inner-box cyber-bg-3&#8243;]<\/p>\n<h3 class=\"inner-text-heading\" style=\"text-align: center;\"><a href=\"https:\/\/renaix.com\/de\/jobressourcen-2\/betriebsmanager-auftragsrollenressourcen\/\">Betriebmanager<\/a><\/h3>\n<p>[\/vc_column_text][\/vc_column_inner][\/vc_row_inner][vc_row_inner el_class=&#8220;cyber-row&#8220;][vc_column_inner el_class=&#8220;cyber-col&#8220; width=&#8220;1\/3&#8243;][vc_column_text el_class=&#8220;cyber-inner-box cyber-bg-4&#8243;]<\/p>\n<h3 class=\"inner-text-heading\" style=\"text-align: center;\"><a href=\"https:\/\/renaix.com\/de\/jobressourcen-2\/beschaffungsmanager-job-rollenressourcen\/\">Beschaffung<\/a><\/h3>\n<p>[\/vc_column_text][\/vc_column_inner][vc_column_inner el_class=&#8220;cyber-col&#8220; width=&#8220;1\/3&#8243;][vc_column_text el_class=&#8220;cyber-inner-box cyber-bg-5&#8243;]<\/p>\n<h3 class=\"inner-text-heading\" style=\"text-align: center;\"><a href=\"https:\/\/renaix.com\/de\/jobressourcen-2\/asset-manager-job-rollenressourcen\/\">Verm\u00f6gensverwalter<\/a><\/h3>\n<p>[\/vc_column_text][\/vc_column_inner][vc_column_inner el_class=&#8220;cyber-col&#8220; width=&#8220;1\/3&#8243;][vc_column_text el_class=&#8220;cyber-inner-box cyber-bg-6&#8243;]<\/p>\n<h3 class=\"inner-text-heading\" style=\"text-align: center;\"><a href=\"https:\/\/renaix.com\/de\/jobressourcen-2\/managing-director-job-role-resources\/\">Gesch\u00e4ftsf\u00fchrer<\/a><\/h3>\n<p>[\/vc_column_text][\/vc_column_inner][\/vc_row_inner][vc_row_inner el_class=&#8220;cyber-row&#8220;][vc_column_inner el_class=&#8220;cyber-col&#8220; width=&#8220;1\/3&#8243;][vc_column_text el_class=&#8220;cyber-inner-box cyber-bg-1&#8243;]<\/p>\n<h3 class=\"inner-text-heading\" style=\"text-align: center;\"><a href=\"https:\/\/renaix.com\/de\/jobressourcen-2\/cyber-security-analyst-job-role-ressourcen\/\">Cybersicherheitsanalyst<\/a><\/h3>\n<p>[\/vc_column_text][\/vc_column_inner][vc_column_inner el_class=&#8220;cyber-col&#8220; width=&#8220;1\/3&#8243;][vc_column_text el_class=&#8220;cyber-inner-box cyber-bg-2&#8243;]<\/p>\n<h3 class=\"inner-text-heading\" style=\"text-align: center;\"><a class=\"header__sub-menu__a\" href=\"https:\/\/renaix.com\/de\/jobressourcen-2\/jobressourcen-fuer-finanzmanager\/\">Finanzmanager<\/a><\/h3>\n<p>[\/vc_column_text][\/vc_column_inner][vc_column_inner el_class=&#8220;cyber-col&#8220; width=&#8220;1\/3&#8243;][vc_column_text el_class=&#8220;cyber-inner-box cyber-bg-3&#8243;]<\/p>\n<h3 class=\"inner-text-heading\" style=\"text-align: center;\"><a class=\"header__sub-menu__a\" href=\"https:\/\/renaix.com\/de\/jobressourcen-2\/business-analyst-jobressourcen\/\">Business Analyst<\/a><\/h3>\n<p>[\/vc_column_text][\/vc_column_inner][\/vc_row_inner][\/vc_column][\/vc_row][\/vc_section][vc_section el_class=&#8220;cyber-conatct-sec&#8220;][vc_row][vc_column el_class=&#8220;cyber-contact-phone&#8220;][vc_column_text]<\/p>\n<h2 class=\"cyber-contact-phone\" style=\"text-align: center;\">SENDEN SIE UNS IHREN LEBENSLAUF oder rufen Sie die +44 (0)20 7553 6320 an<\/h2>\n<p>[\/vc_column_text][\/vc_column][\/vc_row][\/vc_section][vc_section el_class=&#8220;other-job-roles&#8220; css=&#8220;.vc_custom_1581273055108{padding-top: 50px !important;}&#8220;][\/vc_section]<\/p>\n<\/section>","protected":false},"excerpt":{"rendered":"<p>[vc_section el_class=&#8220;all-in-cyber cyber-container&#8220;][vc_row el_class=&#8220;cyber-container&#8220;][vc_column el_class=&#8220;cyber-top-sec&#8220;][vc_wp_text] Unsere Ressourcen f\u00fcr Verg\u00fctungs- und Sozialleistungsspezialisten finden Sie hier. C&amp;B-Fachleute m\u00fcssen die Branchenstandards in Bezug auf Leistungen, Zahlungspl\u00e4ne und allgemeine Verg\u00fctungskultur vollst\u00e4ndig kennen. Sie m\u00fcssen Diskussionen dar\u00fcber f\u00fchren, was eine angemessene Bezahlung ist und wie sich dies auf die Leistung im Kontext von Unternehmensgr\u00f6\u00dfe und -position bezieht. C&amp;B-Experten verwalten alles [&hellip;]<\/p>\n","protected":false},"author":32,"featured_media":14160,"parent":14967,"menu_order":0,"comment_status":"closed","ping_status":"closed","template":"tpl\/hub-finance-new.php","meta":{"_acf_changed":false,"footnotes":""},"class_list":["post-22617","page","type-page","status-publish","has-post-thumbnail","hentry"],"acf":[],"yoast_head":"<!-- This site is optimized with the Yoast SEO Premium plugin v27.6 (Yoast SEO v27.6) - https:\/\/yoast.com\/product\/yoast-seo-premium-wordpress\/ -->\n<title>Spezialist f\u00fcr Verg\u00fctung und Leistungen<\/title>\n<meta name=\"description\" content=\"Unsere Ressourcen f\u00fcr Verg\u00fctungs- und Sozialleistungsspezialisten finden Sie hier. C&amp;B-Profis m\u00fcssen sich der Industriestandards voll bewusst sein\" \/>\n<meta name=\"robots\" content=\"index, follow, max-snippet:-1, max-image-preview:large, max-video-preview:-1\" \/>\n<link rel=\"canonical\" href=\"https:\/\/renaix.com\/de\/jobressourcen-2\/spezialist-fuer-verguetung-und-leistungen\/\" \/>\n<meta property=\"og:locale\" content=\"de_DE\" \/>\n<meta property=\"og:type\" content=\"article\" \/>\n<meta property=\"og:title\" content=\"Spezialist f\u00fcr Verg\u00fctung und Leistungen\" \/>\n<meta property=\"og:description\" content=\"Unsere Ressourcen f\u00fcr Verg\u00fctungs- und Sozialleistungsspezialisten finden Sie hier. C&amp;B-Profis m\u00fcssen sich der Industriestandards voll bewusst sein\" \/>\n<meta property=\"og:url\" content=\"https:\/\/renaix.com\/de\/jobressourcen-2\/spezialist-fuer-verguetung-und-leistungen\/\" \/>\n<meta property=\"og:site_name\" content=\"Renaix - Recruiting For The Future Of Global Business\" \/>\n<meta property=\"article:publisher\" content=\"https:\/\/www.facebook.com\/Renaix\" \/>\n<meta property=\"article:modified_time\" content=\"2023-03-08T19:34:08+00:00\" \/>\n<meta property=\"og:image\" content=\"https:\/\/www.renaix.com\/wp-content\/uploads\/2019\/04\/Untitled-52.jpg\" \/>\n\t<meta property=\"og:image:width\" content=\"1200\" \/>\n\t<meta property=\"og:image:height\" content=\"225\" \/>\n\t<meta property=\"og:image:type\" content=\"image\/jpeg\" \/>\n<meta name=\"twitter:card\" content=\"summary_large_image\" \/>\n<meta name=\"twitter:site\" content=\"@renaixRec\" \/>\n<meta name=\"twitter:label1\" content=\"Gesch\u00e4tzte Lesezeit\" \/>\n\t<meta name=\"twitter:data1\" content=\"3\u00a0Minuten\" \/>\n<script type=\"application\/ld+json\" class=\"yoast-schema-graph\">{\"@context\":\"https:\\\/\\\/schema.org\",\"@graph\":[{\"@type\":\"WebPage\",\"@id\":\"https:\\\/\\\/renaix.com\\\/de\\\/jobressourcen-2\\\/spezialist-fuer-verguetung-und-leistungen\\\/\",\"url\":\"https:\\\/\\\/renaix.com\\\/de\\\/jobressourcen-2\\\/spezialist-fuer-verguetung-und-leistungen\\\/\",\"name\":\"Spezialist f\u00fcr Verg\u00fctung und Leistungen\",\"isPartOf\":{\"@id\":\"https:\\\/\\\/www.renaix.com\\\/de\\\/#website\"},\"primaryImageOfPage\":{\"@id\":\"https:\\\/\\\/renaix.com\\\/de\\\/jobressourcen-2\\\/spezialist-fuer-verguetung-und-leistungen\\\/#primaryimage\"},\"image\":{\"@id\":\"https:\\\/\\\/renaix.com\\\/de\\\/jobressourcen-2\\\/spezialist-fuer-verguetung-und-leistungen\\\/#primaryimage\"},\"thumbnailUrl\":\"https:\\\/\\\/renaix.com\\\/wp-content\\\/uploads\\\/2019\\\/04\\\/Untitled-52.jpg\",\"datePublished\":\"2022-11-24T21:46:47+00:00\",\"dateModified\":\"2023-03-08T19:34:08+00:00\",\"description\":\"Unsere Ressourcen f\u00fcr Verg\u00fctungs- und Sozialleistungsspezialisten finden Sie hier. C&B-Profis m\u00fcssen sich der Industriestandards voll bewusst sein\",\"breadcrumb\":{\"@id\":\"https:\\\/\\\/renaix.com\\\/de\\\/jobressourcen-2\\\/spezialist-fuer-verguetung-und-leistungen\\\/#breadcrumb\"},\"inLanguage\":\"de\",\"potentialAction\":[{\"@type\":\"ReadAction\",\"target\":[\"https:\\\/\\\/renaix.com\\\/de\\\/jobressourcen-2\\\/spezialist-fuer-verguetung-und-leistungen\\\/\"]}]},{\"@type\":\"ImageObject\",\"inLanguage\":\"de\",\"@id\":\"https:\\\/\\\/renaix.com\\\/de\\\/jobressourcen-2\\\/spezialist-fuer-verguetung-und-leistungen\\\/#primaryimage\",\"url\":\"https:\\\/\\\/renaix.com\\\/wp-content\\\/uploads\\\/2019\\\/04\\\/Untitled-52.jpg\",\"contentUrl\":\"https:\\\/\\\/renaix.com\\\/wp-content\\\/uploads\\\/2019\\\/04\\\/Untitled-52.jpg\",\"width\":1200,\"height\":225},{\"@type\":\"BreadcrumbList\",\"@id\":\"https:\\\/\\\/renaix.com\\\/de\\\/jobressourcen-2\\\/spezialist-fuer-verguetung-und-leistungen\\\/#breadcrumb\",\"itemListElement\":[{\"@type\":\"ListItem\",\"position\":1,\"name\":\"Home\",\"item\":\"https:\\\/\\\/www.renaix.com\\\/de\\\/\"},{\"@type\":\"ListItem\",\"position\":2,\"name\":\"Jobressourcen\",\"item\":\"https:\\\/\\\/www.renaix.com\\\/de\\\/jobressourcen-2\\\/\"},{\"@type\":\"ListItem\",\"position\":3,\"name\":\"Spezialist f\u00fcr Verg\u00fctung und Leistungen\"}]},{\"@type\":\"WebSite\",\"@id\":\"https:\\\/\\\/www.renaix.com\\\/de\\\/#website\",\"url\":\"https:\\\/\\\/www.renaix.com\\\/de\\\/\",\"name\":\"Renaix - Recruiting For The Future Of Global Business\",\"description\":\"Renaix is an international recruitment and executive search consultancy, specialising in placing senior management, finance and audit professionals\",\"publisher\":{\"@id\":\"https:\\\/\\\/www.renaix.com\\\/de\\\/#organization\"},\"potentialAction\":[{\"@type\":\"SearchAction\",\"target\":{\"@type\":\"EntryPoint\",\"urlTemplate\":\"https:\\\/\\\/www.renaix.com\\\/de\\\/?s={search_term_string}\"},\"query-input\":{\"@type\":\"PropertyValueSpecification\",\"valueRequired\":true,\"valueName\":\"search_term_string\"}}],\"inLanguage\":\"de\"},{\"@type\":\"Organization\",\"@id\":\"https:\\\/\\\/www.renaix.com\\\/de\\\/#organization\",\"name\":\"Renaix Recruitment\",\"url\":\"https:\\\/\\\/www.renaix.com\\\/de\\\/\",\"logo\":{\"@type\":\"ImageObject\",\"inLanguage\":\"de\",\"@id\":\"https:\\\/\\\/www.renaix.com\\\/de\\\/#\\\/schema\\\/logo\\\/image\\\/\",\"url\":\"https:\\\/\\\/renaix.com\\\/wp-content\\\/uploads\\\/2017\\\/06\\\/renaix-logo-2.png\",\"contentUrl\":\"https:\\\/\\\/renaix.com\\\/wp-content\\\/uploads\\\/2017\\\/06\\\/renaix-logo-2.png\",\"width\":200,\"height\":32,\"caption\":\"Renaix Recruitment\"},\"image\":{\"@id\":\"https:\\\/\\\/www.renaix.com\\\/de\\\/#\\\/schema\\\/logo\\\/image\\\/\"},\"sameAs\":[\"https:\\\/\\\/www.facebook.com\\\/Renaix\",\"https:\\\/\\\/x.com\\\/renaixRec\",\"https:\\\/\\\/www.linkedin.com\\\/company\\\/renaix\\\/\"]}]}<\/script>\n<!-- \/ Yoast SEO Premium plugin. -->","yoast_head_json":{"title":"Spezialist f\u00fcr Verg\u00fctung und Leistungen","description":"Unsere Ressourcen f\u00fcr Verg\u00fctungs- und Sozialleistungsspezialisten finden Sie hier. C&B-Profis m\u00fcssen sich der Industriestandards voll bewusst sein","robots":{"index":"index","follow":"follow","max-snippet":"max-snippet:-1","max-image-preview":"max-image-preview:large","max-video-preview":"max-video-preview:-1"},"canonical":"https:\/\/renaix.com\/de\/jobressourcen-2\/spezialist-fuer-verguetung-und-leistungen\/","og_locale":"de_DE","og_type":"article","og_title":"Spezialist f\u00fcr Verg\u00fctung und Leistungen","og_description":"Unsere Ressourcen f\u00fcr Verg\u00fctungs- und Sozialleistungsspezialisten finden Sie hier. C&B-Profis m\u00fcssen sich der Industriestandards voll bewusst sein","og_url":"https:\/\/renaix.com\/de\/jobressourcen-2\/spezialist-fuer-verguetung-und-leistungen\/","og_site_name":"Renaix - Recruiting For The Future Of Global Business","article_publisher":"https:\/\/www.facebook.com\/Renaix","article_modified_time":"2023-03-08T19:34:08+00:00","og_image":[{"width":1200,"height":225,"url":"https:\/\/www.renaix.com\/wp-content\/uploads\/2019\/04\/Untitled-52.jpg","type":"image\/jpeg"}],"twitter_card":"summary_large_image","twitter_site":"@renaixRec","twitter_misc":{"Gesch\u00e4tzte Lesezeit":"3\u00a0Minuten"},"schema":{"@context":"https:\/\/schema.org","@graph":[{"@type":"WebPage","@id":"https:\/\/renaix.com\/de\/jobressourcen-2\/spezialist-fuer-verguetung-und-leistungen\/","url":"https:\/\/renaix.com\/de\/jobressourcen-2\/spezialist-fuer-verguetung-und-leistungen\/","name":"Spezialist f\u00fcr Verg\u00fctung und Leistungen","isPartOf":{"@id":"https:\/\/www.renaix.com\/de\/#website"},"primaryImageOfPage":{"@id":"https:\/\/renaix.com\/de\/jobressourcen-2\/spezialist-fuer-verguetung-und-leistungen\/#primaryimage"},"image":{"@id":"https:\/\/renaix.com\/de\/jobressourcen-2\/spezialist-fuer-verguetung-und-leistungen\/#primaryimage"},"thumbnailUrl":"https:\/\/renaix.com\/wp-content\/uploads\/2019\/04\/Untitled-52.jpg","datePublished":"2022-11-24T21:46:47+00:00","dateModified":"2023-03-08T19:34:08+00:00","description":"Unsere Ressourcen f\u00fcr Verg\u00fctungs- und Sozialleistungsspezialisten finden Sie hier. C&B-Profis m\u00fcssen sich der Industriestandards voll bewusst sein","breadcrumb":{"@id":"https:\/\/renaix.com\/de\/jobressourcen-2\/spezialist-fuer-verguetung-und-leistungen\/#breadcrumb"},"inLanguage":"de","potentialAction":[{"@type":"ReadAction","target":["https:\/\/renaix.com\/de\/jobressourcen-2\/spezialist-fuer-verguetung-und-leistungen\/"]}]},{"@type":"ImageObject","inLanguage":"de","@id":"https:\/\/renaix.com\/de\/jobressourcen-2\/spezialist-fuer-verguetung-und-leistungen\/#primaryimage","url":"https:\/\/renaix.com\/wp-content\/uploads\/2019\/04\/Untitled-52.jpg","contentUrl":"https:\/\/renaix.com\/wp-content\/uploads\/2019\/04\/Untitled-52.jpg","width":1200,"height":225},{"@type":"BreadcrumbList","@id":"https:\/\/renaix.com\/de\/jobressourcen-2\/spezialist-fuer-verguetung-und-leistungen\/#breadcrumb","itemListElement":[{"@type":"ListItem","position":1,"name":"Home","item":"https:\/\/www.renaix.com\/de\/"},{"@type":"ListItem","position":2,"name":"Jobressourcen","item":"https:\/\/www.renaix.com\/de\/jobressourcen-2\/"},{"@type":"ListItem","position":3,"name":"Spezialist f\u00fcr Verg\u00fctung und Leistungen"}]},{"@type":"WebSite","@id":"https:\/\/www.renaix.com\/de\/#website","url":"https:\/\/www.renaix.com\/de\/","name":"Renaix - Recruiting For The Future Of Global Business","description":"Renaix is an international recruitment and executive search consultancy, specialising in placing senior management, finance and audit professionals","publisher":{"@id":"https:\/\/www.renaix.com\/de\/#organization"},"potentialAction":[{"@type":"SearchAction","target":{"@type":"EntryPoint","urlTemplate":"https:\/\/www.renaix.com\/de\/?s={search_term_string}"},"query-input":{"@type":"PropertyValueSpecification","valueRequired":true,"valueName":"search_term_string"}}],"inLanguage":"de"},{"@type":"Organization","@id":"https:\/\/www.renaix.com\/de\/#organization","name":"Renaix Recruitment","url":"https:\/\/www.renaix.com\/de\/","logo":{"@type":"ImageObject","inLanguage":"de","@id":"https:\/\/www.renaix.com\/de\/#\/schema\/logo\/image\/","url":"https:\/\/renaix.com\/wp-content\/uploads\/2017\/06\/renaix-logo-2.png","contentUrl":"https:\/\/renaix.com\/wp-content\/uploads\/2017\/06\/renaix-logo-2.png","width":200,"height":32,"caption":"Renaix Recruitment"},"image":{"@id":"https:\/\/www.renaix.com\/de\/#\/schema\/logo\/image\/"},"sameAs":["https:\/\/www.facebook.com\/Renaix","https:\/\/x.com\/renaixRec","https:\/\/www.linkedin.com\/company\/renaix\/"]}]}},"_links":{"self":[{"href":"https:\/\/renaix.com\/de\/wp-json\/wp\/v2\/pages\/22617","targetHints":{"allow":["GET"]}}],"collection":[{"href":"https:\/\/renaix.com\/de\/wp-json\/wp\/v2\/pages"}],"about":[{"href":"https:\/\/renaix.com\/de\/wp-json\/wp\/v2\/types\/page"}],"author":[{"embeddable":true,"href":"https:\/\/renaix.com\/de\/wp-json\/wp\/v2\/users\/32"}],"replies":[{"embeddable":true,"href":"https:\/\/renaix.com\/de\/wp-json\/wp\/v2\/comments?post=22617"}],"version-history":[{"count":2,"href":"https:\/\/renaix.com\/de\/wp-json\/wp\/v2\/pages\/22617\/revisions"}],"predecessor-version":[{"id":22619,"href":"https:\/\/renaix.com\/de\/wp-json\/wp\/v2\/pages\/22617\/revisions\/22619"}],"up":[{"embeddable":true,"href":"https:\/\/renaix.com\/de\/wp-json\/wp\/v2\/pages\/14967"}],"wp:featuredmedia":[{"embeddable":true,"href":"https:\/\/renaix.com\/de\/wp-json\/wp\/v2\/media\/14160"}],"wp:attachment":[{"href":"https:\/\/renaix.com\/de\/wp-json\/wp\/v2\/media?parent=22617"}],"curies":[{"name":"wp","href":"https:\/\/api.w.org\/{rel}","templated":true}]}}