{"id":23775,"date":"2022-02-23T18:54:07","date_gmt":"2022-02-23T18:54:07","guid":{"rendered":"https:\/\/renaix.com\/jobressourcen-2\/stellenbeschreibung-und-profil-des-it-auditors\/"},"modified":"2025-03-10T15:24:17","modified_gmt":"2025-03-10T15:24:17","slug":"it-auditor-job-description-and-profile","status":"publish","type":"page","link":"https:\/\/renaix.com\/de\/jobressourcen-2\/it-auditor-job-description-and-profile\/","title":{"rendered":"Stellenbeschreibung und Profil des IT-Auditors"},"content":{"rendered":"","protected":false},"excerpt":{"rendered":"","protected":false},"author":4,"featured_media":0,"parent":14967,"menu_order":0,"comment_status":"closed","ping_status":"closed","template":"","meta":{"_acf_changed":false,"footnotes":""},"class_list":["post-23775","page","type-page","status-publish","hentry"],"acf":[],"yoast_head":"<!-- This site is optimized with the Yoast SEO Premium plugin v27.6 (Yoast SEO v27.6) - https:\/\/yoast.com\/product\/yoast-seo-premium-wordpress\/ -->\n<title>Stellenbeschreibung und Profil des IT-Auditors<\/title>\n<meta name=\"description\" content=\"IT-Auditoren m\u00fcssen technisch versierte F\u00fchrungskr\u00e4fte und effektive Mitarbeiter sein. Sie verf\u00fcgen \u00fcber Fachwissen \u00fcber IT-Systeme und fungieren als Bewerter dieser Systeme. Als sorgf\u00e4ltige und kompetente Analysten f\u00fcr IT-Infrastrukturen und -Prozesse spielen sie eine entscheidende Rolle bei der Identifizierung von M\u00e4ngeln im Sicherheits- und Risikomanagement. IT-Auditoren schlagen nicht nur Verbesserungen an Verfahren und Programmierung vor, sondern sind auch f\u00fcr die Durchf\u00fchrung von Schulungen und die Sicherstellung der Compliance verantwortlich. Ihr oberstes Ziel ist es, eine hohe Qualit\u00e4t, ein robustes Netzwerk und die Einhaltung technischer Standards zu gew\u00e4hrleisten.\" \/>\n<meta name=\"robots\" content=\"index, follow, max-snippet:-1, max-image-preview:large, max-video-preview:-1\" \/>\n<link rel=\"canonical\" href=\"https:\/\/renaix.com\/de\/jobressourcen-2\/it-auditor-job-description-and-profile\/\" \/>\n<meta property=\"og:locale\" content=\"de_DE\" \/>\n<meta property=\"og:type\" content=\"article\" \/>\n<meta property=\"og:title\" content=\"Stellenbeschreibung und Profil des IT-Auditors\" \/>\n<meta property=\"og:description\" content=\"IT-Auditoren m\u00fcssen technisch versierte F\u00fchrungskr\u00e4fte und effektive Mitarbeiter sein. Sie verf\u00fcgen \u00fcber Fachwissen \u00fcber IT-Systeme und fungieren als Bewerter dieser Systeme. Als sorgf\u00e4ltige und kompetente Analysten f\u00fcr IT-Infrastrukturen und -Prozesse spielen sie eine entscheidende Rolle bei der Identifizierung von M\u00e4ngeln im Sicherheits- und Risikomanagement. IT-Auditoren schlagen nicht nur Verbesserungen an Verfahren und Programmierung vor, sondern sind auch f\u00fcr die Durchf\u00fchrung von Schulungen und die Sicherstellung der Compliance verantwortlich. Ihr oberstes Ziel ist es, eine hohe Qualit\u00e4t, ein robustes Netzwerk und die Einhaltung technischer Standards zu gew\u00e4hrleisten.\" \/>\n<meta property=\"og:url\" content=\"https:\/\/renaix.com\/de\/jobressourcen-2\/it-auditor-job-description-and-profile\/\" \/>\n<meta property=\"og:site_name\" content=\"Renaix - Recruiting For The Future Of Global Business\" \/>\n<meta property=\"article:publisher\" content=\"https:\/\/www.facebook.com\/Renaix\" \/>\n<meta property=\"article:modified_time\" content=\"2025-03-10T15:24:17+00:00\" \/>\n<meta name=\"twitter:card\" content=\"summary_large_image\" \/>\n<meta name=\"twitter:site\" content=\"@renaixRec\" \/>\n<script type=\"application\/ld+json\" class=\"yoast-schema-graph\">{\"@context\":\"https:\\\/\\\/schema.org\",\"@graph\":[{\"@type\":\"WebPage\",\"@id\":\"https:\\\/\\\/renaix.com\\\/de\\\/jobressourcen-2\\\/it-auditor-job-description-and-profile\\\/\",\"url\":\"https:\\\/\\\/renaix.com\\\/de\\\/jobressourcen-2\\\/it-auditor-job-description-and-profile\\\/\",\"name\":\"Stellenbeschreibung und Profil des IT-Auditors\",\"isPartOf\":{\"@id\":\"https:\\\/\\\/www.renaix.com\\\/de\\\/#website\"},\"datePublished\":\"2022-02-23T18:54:07+00:00\",\"dateModified\":\"2025-03-10T15:24:17+00:00\",\"description\":\"IT-Auditoren m\u00fcssen technisch versierte F\u00fchrungskr\u00e4fte und effektive Mitarbeiter sein. Sie verf\u00fcgen \u00fcber Fachwissen \u00fcber IT-Systeme und fungieren als Bewerter dieser Systeme. Als sorgf\u00e4ltige und kompetente Analysten f\u00fcr IT-Infrastrukturen und -Prozesse spielen sie eine entscheidende Rolle bei der Identifizierung von M\u00e4ngeln im Sicherheits- und Risikomanagement. IT-Auditoren schlagen nicht nur Verbesserungen an Verfahren und Programmierung vor, sondern sind auch f\u00fcr die Durchf\u00fchrung von Schulungen und die Sicherstellung der Compliance verantwortlich. Ihr oberstes Ziel ist es, eine hohe Qualit\u00e4t, ein robustes Netzwerk und die Einhaltung technischer Standards zu gew\u00e4hrleisten.\",\"breadcrumb\":{\"@id\":\"https:\\\/\\\/renaix.com\\\/de\\\/jobressourcen-2\\\/it-auditor-job-description-and-profile\\\/#breadcrumb\"},\"inLanguage\":\"de\",\"potentialAction\":[{\"@type\":\"ReadAction\",\"target\":[\"https:\\\/\\\/renaix.com\\\/de\\\/jobressourcen-2\\\/it-auditor-job-description-and-profile\\\/\"]}]},{\"@type\":\"BreadcrumbList\",\"@id\":\"https:\\\/\\\/renaix.com\\\/de\\\/jobressourcen-2\\\/it-auditor-job-description-and-profile\\\/#breadcrumb\",\"itemListElement\":[{\"@type\":\"ListItem\",\"position\":1,\"name\":\"Home\",\"item\":\"https:\\\/\\\/www.renaix.com\\\/de\\\/\"},{\"@type\":\"ListItem\",\"position\":2,\"name\":\"Jobressourcen\",\"item\":\"https:\\\/\\\/www.renaix.com\\\/de\\\/jobressourcen-2\\\/\"},{\"@type\":\"ListItem\",\"position\":3,\"name\":\"Stellenbeschreibung und Profil des IT-Auditors\"}]},{\"@type\":\"WebSite\",\"@id\":\"https:\\\/\\\/www.renaix.com\\\/de\\\/#website\",\"url\":\"https:\\\/\\\/www.renaix.com\\\/de\\\/\",\"name\":\"Renaix - Recruiting For The Future Of Global Business\",\"description\":\"Renaix is an international recruitment and executive search consultancy, specialising in placing senior management, finance and audit professionals\",\"publisher\":{\"@id\":\"https:\\\/\\\/www.renaix.com\\\/de\\\/#organization\"},\"potentialAction\":[{\"@type\":\"SearchAction\",\"target\":{\"@type\":\"EntryPoint\",\"urlTemplate\":\"https:\\\/\\\/www.renaix.com\\\/de\\\/?s={search_term_string}\"},\"query-input\":{\"@type\":\"PropertyValueSpecification\",\"valueRequired\":true,\"valueName\":\"search_term_string\"}}],\"inLanguage\":\"de\"},{\"@type\":\"Organization\",\"@id\":\"https:\\\/\\\/www.renaix.com\\\/de\\\/#organization\",\"name\":\"Renaix Recruitment\",\"url\":\"https:\\\/\\\/www.renaix.com\\\/de\\\/\",\"logo\":{\"@type\":\"ImageObject\",\"inLanguage\":\"de\",\"@id\":\"https:\\\/\\\/www.renaix.com\\\/de\\\/#\\\/schema\\\/logo\\\/image\\\/\",\"url\":\"https:\\\/\\\/renaix.com\\\/wp-content\\\/uploads\\\/2017\\\/06\\\/renaix-logo-2.png\",\"contentUrl\":\"https:\\\/\\\/renaix.com\\\/wp-content\\\/uploads\\\/2017\\\/06\\\/renaix-logo-2.png\",\"width\":200,\"height\":32,\"caption\":\"Renaix Recruitment\"},\"image\":{\"@id\":\"https:\\\/\\\/www.renaix.com\\\/de\\\/#\\\/schema\\\/logo\\\/image\\\/\"},\"sameAs\":[\"https:\\\/\\\/www.facebook.com\\\/Renaix\",\"https:\\\/\\\/x.com\\\/renaixRec\",\"https:\\\/\\\/www.linkedin.com\\\/company\\\/renaix\\\/\"]}]}<\/script>\n<!-- \/ Yoast SEO Premium plugin. -->","yoast_head_json":{"title":"Stellenbeschreibung und Profil des IT-Auditors","description":"IT-Auditoren m\u00fcssen technisch versierte F\u00fchrungskr\u00e4fte und effektive Mitarbeiter sein. Sie verf\u00fcgen \u00fcber Fachwissen \u00fcber IT-Systeme und fungieren als Bewerter dieser Systeme. Als sorgf\u00e4ltige und kompetente Analysten f\u00fcr IT-Infrastrukturen und -Prozesse spielen sie eine entscheidende Rolle bei der Identifizierung von M\u00e4ngeln im Sicherheits- und Risikomanagement. IT-Auditoren schlagen nicht nur Verbesserungen an Verfahren und Programmierung vor, sondern sind auch f\u00fcr die Durchf\u00fchrung von Schulungen und die Sicherstellung der Compliance verantwortlich. Ihr oberstes Ziel ist es, eine hohe Qualit\u00e4t, ein robustes Netzwerk und die Einhaltung technischer Standards zu gew\u00e4hrleisten.","robots":{"index":"index","follow":"follow","max-snippet":"max-snippet:-1","max-image-preview":"max-image-preview:large","max-video-preview":"max-video-preview:-1"},"canonical":"https:\/\/renaix.com\/de\/jobressourcen-2\/it-auditor-job-description-and-profile\/","og_locale":"de_DE","og_type":"article","og_title":"Stellenbeschreibung und Profil des IT-Auditors","og_description":"IT-Auditoren m\u00fcssen technisch versierte F\u00fchrungskr\u00e4fte und effektive Mitarbeiter sein. Sie verf\u00fcgen \u00fcber Fachwissen \u00fcber IT-Systeme und fungieren als Bewerter dieser Systeme. Als sorgf\u00e4ltige und kompetente Analysten f\u00fcr IT-Infrastrukturen und -Prozesse spielen sie eine entscheidende Rolle bei der Identifizierung von M\u00e4ngeln im Sicherheits- und Risikomanagement. IT-Auditoren schlagen nicht nur Verbesserungen an Verfahren und Programmierung vor, sondern sind auch f\u00fcr die Durchf\u00fchrung von Schulungen und die Sicherstellung der Compliance verantwortlich. Ihr oberstes Ziel ist es, eine hohe Qualit\u00e4t, ein robustes Netzwerk und die Einhaltung technischer Standards zu gew\u00e4hrleisten.","og_url":"https:\/\/renaix.com\/de\/jobressourcen-2\/it-auditor-job-description-and-profile\/","og_site_name":"Renaix - Recruiting For The Future Of Global Business","article_publisher":"https:\/\/www.facebook.com\/Renaix","article_modified_time":"2025-03-10T15:24:17+00:00","twitter_card":"summary_large_image","twitter_site":"@renaixRec","schema":{"@context":"https:\/\/schema.org","@graph":[{"@type":"WebPage","@id":"https:\/\/renaix.com\/de\/jobressourcen-2\/it-auditor-job-description-and-profile\/","url":"https:\/\/renaix.com\/de\/jobressourcen-2\/it-auditor-job-description-and-profile\/","name":"Stellenbeschreibung und Profil des IT-Auditors","isPartOf":{"@id":"https:\/\/www.renaix.com\/de\/#website"},"datePublished":"2022-02-23T18:54:07+00:00","dateModified":"2025-03-10T15:24:17+00:00","description":"IT-Auditoren m\u00fcssen technisch versierte F\u00fchrungskr\u00e4fte und effektive Mitarbeiter sein. Sie verf\u00fcgen \u00fcber Fachwissen \u00fcber IT-Systeme und fungieren als Bewerter dieser Systeme. Als sorgf\u00e4ltige und kompetente Analysten f\u00fcr IT-Infrastrukturen und -Prozesse spielen sie eine entscheidende Rolle bei der Identifizierung von M\u00e4ngeln im Sicherheits- und Risikomanagement. IT-Auditoren schlagen nicht nur Verbesserungen an Verfahren und Programmierung vor, sondern sind auch f\u00fcr die Durchf\u00fchrung von Schulungen und die Sicherstellung der Compliance verantwortlich. Ihr oberstes Ziel ist es, eine hohe Qualit\u00e4t, ein robustes Netzwerk und die Einhaltung technischer Standards zu gew\u00e4hrleisten.","breadcrumb":{"@id":"https:\/\/renaix.com\/de\/jobressourcen-2\/it-auditor-job-description-and-profile\/#breadcrumb"},"inLanguage":"de","potentialAction":[{"@type":"ReadAction","target":["https:\/\/renaix.com\/de\/jobressourcen-2\/it-auditor-job-description-and-profile\/"]}]},{"@type":"BreadcrumbList","@id":"https:\/\/renaix.com\/de\/jobressourcen-2\/it-auditor-job-description-and-profile\/#breadcrumb","itemListElement":[{"@type":"ListItem","position":1,"name":"Home","item":"https:\/\/www.renaix.com\/de\/"},{"@type":"ListItem","position":2,"name":"Jobressourcen","item":"https:\/\/www.renaix.com\/de\/jobressourcen-2\/"},{"@type":"ListItem","position":3,"name":"Stellenbeschreibung und Profil des IT-Auditors"}]},{"@type":"WebSite","@id":"https:\/\/www.renaix.com\/de\/#website","url":"https:\/\/www.renaix.com\/de\/","name":"Renaix - Recruiting For The Future Of Global Business","description":"Renaix is an international recruitment and executive search consultancy, specialising in placing senior management, finance and audit professionals","publisher":{"@id":"https:\/\/www.renaix.com\/de\/#organization"},"potentialAction":[{"@type":"SearchAction","target":{"@type":"EntryPoint","urlTemplate":"https:\/\/www.renaix.com\/de\/?s={search_term_string}"},"query-input":{"@type":"PropertyValueSpecification","valueRequired":true,"valueName":"search_term_string"}}],"inLanguage":"de"},{"@type":"Organization","@id":"https:\/\/www.renaix.com\/de\/#organization","name":"Renaix Recruitment","url":"https:\/\/www.renaix.com\/de\/","logo":{"@type":"ImageObject","inLanguage":"de","@id":"https:\/\/www.renaix.com\/de\/#\/schema\/logo\/image\/","url":"https:\/\/renaix.com\/wp-content\/uploads\/2017\/06\/renaix-logo-2.png","contentUrl":"https:\/\/renaix.com\/wp-content\/uploads\/2017\/06\/renaix-logo-2.png","width":200,"height":32,"caption":"Renaix Recruitment"},"image":{"@id":"https:\/\/www.renaix.com\/de\/#\/schema\/logo\/image\/"},"sameAs":["https:\/\/www.facebook.com\/Renaix","https:\/\/x.com\/renaixRec","https:\/\/www.linkedin.com\/company\/renaix\/"]}]}},"_links":{"self":[{"href":"https:\/\/renaix.com\/de\/wp-json\/wp\/v2\/pages\/23775","targetHints":{"allow":["GET"]}}],"collection":[{"href":"https:\/\/renaix.com\/de\/wp-json\/wp\/v2\/pages"}],"about":[{"href":"https:\/\/renaix.com\/de\/wp-json\/wp\/v2\/types\/page"}],"author":[{"embeddable":true,"href":"https:\/\/renaix.com\/de\/wp-json\/wp\/v2\/users\/4"}],"replies":[{"embeddable":true,"href":"https:\/\/renaix.com\/de\/wp-json\/wp\/v2\/comments?post=23775"}],"version-history":[{"count":4,"href":"https:\/\/renaix.com\/de\/wp-json\/wp\/v2\/pages\/23775\/revisions"}],"predecessor-version":[{"id":26319,"href":"https:\/\/renaix.com\/de\/wp-json\/wp\/v2\/pages\/23775\/revisions\/26319"}],"up":[{"embeddable":true,"href":"https:\/\/renaix.com\/de\/wp-json\/wp\/v2\/pages\/14967"}],"wp:attachment":[{"href":"https:\/\/renaix.com\/de\/wp-json\/wp\/v2\/media?parent=23775"}],"curies":[{"name":"wp","href":"https:\/\/api.w.org\/{rel}","templated":true}]}}