{"id":24228,"date":"2023-07-31T16:05:03","date_gmt":"2023-07-31T16:05:03","guid":{"rendered":"https:\/\/renaix.com\/qualifikationen-und-faehigkeiten-des-ceo\/"},"modified":"2023-09-15T15:28:40","modified_gmt":"2023-09-15T15:28:40","slug":"qualifikationen-und-faehigkeiten-des-ceo","status":"publish","type":"page","link":"https:\/\/renaix.com\/de\/jobressourcen-2\/qualifikationen-und-faehigkeiten-des-ceo\/","title":{"rendered":"Qualifikationen und F\u00e4higkeiten des CEO"},"content":{"rendered":"","protected":false},"excerpt":{"rendered":"","protected":false},"author":4,"featured_media":0,"parent":14967,"menu_order":0,"comment_status":"closed","ping_status":"closed","template":"","meta":{"_acf_changed":false,"footnotes":""},"class_list":["post-24228","page","type-page","status-publish","hentry"],"acf":[],"yoast_head":"<!-- This site is optimized with the Yoast SEO Premium plugin v27.6 (Yoast SEO v27.6) - https:\/\/yoast.com\/product\/yoast-seo-premium-wordpress\/ -->\n<title>Qualifikationen und F\u00e4higkeiten des CEO<\/title>\n<meta name=\"description\" content=\"Der Chief Executive Officer (CEO) ist die rangh\u00f6chste F\u00fchrungskraft und entscheidend f\u00fcr die Gestaltung der Vision, der Strategie und des Gesamterfolgs des Unternehmens. Der CEO leitet die gesamte Organisation und trifft Entscheidungen, die die Leistung und Zukunft des Unternehmens erheblich beeinflussen.\" \/>\n<meta name=\"robots\" content=\"index, follow, max-snippet:-1, max-image-preview:large, max-video-preview:-1\" \/>\n<link rel=\"canonical\" href=\"https:\/\/renaix.com\/de\/jobressourcen-2\/qualifikationen-und-faehigkeiten-des-ceo\/\" \/>\n<meta property=\"og:locale\" content=\"de_DE\" \/>\n<meta property=\"og:type\" content=\"article\" \/>\n<meta property=\"og:title\" content=\"Qualifikationen und F\u00e4higkeiten des CEO\" \/>\n<meta property=\"og:description\" content=\"Der Chief Executive Officer (CEO) ist die rangh\u00f6chste F\u00fchrungskraft und entscheidend f\u00fcr die Gestaltung der Vision, der Strategie und des Gesamterfolgs des Unternehmens. Der CEO leitet die gesamte Organisation und trifft Entscheidungen, die die Leistung und Zukunft des Unternehmens erheblich beeinflussen.\" \/>\n<meta property=\"og:url\" content=\"https:\/\/renaix.com\/de\/jobressourcen-2\/qualifikationen-und-faehigkeiten-des-ceo\/\" \/>\n<meta property=\"og:site_name\" content=\"Renaix - Recruiting For The Future Of Global Business\" \/>\n<meta property=\"article:publisher\" content=\"https:\/\/www.facebook.com\/Renaix\" \/>\n<meta property=\"article:modified_time\" content=\"2023-09-15T15:28:40+00:00\" \/>\n<meta name=\"twitter:card\" content=\"summary_large_image\" \/>\n<meta name=\"twitter:site\" content=\"@renaixRec\" \/>\n<script type=\"application\/ld+json\" class=\"yoast-schema-graph\">{\"@context\":\"https:\\\/\\\/schema.org\",\"@graph\":[{\"@type\":\"WebPage\",\"@id\":\"https:\\\/\\\/renaix.com\\\/de\\\/jobressourcen-2\\\/qualifikationen-und-faehigkeiten-des-ceo\\\/\",\"url\":\"https:\\\/\\\/renaix.com\\\/de\\\/jobressourcen-2\\\/qualifikationen-und-faehigkeiten-des-ceo\\\/\",\"name\":\"Qualifikationen und F\u00e4higkeiten des CEO\",\"isPartOf\":{\"@id\":\"https:\\\/\\\/www.renaix.com\\\/de\\\/#website\"},\"datePublished\":\"2023-07-31T16:05:03+00:00\",\"dateModified\":\"2023-09-15T15:28:40+00:00\",\"description\":\"Der Chief Executive Officer (CEO) ist die rangh\u00f6chste F\u00fchrungskraft und entscheidend f\u00fcr die Gestaltung der Vision, der Strategie und des Gesamterfolgs des Unternehmens. Der CEO leitet die gesamte Organisation und trifft Entscheidungen, die die Leistung und Zukunft des Unternehmens erheblich beeinflussen.\",\"breadcrumb\":{\"@id\":\"https:\\\/\\\/renaix.com\\\/de\\\/jobressourcen-2\\\/qualifikationen-und-faehigkeiten-des-ceo\\\/#breadcrumb\"},\"inLanguage\":\"de\",\"potentialAction\":[{\"@type\":\"ReadAction\",\"target\":[\"https:\\\/\\\/renaix.com\\\/de\\\/jobressourcen-2\\\/qualifikationen-und-faehigkeiten-des-ceo\\\/\"]}]},{\"@type\":\"BreadcrumbList\",\"@id\":\"https:\\\/\\\/renaix.com\\\/de\\\/jobressourcen-2\\\/qualifikationen-und-faehigkeiten-des-ceo\\\/#breadcrumb\",\"itemListElement\":[{\"@type\":\"ListItem\",\"position\":1,\"name\":\"Home\",\"item\":\"https:\\\/\\\/www.renaix.com\\\/de\\\/\"},{\"@type\":\"ListItem\",\"position\":2,\"name\":\"Jobressourcen\",\"item\":\"https:\\\/\\\/www.renaix.com\\\/de\\\/jobressourcen-2\\\/\"},{\"@type\":\"ListItem\",\"position\":3,\"name\":\"Qualifikationen und F\u00e4higkeiten des CEO\"}]},{\"@type\":\"WebSite\",\"@id\":\"https:\\\/\\\/www.renaix.com\\\/de\\\/#website\",\"url\":\"https:\\\/\\\/www.renaix.com\\\/de\\\/\",\"name\":\"Renaix - Recruiting For The Future Of Global Business\",\"description\":\"Renaix is an international recruitment and executive search consultancy, specialising in placing senior management, finance and audit professionals\",\"publisher\":{\"@id\":\"https:\\\/\\\/www.renaix.com\\\/de\\\/#organization\"},\"potentialAction\":[{\"@type\":\"SearchAction\",\"target\":{\"@type\":\"EntryPoint\",\"urlTemplate\":\"https:\\\/\\\/www.renaix.com\\\/de\\\/?s={search_term_string}\"},\"query-input\":{\"@type\":\"PropertyValueSpecification\",\"valueRequired\":true,\"valueName\":\"search_term_string\"}}],\"inLanguage\":\"de\"},{\"@type\":\"Organization\",\"@id\":\"https:\\\/\\\/www.renaix.com\\\/de\\\/#organization\",\"name\":\"Renaix Recruitment\",\"url\":\"https:\\\/\\\/www.renaix.com\\\/de\\\/\",\"logo\":{\"@type\":\"ImageObject\",\"inLanguage\":\"de\",\"@id\":\"https:\\\/\\\/www.renaix.com\\\/de\\\/#\\\/schema\\\/logo\\\/image\\\/\",\"url\":\"https:\\\/\\\/renaix.com\\\/wp-content\\\/uploads\\\/2017\\\/06\\\/renaix-logo-2.png\",\"contentUrl\":\"https:\\\/\\\/renaix.com\\\/wp-content\\\/uploads\\\/2017\\\/06\\\/renaix-logo-2.png\",\"width\":200,\"height\":32,\"caption\":\"Renaix Recruitment\"},\"image\":{\"@id\":\"https:\\\/\\\/www.renaix.com\\\/de\\\/#\\\/schema\\\/logo\\\/image\\\/\"},\"sameAs\":[\"https:\\\/\\\/www.facebook.com\\\/Renaix\",\"https:\\\/\\\/x.com\\\/renaixRec\",\"https:\\\/\\\/www.linkedin.com\\\/company\\\/renaix\\\/\"]}]}<\/script>\n<!-- \/ Yoast SEO Premium plugin. -->","yoast_head_json":{"title":"Qualifikationen und F\u00e4higkeiten des CEO","description":"Der Chief Executive Officer (CEO) ist die rangh\u00f6chste F\u00fchrungskraft und entscheidend f\u00fcr die Gestaltung der Vision, der Strategie und des Gesamterfolgs des Unternehmens. Der CEO leitet die gesamte Organisation und trifft Entscheidungen, die die Leistung und Zukunft des Unternehmens erheblich beeinflussen.","robots":{"index":"index","follow":"follow","max-snippet":"max-snippet:-1","max-image-preview":"max-image-preview:large","max-video-preview":"max-video-preview:-1"},"canonical":"https:\/\/renaix.com\/de\/jobressourcen-2\/qualifikationen-und-faehigkeiten-des-ceo\/","og_locale":"de_DE","og_type":"article","og_title":"Qualifikationen und F\u00e4higkeiten des CEO","og_description":"Der Chief Executive Officer (CEO) ist die rangh\u00f6chste F\u00fchrungskraft und entscheidend f\u00fcr die Gestaltung der Vision, der Strategie und des Gesamterfolgs des Unternehmens. Der CEO leitet die gesamte Organisation und trifft Entscheidungen, die die Leistung und Zukunft des Unternehmens erheblich beeinflussen.","og_url":"https:\/\/renaix.com\/de\/jobressourcen-2\/qualifikationen-und-faehigkeiten-des-ceo\/","og_site_name":"Renaix - Recruiting For The Future Of Global Business","article_publisher":"https:\/\/www.facebook.com\/Renaix","article_modified_time":"2023-09-15T15:28:40+00:00","twitter_card":"summary_large_image","twitter_site":"@renaixRec","schema":{"@context":"https:\/\/schema.org","@graph":[{"@type":"WebPage","@id":"https:\/\/renaix.com\/de\/jobressourcen-2\/qualifikationen-und-faehigkeiten-des-ceo\/","url":"https:\/\/renaix.com\/de\/jobressourcen-2\/qualifikationen-und-faehigkeiten-des-ceo\/","name":"Qualifikationen und F\u00e4higkeiten des CEO","isPartOf":{"@id":"https:\/\/www.renaix.com\/de\/#website"},"datePublished":"2023-07-31T16:05:03+00:00","dateModified":"2023-09-15T15:28:40+00:00","description":"Der Chief Executive Officer (CEO) ist die rangh\u00f6chste F\u00fchrungskraft und entscheidend f\u00fcr die Gestaltung der Vision, der Strategie und des Gesamterfolgs des Unternehmens. Der CEO leitet die gesamte Organisation und trifft Entscheidungen, die die Leistung und Zukunft des Unternehmens erheblich beeinflussen.","breadcrumb":{"@id":"https:\/\/renaix.com\/de\/jobressourcen-2\/qualifikationen-und-faehigkeiten-des-ceo\/#breadcrumb"},"inLanguage":"de","potentialAction":[{"@type":"ReadAction","target":["https:\/\/renaix.com\/de\/jobressourcen-2\/qualifikationen-und-faehigkeiten-des-ceo\/"]}]},{"@type":"BreadcrumbList","@id":"https:\/\/renaix.com\/de\/jobressourcen-2\/qualifikationen-und-faehigkeiten-des-ceo\/#breadcrumb","itemListElement":[{"@type":"ListItem","position":1,"name":"Home","item":"https:\/\/www.renaix.com\/de\/"},{"@type":"ListItem","position":2,"name":"Jobressourcen","item":"https:\/\/www.renaix.com\/de\/jobressourcen-2\/"},{"@type":"ListItem","position":3,"name":"Qualifikationen und F\u00e4higkeiten des CEO"}]},{"@type":"WebSite","@id":"https:\/\/www.renaix.com\/de\/#website","url":"https:\/\/www.renaix.com\/de\/","name":"Renaix - Recruiting For The Future Of Global Business","description":"Renaix is an international recruitment and executive search consultancy, specialising in placing senior management, finance and audit professionals","publisher":{"@id":"https:\/\/www.renaix.com\/de\/#organization"},"potentialAction":[{"@type":"SearchAction","target":{"@type":"EntryPoint","urlTemplate":"https:\/\/www.renaix.com\/de\/?s={search_term_string}"},"query-input":{"@type":"PropertyValueSpecification","valueRequired":true,"valueName":"search_term_string"}}],"inLanguage":"de"},{"@type":"Organization","@id":"https:\/\/www.renaix.com\/de\/#organization","name":"Renaix Recruitment","url":"https:\/\/www.renaix.com\/de\/","logo":{"@type":"ImageObject","inLanguage":"de","@id":"https:\/\/www.renaix.com\/de\/#\/schema\/logo\/image\/","url":"https:\/\/renaix.com\/wp-content\/uploads\/2017\/06\/renaix-logo-2.png","contentUrl":"https:\/\/renaix.com\/wp-content\/uploads\/2017\/06\/renaix-logo-2.png","width":200,"height":32,"caption":"Renaix Recruitment"},"image":{"@id":"https:\/\/www.renaix.com\/de\/#\/schema\/logo\/image\/"},"sameAs":["https:\/\/www.facebook.com\/Renaix","https:\/\/x.com\/renaixRec","https:\/\/www.linkedin.com\/company\/renaix\/"]}]}},"_links":{"self":[{"href":"https:\/\/renaix.com\/de\/wp-json\/wp\/v2\/pages\/24228","targetHints":{"allow":["GET"]}}],"collection":[{"href":"https:\/\/renaix.com\/de\/wp-json\/wp\/v2\/pages"}],"about":[{"href":"https:\/\/renaix.com\/de\/wp-json\/wp\/v2\/types\/page"}],"author":[{"embeddable":true,"href":"https:\/\/renaix.com\/de\/wp-json\/wp\/v2\/users\/4"}],"replies":[{"embeddable":true,"href":"https:\/\/renaix.com\/de\/wp-json\/wp\/v2\/comments?post=24228"}],"version-history":[{"count":4,"href":"https:\/\/renaix.com\/de\/wp-json\/wp\/v2\/pages\/24228\/revisions"}],"predecessor-version":[{"id":24668,"href":"https:\/\/renaix.com\/de\/wp-json\/wp\/v2\/pages\/24228\/revisions\/24668"}],"up":[{"embeddable":true,"href":"https:\/\/renaix.com\/de\/wp-json\/wp\/v2\/pages\/14967"}],"wp:attachment":[{"href":"https:\/\/renaix.com\/de\/wp-json\/wp\/v2\/media?parent=24228"}],"curies":[{"name":"wp","href":"https:\/\/api.w.org\/{rel}","templated":true}]}}