{"id":24554,"date":"2023-09-05T13:59:54","date_gmt":"2023-09-05T13:59:54","guid":{"rendered":"https:\/\/renaix.com\/jobressourcen-2\/ressourcen-fuer-cfo-stellenrollen\/"},"modified":"2023-09-07T18:54:51","modified_gmt":"2023-09-07T18:54:51","slug":"ressourcen-fuer-cfo-stellenrollen","status":"publish","type":"page","link":"https:\/\/renaix.com\/de\/jobressourcen-2\/ressourcen-fuer-cfo-stellenrollen\/","title":{"rendered":"Ressourcen f\u00fcr CFO-Stellenrollen"},"content":{"rendered":"<section class=\"wpb-content-wrapper\"><p>[vc_section el_class=&#8220;all-in-cyber cyber-container&#8220;][vc_row el_class=&#8220;cyber-container&#8220;][vc_column el_class=&#8220;cyber-top-sec&#8220;][vc_column_text]<\/p>\n<h2 style=\"text-align: justify;\"><strong>Unsere Ressourcen f\u00fcr CFO-Rollen finden Sie hier<\/strong><\/h2>\n<p style=\"font-weight: 400;\">Die Rolle des CFO dauert in der Regel Jahre, aber das sollte Finanzfachleute nicht entmutigen, da der Karriereweg je nach Gr\u00f6\u00dfe und Profil des Unternehmens einen unterschiedlichen Zeithorizont haben kann. Es ist eine bereichernde Rolle, bei der das durchschnittliche Gehalt in der Regel nur an zweiter Stelle nach dem des CEO liegt. Es hat einen hohen Bekanntheitsgrad nach au\u00dfen und innen und versetzt Sie in die beste Position, um auf Wunsch die Rolle der Nummer eins anzustreben.<\/p>\n<p style=\"font-weight: 400;\">Diese Roadmap bietet Ihnen praktische Ratschl\u00e4ge und Einblicke, die Ihnen helfen, Ihr tats\u00e4chliches F\u00fchrungspotenzial auszusch\u00f6pfen und den Weg zur Nummer zwei an der Spitze zu ebnen, egal ob Sie ein engagierter Gesch\u00e4ftsf\u00fchrer oder ein aufstrebender Unternehmer sind, der sein eigenes Unternehmen f\u00fchrt.<\/p>\n<p>[\/vc_column_text][\/vc_column][\/vc_row][vc_row el_class=&#8220;cyber-row&#8220;][vc_column width=&#8220;1\/3&#8243; el_class=&#8220;cyber-col&#8220;][vc_column_text el_class=&#8220;cyber-1-bg cyber-inner-box&#8220;]<\/p>\n<h3 class=\"inner-text-heading\" style=\"text-align: center;\"><a href=\"https:\/\/renaix.com\/de\/wie-man-cfo-wird\/\">Wie man CFO wird<\/a><\/h3>\n<p>[\/vc_column_text][\/vc_column][vc_column width=&#8220;1\/3&#8243; el_class=&#8220;cyber-col&#8220;][vc_column_text el_class=&#8220;cyber-inner-box cyber-2-bg&#8220;]<\/p>\n<h3 class=\"inner-text-heading\" style=\"text-align: center;\"><a href=\"https:\/\/renaix.com\/de\/jobressourcen-2\/cfo-lebenslauf-vorlage-beispiele\/\">CFO Lebenslauf, Vorlage &amp; Beispiele<\/a><\/h3>\n<p>[\/vc_column_text][\/vc_column][vc_column width=&#8220;1\/3&#8243; el_class=&#8220;cyber-col&#8220;][vc_column_text el_class=&#8220;cyber-inner-box cyber-3-bg&#8220;]<\/p>\n<h3 class=\"inner-text-heading\" style=\"text-align: center;\"><a href=\"https:\/\/renaix.com\/de\/jobressourcen-2\/cfo-qualifikationen-und-faehigkeiten\/\">CFO Qualifikationen &amp; F\u00e4higkeiten<\/a><\/h3>\n<p>[\/vc_column_text][\/vc_column][\/vc_row][vc_row el_class=&#8220;cyber-row&#8220;][vc_column width=&#8220;1\/3&#8243; el_class=&#8220;cyber-col&#8220;][vc_column_text el_class=&#8220;cyber-inner-box cyber-4-bg&#8220;]<\/p>\n<h3 class=\"inner-text-heading\" style=\"text-align: center;\"><a href=\"https:\/\/renaix.com\/de\/jobressourcen-2\/cfo-gehalt-bezahlung\/\">CFO Gehalt &amp;; Bezahlung<\/a><\/h3>\n<p>[\/vc_column_text][\/vc_column][vc_column width=&#8220;1\/3&#8243; el_class=&#8220;cyber-col&#8220;][vc_column_text el_class=&#8220;cyber-inner-box cyber-5-bg&#8220;]<\/p>\n<h3 class=\"inner-text-heading\" style=\"text-align: center;\"><a href=\"https:\/\/renaix.com\/de\/jobressourcen-2\/cfo-stellenbeschreibung-profil\/\">CFO Stellenbeschreibung &amp;; Profil<\/a><\/h3>\n<p>[\/vc_column_text][\/vc_column][vc_column width=&#8220;1\/3&#8243;][vc_column_text el_class=&#8220;cyber-inner-box cyber-2-bg&#8220;]<\/p>\n<h3 class=\"inner-text-heading\" style=\"text-align: center;\"><a href=\"https:\/\/renaix.com\/de\/jobressourcen-2\/\">Alle Jobressourcen<\/a><\/h3>\n<p>[\/vc_column_text][\/vc_column][\/vc_row][vc_row][vc_column][vc_column_text]<\/p>\n<section class=\"all-in-cyber\">\n<div class=\"cyber-container\">\n<h4 class=\"text-left cyber-job-roles\">Andere Jobressourcen<\/h4>\n<\/div>\n<\/section>\n<p>[\/vc_column_text][\/vc_column][\/vc_row][\/vc_section][vc_section el_class=&#8220;other-job-roles&#8220; css=&#8220;.vc_custom_1581273055108{padding-top: 50px !important;}&#8220;][vc_row el_class=&#8220;cyber-container&#8220;][vc_column][vc_row_inner el_class=&#8220;cyber-row&#8220;][vc_column_inner el_class=&#8220;cyber-col&#8220; width=&#8220;1\/3&#8243;][vc_column_text el_class=&#8220;cyber-inner-box cyber-bg-1&#8243;]<\/p>\n<h3 class=\"inner-text-heading\" style=\"text-align: center;\"><a href=\"https:\/\/renaix.com\/de\/jobressourcen-2\/ressourcen-fuer-den-finanzcontroller-job-rollenressourcen\/\">Finanz-Controller<\/a><\/h3>\n<p>[\/vc_column_text][\/vc_column_inner][vc_column_inner el_class=&#8220;cyber-col&#8220; width=&#8220;1\/3&#8243;][vc_column_text el_class=&#8220;cyber-inner-box cyber-bg-2&#8243;]<\/p>\n<h3 class=\"inner-text-heading\" style=\"text-align: center;\"><a class=\"header__sub-menu__a\" href=\"https:\/\/renaix.com\/de\/jobressourcen-2\/ressourcen-fuer-finance-manager-jobrollen\/\">Finanzmanager<\/a><\/h3>\n<p>[\/vc_column_text][\/vc_column_inner][vc_column_inner el_class=&#8220;cyber-col&#8220; width=&#8220;1\/3&#8243;][vc_column_text el_class=&#8220;cyber-inner-box cyber-bg-3&#8243;]<\/p>\n<h3 class=\"inner-text-heading\" style=\"text-align: center;\"><a href=\"https:\/\/renaix.com\/de\/jobressourcen-2\/betriebsmanager-auftragsrollenressourcen\/\">Betriebmanager<\/a><\/h3>\n<p>[\/vc_column_text][\/vc_column_inner][\/vc_row_inner][vc_row_inner el_class=&#8220;cyber-row&#8220;][vc_column_inner el_class=&#8220;cyber-col&#8220; width=&#8220;1\/3&#8243;][vc_column_text el_class=&#8220;cyber-inner-box cyber-bg-4&#8243;]<\/p>\n<h3 class=\"inner-text-heading\" style=\"text-align: center;\"><a href=\"https:\/\/renaix.com\/de\/jobressourcen-2\/beschaffungsmanager-job-rollenressourcen\/\">Beschaffung<\/a><\/h3>\n<p>[\/vc_column_text][\/vc_column_inner][vc_column_inner el_class=&#8220;cyber-col&#8220; width=&#8220;1\/3&#8243;][vc_column_text el_class=&#8220;cyber-inner-box cyber-bg-5&#8243;]<\/p>\n<h3 class=\"inner-text-heading\" style=\"text-align: center;\"><a href=\"https:\/\/renaix.com\/de\/jobressourcen-2\/asset-manager-job-rollenressourcen\/\">Verm\u00f6gensverwalter<\/a><\/h3>\n<p>[\/vc_column_text][\/vc_column_inner][vc_column_inner el_class=&#8220;cyber-col&#8220; width=&#8220;1\/3&#8243;][vc_column_text el_class=&#8220;cyber-inner-box cyber-bg-6&#8243;]<\/p>\n<h3 class=\"inner-text-heading\" style=\"text-align: center;\"><a href=\"https:\/\/renaix.com\/de\/jobressourcen-2\/managing-director-job-role-resources\/\">Gesch\u00e4ftsf\u00fchrer<\/a><\/h3>\n<p>[\/vc_column_text][\/vc_column_inner][\/vc_row_inner][vc_row_inner el_class=&#8220;cyber-row&#8220;][vc_column_inner el_class=&#8220;cyber-col&#8220; width=&#8220;1\/3&#8243;][vc_column_text el_class=&#8220;cyber-inner-box cyber-bg-1&#8243;]<\/p>\n<h3 class=\"inner-text-heading\" style=\"text-align: center;\"><a href=\"https:\/\/renaix.com\/de\/jobressourcen-2\/cyber-security-analyst-job-role-ressourcen\/\">Cybersicherheitsanalyst<\/a><\/h3>\n<p>[\/vc_column_text][\/vc_column_inner][vc_column_inner el_class=&#8220;cyber-col&#8220; width=&#8220;1\/3&#8243;][vc_column_text el_class=&#8220;cyber-inner-box cyber-bg-2&#8243;]<\/p>\n<h3 class=\"inner-text-heading\" style=\"text-align: center;\"><a href=\"https:\/\/renaix.com\/de\/jobressourcen-2\/interne-auditor-jobrollenressourcen\/\">Interner Pr\u00fcfer <\/a><\/h3>\n<p>[\/vc_column_text][\/vc_column_inner][vc_column_inner el_class=&#8220;cyber-col&#8220; width=&#8220;1\/3&#8243;][vc_column_text el_class=&#8220;cyber-inner-box cyber-bg-3&#8243;]<\/p>\n<h3 class=\"inner-text-heading\" style=\"text-align: center;\"><a class=\"header__sub-menu__a\" href=\"https:\/\/renaix.com\/de\/jobressourcen-2\/business-analyst-jobressourcen\/\">Business Analyst<\/a><\/h3>\n<p>[\/vc_column_text][\/vc_column_inner][\/vc_row_inner][\/vc_column][\/vc_row][\/vc_section][vc_section el_class=&#8220;cyber-conatct-sec&#8220;][vc_row][vc_column el_class=&#8220;cyber-contact-phone&#8220;][vc_column_text]<\/p>\n<h2 class=\"cyber-contact-phone\" style=\"text-align: center;\">SENDEN SIE UNS IHREN LEBENSLAUF oder rufen Sie die +44 (0)20 7553 6320 an<\/h2>\n<p>[\/vc_column_text][\/vc_column][\/vc_row][\/vc_section]<\/p>\n<\/section>","protected":false},"excerpt":{"rendered":"<p>[vc_section el_class=&#8220;all-in-cyber cyber-container&#8220;][vc_row el_class=&#8220;cyber-container&#8220;][vc_column el_class=&#8220;cyber-top-sec&#8220;][vc_column_text] Unsere Ressourcen f\u00fcr CFO-Rollen finden Sie hier Die Rolle des CFO dauert in der Regel Jahre, aber das sollte Finanzfachleute nicht entmutigen, da der Karriereweg je nach Gr\u00f6\u00dfe und Profil des Unternehmens einen unterschiedlichen Zeithorizont haben kann. Es ist eine bereichernde Rolle, bei der das durchschnittliche Gehalt in der Regel [&hellip;]<\/p>\n","protected":false},"author":32,"featured_media":0,"parent":14967,"menu_order":0,"comment_status":"closed","ping_status":"closed","template":"tpl\/hub-finance-new.php","meta":{"_acf_changed":false,"footnotes":""},"class_list":["post-24554","page","type-page","status-publish","hentry"],"acf":[],"yoast_head":"<!-- This site is optimized with the Yoast SEO Premium plugin v27.6 (Yoast SEO v27.6) - https:\/\/yoast.com\/product\/yoast-seo-premium-wordpress\/ -->\n<title>Ressourcen f\u00fcr CFO-Stellenrollen<\/title>\n<meta name=\"description\" content=\"Die Rolle des CFO dauert in der Regel Jahre, aber das sollte Finanzfachleute nicht entmutigen, da der Karriereweg je nach Gr\u00f6\u00dfe und Profil des Unternehmens einen unterschiedlichen Zeithorizont haben kann.\" \/>\n<meta name=\"robots\" content=\"index, follow, max-snippet:-1, max-image-preview:large, max-video-preview:-1\" \/>\n<link rel=\"canonical\" href=\"https:\/\/renaix.com\/de\/jobressourcen-2\/ressourcen-fuer-cfo-stellenrollen\/\" \/>\n<meta property=\"og:locale\" content=\"de_DE\" \/>\n<meta property=\"og:type\" content=\"article\" \/>\n<meta property=\"og:title\" content=\"Ressourcen f\u00fcr CFO-Stellenrollen\" \/>\n<meta property=\"og:description\" content=\"Die Rolle des CFO dauert in der Regel Jahre, aber das sollte Finanzfachleute nicht entmutigen, da der Karriereweg je nach Gr\u00f6\u00dfe und Profil des Unternehmens einen unterschiedlichen Zeithorizont haben kann.\" \/>\n<meta property=\"og:url\" content=\"https:\/\/renaix.com\/de\/jobressourcen-2\/ressourcen-fuer-cfo-stellenrollen\/\" \/>\n<meta property=\"og:site_name\" content=\"Renaix - Recruiting For The Future Of Global Business\" \/>\n<meta property=\"article:publisher\" content=\"https:\/\/www.facebook.com\/Renaix\" \/>\n<meta property=\"article:modified_time\" content=\"2023-09-07T18:54:51+00:00\" \/>\n<meta name=\"twitter:card\" content=\"summary_large_image\" \/>\n<meta name=\"twitter:site\" content=\"@renaixRec\" \/>\n<meta name=\"twitter:label1\" content=\"Gesch\u00e4tzte Lesezeit\" \/>\n\t<meta name=\"twitter:data1\" content=\"3\u00a0Minuten\" \/>\n<script type=\"application\/ld+json\" class=\"yoast-schema-graph\">{\"@context\":\"https:\\\/\\\/schema.org\",\"@graph\":[{\"@type\":\"WebPage\",\"@id\":\"https:\\\/\\\/renaix.com\\\/de\\\/jobressourcen-2\\\/ressourcen-fuer-cfo-stellenrollen\\\/\",\"url\":\"https:\\\/\\\/renaix.com\\\/de\\\/jobressourcen-2\\\/ressourcen-fuer-cfo-stellenrollen\\\/\",\"name\":\"Ressourcen f\u00fcr CFO-Stellenrollen\",\"isPartOf\":{\"@id\":\"https:\\\/\\\/www.renaix.com\\\/de\\\/#website\"},\"datePublished\":\"2023-09-05T13:59:54+00:00\",\"dateModified\":\"2023-09-07T18:54:51+00:00\",\"description\":\"Die Rolle des CFO dauert in der Regel Jahre, aber das sollte Finanzfachleute nicht entmutigen, da der Karriereweg je nach Gr\u00f6\u00dfe und Profil des Unternehmens einen unterschiedlichen Zeithorizont haben kann.\",\"breadcrumb\":{\"@id\":\"https:\\\/\\\/renaix.com\\\/de\\\/jobressourcen-2\\\/ressourcen-fuer-cfo-stellenrollen\\\/#breadcrumb\"},\"inLanguage\":\"de\",\"potentialAction\":[{\"@type\":\"ReadAction\",\"target\":[\"https:\\\/\\\/renaix.com\\\/de\\\/jobressourcen-2\\\/ressourcen-fuer-cfo-stellenrollen\\\/\"]}]},{\"@type\":\"BreadcrumbList\",\"@id\":\"https:\\\/\\\/renaix.com\\\/de\\\/jobressourcen-2\\\/ressourcen-fuer-cfo-stellenrollen\\\/#breadcrumb\",\"itemListElement\":[{\"@type\":\"ListItem\",\"position\":1,\"name\":\"Home\",\"item\":\"https:\\\/\\\/www.renaix.com\\\/de\\\/\"},{\"@type\":\"ListItem\",\"position\":2,\"name\":\"Jobressourcen\",\"item\":\"https:\\\/\\\/www.renaix.com\\\/de\\\/jobressourcen-2\\\/\"},{\"@type\":\"ListItem\",\"position\":3,\"name\":\"Ressourcen f\u00fcr CFO-Stellenrollen\"}]},{\"@type\":\"WebSite\",\"@id\":\"https:\\\/\\\/www.renaix.com\\\/de\\\/#website\",\"url\":\"https:\\\/\\\/www.renaix.com\\\/de\\\/\",\"name\":\"Renaix - Recruiting For The Future Of Global Business\",\"description\":\"Renaix is an international recruitment and executive search consultancy, specialising in placing senior management, finance and audit professionals\",\"publisher\":{\"@id\":\"https:\\\/\\\/www.renaix.com\\\/de\\\/#organization\"},\"potentialAction\":[{\"@type\":\"SearchAction\",\"target\":{\"@type\":\"EntryPoint\",\"urlTemplate\":\"https:\\\/\\\/www.renaix.com\\\/de\\\/?s={search_term_string}\"},\"query-input\":{\"@type\":\"PropertyValueSpecification\",\"valueRequired\":true,\"valueName\":\"search_term_string\"}}],\"inLanguage\":\"de\"},{\"@type\":\"Organization\",\"@id\":\"https:\\\/\\\/www.renaix.com\\\/de\\\/#organization\",\"name\":\"Renaix Recruitment\",\"url\":\"https:\\\/\\\/www.renaix.com\\\/de\\\/\",\"logo\":{\"@type\":\"ImageObject\",\"inLanguage\":\"de\",\"@id\":\"https:\\\/\\\/www.renaix.com\\\/de\\\/#\\\/schema\\\/logo\\\/image\\\/\",\"url\":\"https:\\\/\\\/renaix.com\\\/wp-content\\\/uploads\\\/2017\\\/06\\\/renaix-logo-2.png\",\"contentUrl\":\"https:\\\/\\\/renaix.com\\\/wp-content\\\/uploads\\\/2017\\\/06\\\/renaix-logo-2.png\",\"width\":200,\"height\":32,\"caption\":\"Renaix Recruitment\"},\"image\":{\"@id\":\"https:\\\/\\\/www.renaix.com\\\/de\\\/#\\\/schema\\\/logo\\\/image\\\/\"},\"sameAs\":[\"https:\\\/\\\/www.facebook.com\\\/Renaix\",\"https:\\\/\\\/x.com\\\/renaixRec\",\"https:\\\/\\\/www.linkedin.com\\\/company\\\/renaix\\\/\"]}]}<\/script>\n<!-- \/ Yoast SEO Premium plugin. -->","yoast_head_json":{"title":"Ressourcen f\u00fcr CFO-Stellenrollen","description":"Die Rolle des CFO dauert in der Regel Jahre, aber das sollte Finanzfachleute nicht entmutigen, da der Karriereweg je nach Gr\u00f6\u00dfe und Profil des Unternehmens einen unterschiedlichen Zeithorizont haben kann.","robots":{"index":"index","follow":"follow","max-snippet":"max-snippet:-1","max-image-preview":"max-image-preview:large","max-video-preview":"max-video-preview:-1"},"canonical":"https:\/\/renaix.com\/de\/jobressourcen-2\/ressourcen-fuer-cfo-stellenrollen\/","og_locale":"de_DE","og_type":"article","og_title":"Ressourcen f\u00fcr CFO-Stellenrollen","og_description":"Die Rolle des CFO dauert in der Regel Jahre, aber das sollte Finanzfachleute nicht entmutigen, da der Karriereweg je nach Gr\u00f6\u00dfe und Profil des Unternehmens einen unterschiedlichen Zeithorizont haben kann.","og_url":"https:\/\/renaix.com\/de\/jobressourcen-2\/ressourcen-fuer-cfo-stellenrollen\/","og_site_name":"Renaix - Recruiting For The Future Of Global Business","article_publisher":"https:\/\/www.facebook.com\/Renaix","article_modified_time":"2023-09-07T18:54:51+00:00","twitter_card":"summary_large_image","twitter_site":"@renaixRec","twitter_misc":{"Gesch\u00e4tzte Lesezeit":"3\u00a0Minuten"},"schema":{"@context":"https:\/\/schema.org","@graph":[{"@type":"WebPage","@id":"https:\/\/renaix.com\/de\/jobressourcen-2\/ressourcen-fuer-cfo-stellenrollen\/","url":"https:\/\/renaix.com\/de\/jobressourcen-2\/ressourcen-fuer-cfo-stellenrollen\/","name":"Ressourcen f\u00fcr CFO-Stellenrollen","isPartOf":{"@id":"https:\/\/www.renaix.com\/de\/#website"},"datePublished":"2023-09-05T13:59:54+00:00","dateModified":"2023-09-07T18:54:51+00:00","description":"Die Rolle des CFO dauert in der Regel Jahre, aber das sollte Finanzfachleute nicht entmutigen, da der Karriereweg je nach Gr\u00f6\u00dfe und Profil des Unternehmens einen unterschiedlichen Zeithorizont haben kann.","breadcrumb":{"@id":"https:\/\/renaix.com\/de\/jobressourcen-2\/ressourcen-fuer-cfo-stellenrollen\/#breadcrumb"},"inLanguage":"de","potentialAction":[{"@type":"ReadAction","target":["https:\/\/renaix.com\/de\/jobressourcen-2\/ressourcen-fuer-cfo-stellenrollen\/"]}]},{"@type":"BreadcrumbList","@id":"https:\/\/renaix.com\/de\/jobressourcen-2\/ressourcen-fuer-cfo-stellenrollen\/#breadcrumb","itemListElement":[{"@type":"ListItem","position":1,"name":"Home","item":"https:\/\/www.renaix.com\/de\/"},{"@type":"ListItem","position":2,"name":"Jobressourcen","item":"https:\/\/www.renaix.com\/de\/jobressourcen-2\/"},{"@type":"ListItem","position":3,"name":"Ressourcen f\u00fcr CFO-Stellenrollen"}]},{"@type":"WebSite","@id":"https:\/\/www.renaix.com\/de\/#website","url":"https:\/\/www.renaix.com\/de\/","name":"Renaix - Recruiting For The Future Of Global Business","description":"Renaix is an international recruitment and executive search consultancy, specialising in placing senior management, finance and audit professionals","publisher":{"@id":"https:\/\/www.renaix.com\/de\/#organization"},"potentialAction":[{"@type":"SearchAction","target":{"@type":"EntryPoint","urlTemplate":"https:\/\/www.renaix.com\/de\/?s={search_term_string}"},"query-input":{"@type":"PropertyValueSpecification","valueRequired":true,"valueName":"search_term_string"}}],"inLanguage":"de"},{"@type":"Organization","@id":"https:\/\/www.renaix.com\/de\/#organization","name":"Renaix Recruitment","url":"https:\/\/www.renaix.com\/de\/","logo":{"@type":"ImageObject","inLanguage":"de","@id":"https:\/\/www.renaix.com\/de\/#\/schema\/logo\/image\/","url":"https:\/\/renaix.com\/wp-content\/uploads\/2017\/06\/renaix-logo-2.png","contentUrl":"https:\/\/renaix.com\/wp-content\/uploads\/2017\/06\/renaix-logo-2.png","width":200,"height":32,"caption":"Renaix Recruitment"},"image":{"@id":"https:\/\/www.renaix.com\/de\/#\/schema\/logo\/image\/"},"sameAs":["https:\/\/www.facebook.com\/Renaix","https:\/\/x.com\/renaixRec","https:\/\/www.linkedin.com\/company\/renaix\/"]}]}},"_links":{"self":[{"href":"https:\/\/renaix.com\/de\/wp-json\/wp\/v2\/pages\/24554","targetHints":{"allow":["GET"]}}],"collection":[{"href":"https:\/\/renaix.com\/de\/wp-json\/wp\/v2\/pages"}],"about":[{"href":"https:\/\/renaix.com\/de\/wp-json\/wp\/v2\/types\/page"}],"author":[{"embeddable":true,"href":"https:\/\/renaix.com\/de\/wp-json\/wp\/v2\/users\/32"}],"replies":[{"embeddable":true,"href":"https:\/\/renaix.com\/de\/wp-json\/wp\/v2\/comments?post=24554"}],"version-history":[{"count":1,"href":"https:\/\/renaix.com\/de\/wp-json\/wp\/v2\/pages\/24554\/revisions"}],"predecessor-version":[{"id":24555,"href":"https:\/\/renaix.com\/de\/wp-json\/wp\/v2\/pages\/24554\/revisions\/24555"}],"up":[{"embeddable":true,"href":"https:\/\/renaix.com\/de\/wp-json\/wp\/v2\/pages\/14967"}],"wp:attachment":[{"href":"https:\/\/renaix.com\/de\/wp-json\/wp\/v2\/media?parent=24554"}],"curies":[{"name":"wp","href":"https:\/\/api.w.org\/{rel}","templated":true}]}}