{"id":27873,"date":"2025-06-25T16:22:46","date_gmt":"2025-06-25T16:22:46","guid":{"rendered":"https:\/\/renaix.com\/internal-audit-manager-cv-template-examples\/"},"modified":"2025-07-17T13:47:36","modified_gmt":"2025-07-17T13:47:36","slug":"internal-audit-manager-cv-template-examples","status":"publish","type":"page","link":"https:\/\/renaix.com\/de\/internal-audit-manager-cv-template-examples\/","title":{"rendered":"Internal Audit Manager Lebenslauf, Vorlage &amp; Beispiele"},"content":{"rendered":"","protected":false},"excerpt":{"rendered":"","protected":false},"author":4,"featured_media":0,"parent":0,"menu_order":0,"comment_status":"closed","ping_status":"closed","template":"","meta":{"_acf_changed":false,"footnotes":""},"class_list":["post-27873","page","type-page","status-publish","hentry"],"acf":[],"yoast_head":"<!-- This site is optimized with the Yoast SEO Premium plugin v27.6 (Yoast SEO v27.6) - https:\/\/yoast.com\/product\/yoast-seo-premium-wordpress\/ -->\n<title>Internal Audit Manager Lebenslauf, Vorlage &amp; Beispiele<\/title>\n<meta name=\"description\" content=\"Warum Ihr Lebenslauf wichtig ist. Als Internal Audit Manager ist Ihr Lebenslauf nicht nur ein Katalog von Audit-Projekten \u2013 es ist Ihre berufliche Erz\u00e4hlung. Es muss Ihre F\u00e4higkeit unter Beweis stellen, risikobasierte \u00dcberpr\u00fcfungen zu leiten, interne Kontrollen zu verbessern und durch objektive Sicherheit einen realen Mehrwert zu bieten. Um sich von der Masse abzuheben, muss Ihr Lebenslauf zeigen, wie Sie die Gesch\u00e4ftsergebnisse beeinflusst haben, indem Sie Pr\u00fcfungsergebnisse in strategische Verbesserungen umgewandelt haben.\" \/>\n<meta name=\"robots\" content=\"index, follow, max-snippet:-1, max-image-preview:large, max-video-preview:-1\" \/>\n<link rel=\"canonical\" href=\"https:\/\/renaix.com\/de\/internal-audit-manager-cv-template-examples\/\" \/>\n<meta property=\"og:locale\" content=\"de_DE\" \/>\n<meta property=\"og:type\" content=\"article\" \/>\n<meta property=\"og:title\" content=\"Internal Audit Manager Lebenslauf, Vorlage &amp; Beispiele\" \/>\n<meta property=\"og:description\" content=\"Warum Ihr Lebenslauf wichtig ist. Als Internal Audit Manager ist Ihr Lebenslauf nicht nur ein Katalog von Audit-Projekten \u2013 es ist Ihre berufliche Erz\u00e4hlung. Es muss Ihre F\u00e4higkeit unter Beweis stellen, risikobasierte \u00dcberpr\u00fcfungen zu leiten, interne Kontrollen zu verbessern und durch objektive Sicherheit einen realen Mehrwert zu bieten. Um sich von der Masse abzuheben, muss Ihr Lebenslauf zeigen, wie Sie die Gesch\u00e4ftsergebnisse beeinflusst haben, indem Sie Pr\u00fcfungsergebnisse in strategische Verbesserungen umgewandelt haben.\" \/>\n<meta property=\"og:url\" content=\"https:\/\/renaix.com\/de\/internal-audit-manager-cv-template-examples\/\" \/>\n<meta property=\"og:site_name\" content=\"Renaix - Recruiting For The Future Of Global Business\" \/>\n<meta property=\"article:publisher\" content=\"https:\/\/www.facebook.com\/Renaix\" \/>\n<meta property=\"article:modified_time\" content=\"2025-07-17T13:47:36+00:00\" \/>\n<meta name=\"twitter:card\" content=\"summary_large_image\" \/>\n<meta name=\"twitter:site\" content=\"@renaixRec\" \/>\n<script type=\"application\/ld+json\" class=\"yoast-schema-graph\">{\"@context\":\"https:\\\/\\\/schema.org\",\"@graph\":[{\"@type\":\"WebPage\",\"@id\":\"https:\\\/\\\/renaix.com\\\/de\\\/internal-audit-manager-cv-template-examples\\\/\",\"url\":\"https:\\\/\\\/renaix.com\\\/de\\\/internal-audit-manager-cv-template-examples\\\/\",\"name\":\"Internal Audit Manager Lebenslauf, Vorlage & Beispiele\",\"isPartOf\":{\"@id\":\"https:\\\/\\\/www.renaix.com\\\/de\\\/#website\"},\"datePublished\":\"2025-06-25T16:22:46+00:00\",\"dateModified\":\"2025-07-17T13:47:36+00:00\",\"description\":\"Warum Ihr Lebenslauf wichtig ist. Als Internal Audit Manager ist Ihr Lebenslauf nicht nur ein Katalog von Audit-Projekten \u2013 es ist Ihre berufliche Erz\u00e4hlung. Es muss Ihre F\u00e4higkeit unter Beweis stellen, risikobasierte \u00dcberpr\u00fcfungen zu leiten, interne Kontrollen zu verbessern und durch objektive Sicherheit einen realen Mehrwert zu bieten. Um sich von der Masse abzuheben, muss Ihr Lebenslauf zeigen, wie Sie die Gesch\u00e4ftsergebnisse beeinflusst haben, indem Sie Pr\u00fcfungsergebnisse in strategische Verbesserungen umgewandelt haben.\",\"breadcrumb\":{\"@id\":\"https:\\\/\\\/renaix.com\\\/de\\\/internal-audit-manager-cv-template-examples\\\/#breadcrumb\"},\"inLanguage\":\"de\",\"potentialAction\":[{\"@type\":\"ReadAction\",\"target\":[\"https:\\\/\\\/renaix.com\\\/de\\\/internal-audit-manager-cv-template-examples\\\/\"]}]},{\"@type\":\"BreadcrumbList\",\"@id\":\"https:\\\/\\\/renaix.com\\\/de\\\/internal-audit-manager-cv-template-examples\\\/#breadcrumb\",\"itemListElement\":[{\"@type\":\"ListItem\",\"position\":1,\"name\":\"Home\",\"item\":\"https:\\\/\\\/www.renaix.com\\\/de\\\/\"},{\"@type\":\"ListItem\",\"position\":2,\"name\":\"Internal Audit Manager Lebenslauf, Vorlage &amp; Beispiele\"}]},{\"@type\":\"WebSite\",\"@id\":\"https:\\\/\\\/www.renaix.com\\\/de\\\/#website\",\"url\":\"https:\\\/\\\/www.renaix.com\\\/de\\\/\",\"name\":\"Renaix - Recruiting For The Future Of Global Business\",\"description\":\"Renaix is an international recruitment and executive search consultancy, specialising in placing senior management, finance and audit professionals\",\"publisher\":{\"@id\":\"https:\\\/\\\/www.renaix.com\\\/de\\\/#organization\"},\"potentialAction\":[{\"@type\":\"SearchAction\",\"target\":{\"@type\":\"EntryPoint\",\"urlTemplate\":\"https:\\\/\\\/www.renaix.com\\\/de\\\/?s={search_term_string}\"},\"query-input\":{\"@type\":\"PropertyValueSpecification\",\"valueRequired\":true,\"valueName\":\"search_term_string\"}}],\"inLanguage\":\"de\"},{\"@type\":\"Organization\",\"@id\":\"https:\\\/\\\/www.renaix.com\\\/de\\\/#organization\",\"name\":\"Renaix Recruitment\",\"url\":\"https:\\\/\\\/www.renaix.com\\\/de\\\/\",\"logo\":{\"@type\":\"ImageObject\",\"inLanguage\":\"de\",\"@id\":\"https:\\\/\\\/www.renaix.com\\\/de\\\/#\\\/schema\\\/logo\\\/image\\\/\",\"url\":\"https:\\\/\\\/renaix.com\\\/wp-content\\\/uploads\\\/2017\\\/06\\\/renaix-logo-2.png\",\"contentUrl\":\"https:\\\/\\\/renaix.com\\\/wp-content\\\/uploads\\\/2017\\\/06\\\/renaix-logo-2.png\",\"width\":200,\"height\":32,\"caption\":\"Renaix Recruitment\"},\"image\":{\"@id\":\"https:\\\/\\\/www.renaix.com\\\/de\\\/#\\\/schema\\\/logo\\\/image\\\/\"},\"sameAs\":[\"https:\\\/\\\/www.facebook.com\\\/Renaix\",\"https:\\\/\\\/x.com\\\/renaixRec\",\"https:\\\/\\\/www.linkedin.com\\\/company\\\/renaix\\\/\"]}]}<\/script>\n<!-- \/ Yoast SEO Premium plugin. -->","yoast_head_json":{"title":"Internal Audit Manager Lebenslauf, Vorlage & Beispiele","description":"Warum Ihr Lebenslauf wichtig ist. Als Internal Audit Manager ist Ihr Lebenslauf nicht nur ein Katalog von Audit-Projekten \u2013 es ist Ihre berufliche Erz\u00e4hlung. Es muss Ihre F\u00e4higkeit unter Beweis stellen, risikobasierte \u00dcberpr\u00fcfungen zu leiten, interne Kontrollen zu verbessern und durch objektive Sicherheit einen realen Mehrwert zu bieten. Um sich von der Masse abzuheben, muss Ihr Lebenslauf zeigen, wie Sie die Gesch\u00e4ftsergebnisse beeinflusst haben, indem Sie Pr\u00fcfungsergebnisse in strategische Verbesserungen umgewandelt haben.","robots":{"index":"index","follow":"follow","max-snippet":"max-snippet:-1","max-image-preview":"max-image-preview:large","max-video-preview":"max-video-preview:-1"},"canonical":"https:\/\/renaix.com\/de\/internal-audit-manager-cv-template-examples\/","og_locale":"de_DE","og_type":"article","og_title":"Internal Audit Manager Lebenslauf, Vorlage &amp; Beispiele","og_description":"Warum Ihr Lebenslauf wichtig ist. Als Internal Audit Manager ist Ihr Lebenslauf nicht nur ein Katalog von Audit-Projekten \u2013 es ist Ihre berufliche Erz\u00e4hlung. Es muss Ihre F\u00e4higkeit unter Beweis stellen, risikobasierte \u00dcberpr\u00fcfungen zu leiten, interne Kontrollen zu verbessern und durch objektive Sicherheit einen realen Mehrwert zu bieten. Um sich von der Masse abzuheben, muss Ihr Lebenslauf zeigen, wie Sie die Gesch\u00e4ftsergebnisse beeinflusst haben, indem Sie Pr\u00fcfungsergebnisse in strategische Verbesserungen umgewandelt haben.","og_url":"https:\/\/renaix.com\/de\/internal-audit-manager-cv-template-examples\/","og_site_name":"Renaix - Recruiting For The Future Of Global Business","article_publisher":"https:\/\/www.facebook.com\/Renaix","article_modified_time":"2025-07-17T13:47:36+00:00","twitter_card":"summary_large_image","twitter_site":"@renaixRec","schema":{"@context":"https:\/\/schema.org","@graph":[{"@type":"WebPage","@id":"https:\/\/renaix.com\/de\/internal-audit-manager-cv-template-examples\/","url":"https:\/\/renaix.com\/de\/internal-audit-manager-cv-template-examples\/","name":"Internal Audit Manager Lebenslauf, Vorlage & Beispiele","isPartOf":{"@id":"https:\/\/www.renaix.com\/de\/#website"},"datePublished":"2025-06-25T16:22:46+00:00","dateModified":"2025-07-17T13:47:36+00:00","description":"Warum Ihr Lebenslauf wichtig ist. Als Internal Audit Manager ist Ihr Lebenslauf nicht nur ein Katalog von Audit-Projekten \u2013 es ist Ihre berufliche Erz\u00e4hlung. Es muss Ihre F\u00e4higkeit unter Beweis stellen, risikobasierte \u00dcberpr\u00fcfungen zu leiten, interne Kontrollen zu verbessern und durch objektive Sicherheit einen realen Mehrwert zu bieten. Um sich von der Masse abzuheben, muss Ihr Lebenslauf zeigen, wie Sie die Gesch\u00e4ftsergebnisse beeinflusst haben, indem Sie Pr\u00fcfungsergebnisse in strategische Verbesserungen umgewandelt haben.","breadcrumb":{"@id":"https:\/\/renaix.com\/de\/internal-audit-manager-cv-template-examples\/#breadcrumb"},"inLanguage":"de","potentialAction":[{"@type":"ReadAction","target":["https:\/\/renaix.com\/de\/internal-audit-manager-cv-template-examples\/"]}]},{"@type":"BreadcrumbList","@id":"https:\/\/renaix.com\/de\/internal-audit-manager-cv-template-examples\/#breadcrumb","itemListElement":[{"@type":"ListItem","position":1,"name":"Home","item":"https:\/\/www.renaix.com\/de\/"},{"@type":"ListItem","position":2,"name":"Internal Audit Manager Lebenslauf, Vorlage &amp; Beispiele"}]},{"@type":"WebSite","@id":"https:\/\/www.renaix.com\/de\/#website","url":"https:\/\/www.renaix.com\/de\/","name":"Renaix - Recruiting For The Future Of Global Business","description":"Renaix is an international recruitment and executive search consultancy, specialising in placing senior management, finance and audit professionals","publisher":{"@id":"https:\/\/www.renaix.com\/de\/#organization"},"potentialAction":[{"@type":"SearchAction","target":{"@type":"EntryPoint","urlTemplate":"https:\/\/www.renaix.com\/de\/?s={search_term_string}"},"query-input":{"@type":"PropertyValueSpecification","valueRequired":true,"valueName":"search_term_string"}}],"inLanguage":"de"},{"@type":"Organization","@id":"https:\/\/www.renaix.com\/de\/#organization","name":"Renaix Recruitment","url":"https:\/\/www.renaix.com\/de\/","logo":{"@type":"ImageObject","inLanguage":"de","@id":"https:\/\/www.renaix.com\/de\/#\/schema\/logo\/image\/","url":"https:\/\/renaix.com\/wp-content\/uploads\/2017\/06\/renaix-logo-2.png","contentUrl":"https:\/\/renaix.com\/wp-content\/uploads\/2017\/06\/renaix-logo-2.png","width":200,"height":32,"caption":"Renaix Recruitment"},"image":{"@id":"https:\/\/www.renaix.com\/de\/#\/schema\/logo\/image\/"},"sameAs":["https:\/\/www.facebook.com\/Renaix","https:\/\/x.com\/renaixRec","https:\/\/www.linkedin.com\/company\/renaix\/"]}]}},"_links":{"self":[{"href":"https:\/\/renaix.com\/de\/wp-json\/wp\/v2\/pages\/27873","targetHints":{"allow":["GET"]}}],"collection":[{"href":"https:\/\/renaix.com\/de\/wp-json\/wp\/v2\/pages"}],"about":[{"href":"https:\/\/renaix.com\/de\/wp-json\/wp\/v2\/types\/page"}],"author":[{"embeddable":true,"href":"https:\/\/renaix.com\/de\/wp-json\/wp\/v2\/users\/4"}],"replies":[{"embeddable":true,"href":"https:\/\/renaix.com\/de\/wp-json\/wp\/v2\/comments?post=27873"}],"version-history":[{"count":1,"href":"https:\/\/renaix.com\/de\/wp-json\/wp\/v2\/pages\/27873\/revisions"}],"predecessor-version":[{"id":27941,"href":"https:\/\/renaix.com\/de\/wp-json\/wp\/v2\/pages\/27873\/revisions\/27941"}],"wp:attachment":[{"href":"https:\/\/renaix.com\/de\/wp-json\/wp\/v2\/media?parent=27873"}],"curies":[{"name":"wp","href":"https:\/\/api.w.org\/{rel}","templated":true}]}}