{"id":27894,"date":"2025-07-10T18:25:56","date_gmt":"2025-07-10T18:25:56","guid":{"rendered":"https:\/\/renaix.com\/internal-audit-manager-qualifications-skills\/"},"modified":"2025-07-17T16:27:45","modified_gmt":"2025-07-17T16:27:45","slug":"internal-audit-manager-qualifications-skills","status":"publish","type":"page","link":"https:\/\/renaix.com\/de\/internal-audit-manager-qualifications-skills\/","title":{"rendered":"Internal Audit Manager \u2013 Qualifikationen &amp; F\u00e4higkeiten"},"content":{"rendered":"","protected":false},"excerpt":{"rendered":"","protected":false},"author":4,"featured_media":0,"parent":0,"menu_order":0,"comment_status":"closed","ping_status":"closed","template":"","meta":{"_acf_changed":false,"footnotes":""},"class_list":["post-27894","page","type-page","status-publish","hentry"],"acf":[],"yoast_head":"<!-- This site is optimized with the Yoast SEO Premium plugin v27.6 (Yoast SEO v27.6) - https:\/\/yoast.com\/product\/yoast-seo-premium-wordpress\/ -->\n<title>Internal Audit Manager \u2013 Qualifikationen &amp; F\u00e4higkeiten<\/title>\n<meta name=\"description\" content=\"Manager f\u00fcr interne Revision \u2013 Qualifikationen und F\u00e4higkeiten. Ein Internal Audit Manager ist eine strategische F\u00fchrungskraft, die f\u00fcr die F\u00f6rderung der Sicherheit, der Risiko\u00fcberwachung und der Governance innerhalb eines Unternehmens verantwortlich ist. Diese Rolle geht \u00fcber das grundlegende Auditing hinaus. Es erfordert eine Mischung aus technischem Scharfsinn, strategischem Verst\u00e4ndnis und starkem Stakeholder-Engagement, \u00e4hnlich wie F\u00fchrungsrollen im Finanzbereich.\" \/>\n<meta name=\"robots\" content=\"index, follow, max-snippet:-1, max-image-preview:large, max-video-preview:-1\" \/>\n<link rel=\"canonical\" href=\"https:\/\/renaix.com\/de\/internal-audit-manager-qualifications-skills\/\" \/>\n<meta property=\"og:locale\" content=\"de_DE\" \/>\n<meta property=\"og:type\" content=\"article\" \/>\n<meta property=\"og:title\" content=\"Internal Audit Manager \u2013 Qualifikationen &amp; F\u00e4higkeiten\" \/>\n<meta property=\"og:description\" content=\"Manager f\u00fcr interne Revision \u2013 Qualifikationen und F\u00e4higkeiten. Ein Internal Audit Manager ist eine strategische F\u00fchrungskraft, die f\u00fcr die F\u00f6rderung der Sicherheit, der Risiko\u00fcberwachung und der Governance innerhalb eines Unternehmens verantwortlich ist. Diese Rolle geht \u00fcber das grundlegende Auditing hinaus. Es erfordert eine Mischung aus technischem Scharfsinn, strategischem Verst\u00e4ndnis und starkem Stakeholder-Engagement, \u00e4hnlich wie F\u00fchrungsrollen im Finanzbereich.\" \/>\n<meta property=\"og:url\" content=\"https:\/\/renaix.com\/de\/internal-audit-manager-qualifications-skills\/\" \/>\n<meta property=\"og:site_name\" content=\"Renaix - Recruiting For The Future Of Global Business\" \/>\n<meta property=\"article:publisher\" content=\"https:\/\/www.facebook.com\/Renaix\" \/>\n<meta property=\"article:modified_time\" content=\"2025-07-17T16:27:45+00:00\" \/>\n<meta name=\"twitter:card\" content=\"summary_large_image\" \/>\n<meta name=\"twitter:site\" content=\"@renaixRec\" \/>\n<script type=\"application\/ld+json\" class=\"yoast-schema-graph\">{\"@context\":\"https:\\\/\\\/schema.org\",\"@graph\":[{\"@type\":\"WebPage\",\"@id\":\"https:\\\/\\\/renaix.com\\\/de\\\/internal-audit-manager-qualifications-skills\\\/\",\"url\":\"https:\\\/\\\/renaix.com\\\/de\\\/internal-audit-manager-qualifications-skills\\\/\",\"name\":\"Internal Audit Manager \u2013 Qualifikationen & F\u00e4higkeiten\",\"isPartOf\":{\"@id\":\"https:\\\/\\\/www.renaix.com\\\/de\\\/#website\"},\"datePublished\":\"2025-07-10T18:25:56+00:00\",\"dateModified\":\"2025-07-17T16:27:45+00:00\",\"description\":\"Manager f\u00fcr interne Revision \u2013 Qualifikationen und F\u00e4higkeiten. Ein Internal Audit Manager ist eine strategische F\u00fchrungskraft, die f\u00fcr die F\u00f6rderung der Sicherheit, der Risiko\u00fcberwachung und der Governance innerhalb eines Unternehmens verantwortlich ist. Diese Rolle geht \u00fcber das grundlegende Auditing hinaus. Es erfordert eine Mischung aus technischem Scharfsinn, strategischem Verst\u00e4ndnis und starkem Stakeholder-Engagement, \u00e4hnlich wie F\u00fchrungsrollen im Finanzbereich.\",\"breadcrumb\":{\"@id\":\"https:\\\/\\\/renaix.com\\\/de\\\/internal-audit-manager-qualifications-skills\\\/#breadcrumb\"},\"inLanguage\":\"de\",\"potentialAction\":[{\"@type\":\"ReadAction\",\"target\":[\"https:\\\/\\\/renaix.com\\\/de\\\/internal-audit-manager-qualifications-skills\\\/\"]}]},{\"@type\":\"BreadcrumbList\",\"@id\":\"https:\\\/\\\/renaix.com\\\/de\\\/internal-audit-manager-qualifications-skills\\\/#breadcrumb\",\"itemListElement\":[{\"@type\":\"ListItem\",\"position\":1,\"name\":\"Home\",\"item\":\"https:\\\/\\\/www.renaix.com\\\/de\\\/\"},{\"@type\":\"ListItem\",\"position\":2,\"name\":\"Internal Audit Manager \u2013 Qualifikationen &amp; F\u00e4higkeiten\"}]},{\"@type\":\"WebSite\",\"@id\":\"https:\\\/\\\/www.renaix.com\\\/de\\\/#website\",\"url\":\"https:\\\/\\\/www.renaix.com\\\/de\\\/\",\"name\":\"Renaix - Recruiting For The Future Of Global Business\",\"description\":\"Renaix is an international recruitment and executive search consultancy, specialising in placing senior management, finance and audit professionals\",\"publisher\":{\"@id\":\"https:\\\/\\\/www.renaix.com\\\/de\\\/#organization\"},\"potentialAction\":[{\"@type\":\"SearchAction\",\"target\":{\"@type\":\"EntryPoint\",\"urlTemplate\":\"https:\\\/\\\/www.renaix.com\\\/de\\\/?s={search_term_string}\"},\"query-input\":{\"@type\":\"PropertyValueSpecification\",\"valueRequired\":true,\"valueName\":\"search_term_string\"}}],\"inLanguage\":\"de\"},{\"@type\":\"Organization\",\"@id\":\"https:\\\/\\\/www.renaix.com\\\/de\\\/#organization\",\"name\":\"Renaix Recruitment\",\"url\":\"https:\\\/\\\/www.renaix.com\\\/de\\\/\",\"logo\":{\"@type\":\"ImageObject\",\"inLanguage\":\"de\",\"@id\":\"https:\\\/\\\/www.renaix.com\\\/de\\\/#\\\/schema\\\/logo\\\/image\\\/\",\"url\":\"https:\\\/\\\/renaix.com\\\/wp-content\\\/uploads\\\/2017\\\/06\\\/renaix-logo-2.png\",\"contentUrl\":\"https:\\\/\\\/renaix.com\\\/wp-content\\\/uploads\\\/2017\\\/06\\\/renaix-logo-2.png\",\"width\":200,\"height\":32,\"caption\":\"Renaix Recruitment\"},\"image\":{\"@id\":\"https:\\\/\\\/www.renaix.com\\\/de\\\/#\\\/schema\\\/logo\\\/image\\\/\"},\"sameAs\":[\"https:\\\/\\\/www.facebook.com\\\/Renaix\",\"https:\\\/\\\/x.com\\\/renaixRec\",\"https:\\\/\\\/www.linkedin.com\\\/company\\\/renaix\\\/\"]}]}<\/script>\n<!-- \/ Yoast SEO Premium plugin. -->","yoast_head_json":{"title":"Internal Audit Manager \u2013 Qualifikationen & F\u00e4higkeiten","description":"Manager f\u00fcr interne Revision \u2013 Qualifikationen und F\u00e4higkeiten. Ein Internal Audit Manager ist eine strategische F\u00fchrungskraft, die f\u00fcr die F\u00f6rderung der Sicherheit, der Risiko\u00fcberwachung und der Governance innerhalb eines Unternehmens verantwortlich ist. Diese Rolle geht \u00fcber das grundlegende Auditing hinaus. Es erfordert eine Mischung aus technischem Scharfsinn, strategischem Verst\u00e4ndnis und starkem Stakeholder-Engagement, \u00e4hnlich wie F\u00fchrungsrollen im Finanzbereich.","robots":{"index":"index","follow":"follow","max-snippet":"max-snippet:-1","max-image-preview":"max-image-preview:large","max-video-preview":"max-video-preview:-1"},"canonical":"https:\/\/renaix.com\/de\/internal-audit-manager-qualifications-skills\/","og_locale":"de_DE","og_type":"article","og_title":"Internal Audit Manager \u2013 Qualifikationen &amp; F\u00e4higkeiten","og_description":"Manager f\u00fcr interne Revision \u2013 Qualifikationen und F\u00e4higkeiten. Ein Internal Audit Manager ist eine strategische F\u00fchrungskraft, die f\u00fcr die F\u00f6rderung der Sicherheit, der Risiko\u00fcberwachung und der Governance innerhalb eines Unternehmens verantwortlich ist. Diese Rolle geht \u00fcber das grundlegende Auditing hinaus. Es erfordert eine Mischung aus technischem Scharfsinn, strategischem Verst\u00e4ndnis und starkem Stakeholder-Engagement, \u00e4hnlich wie F\u00fchrungsrollen im Finanzbereich.","og_url":"https:\/\/renaix.com\/de\/internal-audit-manager-qualifications-skills\/","og_site_name":"Renaix - Recruiting For The Future Of Global Business","article_publisher":"https:\/\/www.facebook.com\/Renaix","article_modified_time":"2025-07-17T16:27:45+00:00","twitter_card":"summary_large_image","twitter_site":"@renaixRec","schema":{"@context":"https:\/\/schema.org","@graph":[{"@type":"WebPage","@id":"https:\/\/renaix.com\/de\/internal-audit-manager-qualifications-skills\/","url":"https:\/\/renaix.com\/de\/internal-audit-manager-qualifications-skills\/","name":"Internal Audit Manager \u2013 Qualifikationen & F\u00e4higkeiten","isPartOf":{"@id":"https:\/\/www.renaix.com\/de\/#website"},"datePublished":"2025-07-10T18:25:56+00:00","dateModified":"2025-07-17T16:27:45+00:00","description":"Manager f\u00fcr interne Revision \u2013 Qualifikationen und F\u00e4higkeiten. Ein Internal Audit Manager ist eine strategische F\u00fchrungskraft, die f\u00fcr die F\u00f6rderung der Sicherheit, der Risiko\u00fcberwachung und der Governance innerhalb eines Unternehmens verantwortlich ist. Diese Rolle geht \u00fcber das grundlegende Auditing hinaus. Es erfordert eine Mischung aus technischem Scharfsinn, strategischem Verst\u00e4ndnis und starkem Stakeholder-Engagement, \u00e4hnlich wie F\u00fchrungsrollen im Finanzbereich.","breadcrumb":{"@id":"https:\/\/renaix.com\/de\/internal-audit-manager-qualifications-skills\/#breadcrumb"},"inLanguage":"de","potentialAction":[{"@type":"ReadAction","target":["https:\/\/renaix.com\/de\/internal-audit-manager-qualifications-skills\/"]}]},{"@type":"BreadcrumbList","@id":"https:\/\/renaix.com\/de\/internal-audit-manager-qualifications-skills\/#breadcrumb","itemListElement":[{"@type":"ListItem","position":1,"name":"Home","item":"https:\/\/www.renaix.com\/de\/"},{"@type":"ListItem","position":2,"name":"Internal Audit Manager \u2013 Qualifikationen &amp; F\u00e4higkeiten"}]},{"@type":"WebSite","@id":"https:\/\/www.renaix.com\/de\/#website","url":"https:\/\/www.renaix.com\/de\/","name":"Renaix - Recruiting For The Future Of Global Business","description":"Renaix is an international recruitment and executive search consultancy, specialising in placing senior management, finance and audit professionals","publisher":{"@id":"https:\/\/www.renaix.com\/de\/#organization"},"potentialAction":[{"@type":"SearchAction","target":{"@type":"EntryPoint","urlTemplate":"https:\/\/www.renaix.com\/de\/?s={search_term_string}"},"query-input":{"@type":"PropertyValueSpecification","valueRequired":true,"valueName":"search_term_string"}}],"inLanguage":"de"},{"@type":"Organization","@id":"https:\/\/www.renaix.com\/de\/#organization","name":"Renaix Recruitment","url":"https:\/\/www.renaix.com\/de\/","logo":{"@type":"ImageObject","inLanguage":"de","@id":"https:\/\/www.renaix.com\/de\/#\/schema\/logo\/image\/","url":"https:\/\/renaix.com\/wp-content\/uploads\/2017\/06\/renaix-logo-2.png","contentUrl":"https:\/\/renaix.com\/wp-content\/uploads\/2017\/06\/renaix-logo-2.png","width":200,"height":32,"caption":"Renaix Recruitment"},"image":{"@id":"https:\/\/www.renaix.com\/de\/#\/schema\/logo\/image\/"},"sameAs":["https:\/\/www.facebook.com\/Renaix","https:\/\/x.com\/renaixRec","https:\/\/www.linkedin.com\/company\/renaix\/"]}]}},"_links":{"self":[{"href":"https:\/\/renaix.com\/de\/wp-json\/wp\/v2\/pages\/27894","targetHints":{"allow":["GET"]}}],"collection":[{"href":"https:\/\/renaix.com\/de\/wp-json\/wp\/v2\/pages"}],"about":[{"href":"https:\/\/renaix.com\/de\/wp-json\/wp\/v2\/types\/page"}],"author":[{"embeddable":true,"href":"https:\/\/renaix.com\/de\/wp-json\/wp\/v2\/users\/4"}],"replies":[{"embeddable":true,"href":"https:\/\/renaix.com\/de\/wp-json\/wp\/v2\/comments?post=27894"}],"version-history":[{"count":1,"href":"https:\/\/renaix.com\/de\/wp-json\/wp\/v2\/pages\/27894\/revisions"}],"predecessor-version":[{"id":27895,"href":"https:\/\/renaix.com\/de\/wp-json\/wp\/v2\/pages\/27894\/revisions\/27895"}],"wp:attachment":[{"href":"https:\/\/renaix.com\/de\/wp-json\/wp\/v2\/media?parent=27894"}],"curies":[{"name":"wp","href":"https:\/\/api.w.org\/{rel}","templated":true}]}}